{"id":18967,"date":"2024-10-11T16:37:55","date_gmt":"2024-10-11T14:37:55","guid":{"rendered":"https:\/\/greenkingdom.ch\/product\/biobizz-bio-heaven-1l\/"},"modified":"2024-10-11T16:37:55","modified_gmt":"2024-10-11T14:37:55","slug":"biobizz-bio-heaven-1l","status":"publish","type":"product","link":"https:\/\/greenkingdom.ch\/de\/produkt\/biobizz-bio-heaven-1l\/","title":{"rendered":"BioBizz Bio Heaven 1L"},"content":{"rendered":"<p>Mit Bio\u00b7 Himmel, schenke Deinen Pflanzen ein transzendentes Wachstumserlebnis. Dieses Produkt ist vollgepackt mit organischen Stimulanzien wie Aminos\u00e4uren, die f\u00fcr die Vitalit\u00e4t und Gesundheit Ihrer Pflanzen unerl\u00e4sslich sind. Seine spezielle Formel verbessert die N\u00e4hrstoffverteilung und befreit die Pflanzen von Giftstoffen, st\u00e4rkt ihr antioxidatives System und f\u00f6rdert die Chlorophyllproduktion. W\u00e4hrend des gesamten Wachstums- und Bl\u00fctezyklus, auf verschiedenen Substraten und hydroponischen Systemen verwendbar, Bio\u00b7 Heaven bietet eine enzymatische Stimulation und eine bessere N\u00e4hrstoffaufnahme, so dass Ihre Pflanzen ihr volles Potenzial entfalten k\u00f6nnen. Verw\u00f6hnen Sie Ihre Pflanzen mit dem g\u00f6ttlichen Elixier von Bio\u00b7 Himmel und sieh zu, wie sie gedeihen wie nie zuvor. \ud83c\udf3f EAN: 8718403231526 <\/p>\n","protected":false},"excerpt":{"rendered":"<p>Mit Bio\u00b7 Himmel, schenke Deinen Pflanzen ein transzendentes Wachstumserlebnis. Dieses Produkt ist vollgepackt mit organischen Stimulanzien wie Aminos\u00e4uren, die f\u00fcr die Vitalit\u00e4t und Gesundheit Ihrer Pflanzen unerl\u00e4sslich sind. Seine spezielle Formel verbessert die N\u00e4hrstoffverteilung und befreit die Pflanzen von Giftstoffen, st\u00e4rkt ihr antioxidatives System und f\u00f6rdert die Chlorophyllproduktion. W\u00e4hrend des gesamten Wachstums- und Bl\u00fctezyklus, auf [&hellip;]<\/p>\n","protected":false},"featured_media":8785,"comment_status":"open","ping_status":"closed","template":"","meta":{"_seopress_robots_primary_cat":"","_seopress_titles_title":"","_seopress_titles_desc":"","_seopress_robots_index":""},"product_brand":[],"product_cat":[571],"product_tag":[],"class_list":{"0":"post-18967","1":"product","2":"type-product","3":"status-publish","4":"has-post-thumbnail","6":"product_cat-biobizz-de","9":"instock","10":"taxable","11":"shipping-taxable","12":"purchasable","13":"product-type-simple","14":"product-grid-view"},"_links":{"self":[{"href":"https:\/\/greenkingdom.ch\/de\/wp-json\/wp\/v2\/product\/18967","targetHints":{"allow":["GET"]}}],"collection":[{"href":"https:\/\/greenkingdom.ch\/de\/wp-json\/wp\/v2\/product"}],"about":[{"href":"https:\/\/greenkingdom.ch\/de\/wp-json\/wp\/v2\/types\/product"}],"replies":[{"embeddable":true,"href":"https:\/\/greenkingdom.ch\/de\/wp-json\/wp\/v2\/comments?post=18967"}],"version-history":[{"count":0,"href":"https:\/\/greenkingdom.ch\/de\/wp-json\/wp\/v2\/product\/18967\/revisions"}],"wp:featuredmedia":[{"embeddable":true,"href":"https:\/\/greenkingdom.ch\/de\/wp-json\/wp\/v2\/media\/8785"}],"wp:attachment":[{"href":"https:\/\/greenkingdom.ch\/de\/wp-json\/wp\/v2\/media?parent=18967"}],"wp:term":[{"taxonomy":"product_brand","embeddable":true,"href":"https:\/\/greenkingdom.ch\/de\/wp-json\/wp\/v2\/product_brand?post=18967"},{"taxonomy":"product_cat","embeddable":true,"href":"https:\/\/greenkingdom.ch\/de\/wp-json\/wp\/v2\/product_cat?post=18967"},{"taxonomy":"product_tag","embeddable":true,"href":"https:\/\/greenkingdom.ch\/de\/wp-json\/wp\/v2\/product_tag?post=18967"}],"curies":[{"name":"wp","href":"https:\/\/api.w.org\/{rel}","templated":true}]}}