{"id":18968,"date":"2024-10-11T16:37:55","date_gmt":"2024-10-11T14:37:55","guid":{"rendered":"https:\/\/greenkingdom.ch\/product\/biobizz-top-max-1l\/"},"modified":"2024-10-11T16:37:55","modified_gmt":"2024-10-11T14:37:55","slug":"biobizz-top-max-1l","status":"publish","type":"product","link":"https:\/\/greenkingdom.ch\/de\/produkt\/biobizz-top-max-1l\/","title":{"rendered":"BioBizz Top Max 1L"},"content":{"rendered":"<p>Entdecken Sie die unvergleichlichen Vorteile dieses Bio-Bl\u00fctenstimulators in drei unwiderstehlichen Punkten. Vor allem f\u00f6rdert es das Wachstum und die F\u00fclle der Bl\u00fcten dank speziell ausgew\u00e4hlter Inhaltsstoffe. Zweitens verbessert es die Aufnahme von essentiellen N\u00e4hrstoffen. Zum Schluss noch Top\u00b7 Max verleiht den Pflanzen einen milderen und s\u00fc\u00dferen Geschmack. Seine einzigartige Rezeptur setzt wertvolle Mineralien wie Kalzium, Eisen und Magnesium frei und regt so den Stoffwechsel der Pflanzen an. W\u00e4hrend des gesamten Bl\u00fctezyklus verwendbar, Top\u00b7 Max l\u00e4sst sich nahtlos in Biobizz Substratmischungen integrieren, um optimale Ergebnisse zu erzielen. F\u00fcr ein kr\u00e4ftiges Wachstum zun\u00e4chst 1 ml des Produkts pro Liter Wasser verd\u00fcnnen und dann die Dosis vor der Ernte auf 4 ml pro Liter erh\u00f6hen. Genaue Angaben finden Sie in unserer N\u00e4hrwerttabelle. Dieses au\u00dfergew\u00f6hnliche Produkt bezieht seine Wirksamkeit aus den Humins\u00e4uren, die in Leonardit enthalten sind, einem uralten Pflanzenr\u00fcckstand, der 300 Millionen Jahre alt ist. Fulvos\u00e4uren hingegen f\u00f6rdern eine gesunde Bl\u00fcte, indem sie auf nat\u00fcrliche Weise N\u00e4hrstoffe aus dem Boden und den D\u00fcngemitteln anziehen. Zusammen stimulieren sie die Pflanzenzellen f\u00fcr ein dynamisches und regeneratives Wachstum. Lassen Sie sich von diesem einzigartigen Bl\u00fctenstimulator f\u00fcr bl\u00fchende und gierige Pflanzen verf\u00fchren.     <\/p>\n","protected":false},"excerpt":{"rendered":"<p>Entdecken Sie die unvergleichlichen Vorteile dieses Bio-Bl\u00fctenstimulators in drei unwiderstehlichen Punkten. Vor allem f\u00f6rdert es das Wachstum und die F\u00fclle der Bl\u00fcten dank speziell ausgew\u00e4hlter Inhaltsstoffe. Zweitens verbessert es die Aufnahme von essentiellen N\u00e4hrstoffen. Zum Schluss noch Top\u00b7 Max verleiht den Pflanzen einen milderen und s\u00fc\u00dferen Geschmack. Seine einzigartige Rezeptur setzt wertvolle Mineralien wie Kalzium, [&hellip;]<\/p>\n","protected":false},"featured_media":8773,"comment_status":"open","ping_status":"closed","template":"","meta":{"_seopress_robots_primary_cat":"","_seopress_titles_title":"","_seopress_titles_desc":"","_seopress_robots_index":""},"product_brand":[],"product_cat":[571],"product_tag":[],"class_list":{"0":"post-18968","1":"product","2":"type-product","3":"status-publish","4":"has-post-thumbnail","6":"product_cat-biobizz-de","9":"instock","10":"taxable","11":"shipping-taxable","12":"purchasable","13":"product-type-simple","14":"product-grid-view"},"_links":{"self":[{"href":"https:\/\/greenkingdom.ch\/de\/wp-json\/wp\/v2\/product\/18968","targetHints":{"allow":["GET"]}}],"collection":[{"href":"https:\/\/greenkingdom.ch\/de\/wp-json\/wp\/v2\/product"}],"about":[{"href":"https:\/\/greenkingdom.ch\/de\/wp-json\/wp\/v2\/types\/product"}],"replies":[{"embeddable":true,"href":"https:\/\/greenkingdom.ch\/de\/wp-json\/wp\/v2\/comments?post=18968"}],"version-history":[{"count":0,"href":"https:\/\/greenkingdom.ch\/de\/wp-json\/wp\/v2\/product\/18968\/revisions"}],"wp:featuredmedia":[{"embeddable":true,"href":"https:\/\/greenkingdom.ch\/de\/wp-json\/wp\/v2\/media\/8773"}],"wp:attachment":[{"href":"https:\/\/greenkingdom.ch\/de\/wp-json\/wp\/v2\/media?parent=18968"}],"wp:term":[{"taxonomy":"product_brand","embeddable":true,"href":"https:\/\/greenkingdom.ch\/de\/wp-json\/wp\/v2\/product_brand?post=18968"},{"taxonomy":"product_cat","embeddable":true,"href":"https:\/\/greenkingdom.ch\/de\/wp-json\/wp\/v2\/product_cat?post=18968"},{"taxonomy":"product_tag","embeddable":true,"href":"https:\/\/greenkingdom.ch\/de\/wp-json\/wp\/v2\/product_tag?post=18968"}],"curies":[{"name":"wp","href":"https:\/\/api.w.org\/{rel}","templated":true}]}}