{"id":18975,"date":"2024-10-11T16:37:55","date_gmt":"2024-10-11T14:37:55","guid":{"rendered":"https:\/\/greenkingdom.ch\/product\/biobizz-fisch-mix-1l\/"},"modified":"2024-10-11T16:37:55","modified_gmt":"2024-10-11T14:37:55","slug":"biobizz-fisch-mix-1l","status":"publish","type":"product","link":"https:\/\/greenkingdom.ch\/de\/produkt\/biobizz-fisch-mix-1l\/","title":{"rendered":"BioBizz Fisch Mix 1L"},"content":{"rendered":"<p>Dieser \u00fcppige Aufguss aus einer Bio-Fischemulsion aus der Nordsee in Kombination mit Zuckerr\u00fcbenextrakt aus den Niederlanden stimuliert das Wachstum aller Organismen im Substrat. Es f\u00f6rdert auch die Produktion von n\u00fctzlichen Mikroorganismen und Bakterien in allen Arten von B\u00f6den und Substraten auf Kokosbasis. Dar\u00fcber hinaus ist zu beachten, dass Fisch\u00b7 Mix, der unseren strengen Kriterien f\u00fcr den \u00f6kologischen Landbau entspricht, wird weder mit S\u00e4uren extrahiert noch mit Butylhydroxytoluol (BHT), einem synthetischen Konservierungsstoff, stabilisiert. Sie k\u00f6nnen Fish\u00b7 Mischen Sie alle Pflanzen im Freien ab den ersten Wachstumsphasen, dann w\u00e4hrend der Bl\u00fcte bis zur Ernte. Nach nur wenigen Tagen der Anwendung verwandelt es ersch\u00f6pfte Erde in ein reichhaltiges und nahrhaftes Substrat, das reich an nat\u00fcrlichen Mineralien ist, die f\u00fcr Ihre Pflanzen unerl\u00e4sslich sind. Sanft genug, um es zu Beginn des Pflanzenlebens zu verwenden oder w\u00e4hrend der vegetativen Wachstumsphase direkt auf die Bl\u00e4tter zu spr\u00fchen. F\u00fcr eine optimale Kombination mit All\u00b7 Mixen, wir empfehlen eine Dosis von 1 ml Fisch\u00b7 Mischen Sie pro Liter Wasser. Mit Licht\u00b7 Mischen, entscheiden Sie sich f\u00fcr eine h\u00f6here Dosis, von 2 bis 4 ml pro Liter Wasser. Schauen Sie sich unsere N\u00e4hrwerttabelle auf der Produktverpackung an, um optimale Ergebnisse zu erzielen. EAN-Code: 8718403231298  <\/p>\n","protected":false},"excerpt":{"rendered":"<p>Dieser \u00fcppige Aufguss aus einer Bio-Fischemulsion aus der Nordsee in Kombination mit Zuckerr\u00fcbenextrakt aus den Niederlanden stimuliert das Wachstum aller Organismen im Substrat. Es f\u00f6rdert auch die Produktion von n\u00fctzlichen Mikroorganismen und Bakterien in allen Arten von B\u00f6den und Substraten auf Kokosbasis. Dar\u00fcber hinaus ist zu beachten, dass Fisch\u00b7 Mix, der unseren strengen Kriterien f\u00fcr [&hellip;]<\/p>\n","protected":false},"featured_media":8767,"comment_status":"open","ping_status":"closed","template":"","meta":{"_seopress_robots_primary_cat":"","_seopress_titles_title":"","_seopress_titles_desc":"","_seopress_robots_index":""},"product_brand":[],"product_cat":[571],"product_tag":[],"class_list":{"0":"post-18975","1":"product","2":"type-product","3":"status-publish","4":"has-post-thumbnail","6":"product_cat-biobizz-de","9":"instock","10":"taxable","11":"shipping-taxable","12":"purchasable","13":"product-type-simple","14":"product-grid-view"},"_links":{"self":[{"href":"https:\/\/greenkingdom.ch\/de\/wp-json\/wp\/v2\/product\/18975","targetHints":{"allow":["GET"]}}],"collection":[{"href":"https:\/\/greenkingdom.ch\/de\/wp-json\/wp\/v2\/product"}],"about":[{"href":"https:\/\/greenkingdom.ch\/de\/wp-json\/wp\/v2\/types\/product"}],"replies":[{"embeddable":true,"href":"https:\/\/greenkingdom.ch\/de\/wp-json\/wp\/v2\/comments?post=18975"}],"version-history":[{"count":0,"href":"https:\/\/greenkingdom.ch\/de\/wp-json\/wp\/v2\/product\/18975\/revisions"}],"wp:featuredmedia":[{"embeddable":true,"href":"https:\/\/greenkingdom.ch\/de\/wp-json\/wp\/v2\/media\/8767"}],"wp:attachment":[{"href":"https:\/\/greenkingdom.ch\/de\/wp-json\/wp\/v2\/media?parent=18975"}],"wp:term":[{"taxonomy":"product_brand","embeddable":true,"href":"https:\/\/greenkingdom.ch\/de\/wp-json\/wp\/v2\/product_brand?post=18975"},{"taxonomy":"product_cat","embeddable":true,"href":"https:\/\/greenkingdom.ch\/de\/wp-json\/wp\/v2\/product_cat?post=18975"},{"taxonomy":"product_tag","embeddable":true,"href":"https:\/\/greenkingdom.ch\/de\/wp-json\/wp\/v2\/product_tag?post=18975"}],"curies":[{"name":"wp","href":"https:\/\/api.w.org\/{rel}","templated":true}]}}