{"id":18988,"date":"2024-10-11T16:37:56","date_gmt":"2024-10-11T14:37:56","guid":{"rendered":"https:\/\/greenkingdom.ch\/product\/metrop-mr-2-1l\/"},"modified":"2024-12-13T17:54:52","modified_gmt":"2024-12-13T16:54:52","slug":"metrop-mr-2-1l","status":"publish","type":"product","link":"https:\/\/greenkingdom.ch\/de\/produkt\/metrop-mr-2-1l\/","title":{"rendered":"Metrop MR 2 1L"},"content":{"rendered":"<p>MR 2 ist so formuliert, dass der Pflanzenertrag durch sorgf\u00e4ltige Anpassung des NPK- und Spurenelementgehalts maximiert wird. Die hochreinen Rohstoffe sorgen f\u00fcr eine hohe Konzentration von NPK, ohne das Gleichgewicht zu st\u00f6ren. Seine Aufl\u00f6sung beh\u00e4lt eine konstante Leitf\u00e4higkeit bei, ohne R\u00fcckst\u00e4nde in Beh\u00e4ltern oder Bew\u00e4sserungssystemen zu hinterlassen. Die zugesetzten Spurenelemente sind hochreinig, was eine effizientere Photosynthese und ein schnelleres Pflanzenwachstum f\u00fcr au\u00dfergew\u00f6hnliche Endergebnisse f\u00f6rdert. &#8211; F\u00f6rdert ein kr\u00e4ftiges und gesundes<br \/>\nBl\u00fctenwachstum- Stimuliert ein schnelles Volumenwachstum dank seines Reichtums an Kali<br \/>\n&#8211; F\u00f6rdert ein nachhaltiges Wurzelwachstum dank seines Phosphorgehalts<br \/>\n&#8211; Sorgt f\u00fcr eine optimale Chlorophyll- und Proteinsynthese dank Magnesium<br \/>\n&#8211; F\u00f6rdert eine explosive Bl\u00fctenentwicklung dank seiner exklusiven<br \/>\nFormel- Keine sch\u00e4dlichen Farbstoffe oder Wasserverd\u00fcnnung EAN: 8719274270089<\/p>\n","protected":false},"excerpt":{"rendered":"<p>MR 2 ist so formuliert, dass der Pflanzenertrag durch sorgf\u00e4ltige Anpassung des NPK- und Spurenelementgehalts maximiert wird. Die hochreinen Rohstoffe sorgen f\u00fcr eine hohe Konzentration von NPK, ohne das Gleichgewicht zu st\u00f6ren. Seine Aufl\u00f6sung beh\u00e4lt eine konstante Leitf\u00e4higkeit bei, ohne R\u00fcckst\u00e4nde in Beh\u00e4ltern oder Bew\u00e4sserungssystemen zu hinterlassen. Die zugesetzten Spurenelemente sind hochreinig, was eine effizientere [&hellip;]<\/p>\n","protected":false},"featured_media":8821,"comment_status":"open","ping_status":"closed","template":"","meta":{"_seopress_robots_primary_cat":"none","_seopress_titles_title":"","_seopress_titles_desc":"","_seopress_robots_index":""},"product_brand":[],"product_cat":[577],"product_tag":[],"class_list":{"0":"post-18988","1":"product","2":"type-product","3":"status-publish","4":"has-post-thumbnail","6":"product_cat-metrop-de","9":"instock","10":"taxable","11":"shipping-taxable","12":"purchasable","13":"product-type-simple","14":"product-grid-view"},"_links":{"self":[{"href":"https:\/\/greenkingdom.ch\/de\/wp-json\/wp\/v2\/product\/18988","targetHints":{"allow":["GET"]}}],"collection":[{"href":"https:\/\/greenkingdom.ch\/de\/wp-json\/wp\/v2\/product"}],"about":[{"href":"https:\/\/greenkingdom.ch\/de\/wp-json\/wp\/v2\/types\/product"}],"replies":[{"embeddable":true,"href":"https:\/\/greenkingdom.ch\/de\/wp-json\/wp\/v2\/comments?post=18988"}],"version-history":[{"count":1,"href":"https:\/\/greenkingdom.ch\/de\/wp-json\/wp\/v2\/product\/18988\/revisions"}],"predecessor-version":[{"id":22725,"href":"https:\/\/greenkingdom.ch\/de\/wp-json\/wp\/v2\/product\/18988\/revisions\/22725"}],"wp:featuredmedia":[{"embeddable":true,"href":"https:\/\/greenkingdom.ch\/de\/wp-json\/wp\/v2\/media\/8821"}],"wp:attachment":[{"href":"https:\/\/greenkingdom.ch\/de\/wp-json\/wp\/v2\/media?parent=18988"}],"wp:term":[{"taxonomy":"product_brand","embeddable":true,"href":"https:\/\/greenkingdom.ch\/de\/wp-json\/wp\/v2\/product_brand?post=18988"},{"taxonomy":"product_cat","embeddable":true,"href":"https:\/\/greenkingdom.ch\/de\/wp-json\/wp\/v2\/product_cat?post=18988"},{"taxonomy":"product_tag","embeddable":true,"href":"https:\/\/greenkingdom.ch\/de\/wp-json\/wp\/v2\/product_tag?post=18988"}],"curies":[{"name":"wp","href":"https:\/\/api.w.org\/{rel}","templated":true}]}}