{"id":18991,"date":"2024-10-11T16:37:56","date_gmt":"2024-10-11T14:37:56","guid":{"rendered":"https:\/\/greenkingdom.ch\/product\/metrop-wurzel-1l\/"},"modified":"2024-12-13T17:54:39","modified_gmt":"2024-12-13T16:54:39","slug":"metrop-root-1l","status":"publish","type":"product","link":"https:\/\/greenkingdom.ch\/de\/produkt\/metrop-root-1l\/","title":{"rendered":"Metrop Root + 1L"},"content":{"rendered":"<p>Metrop Root + Root Stimulator and Plant Growth Stimulator ist ein hochwertiger Pflanzenextrakt, der reich an Aminos\u00e4uren und Vitaminen ist, um das Wurzel- und Pflanzenwachstum in jeder Umgebung zu f\u00f6rdern. &#8211; F\u00f6rdert das explosive<br \/>\nWurzelwachstum- Stimuliert die Produktion von Wurzelhaaren<br \/>\n&#8211; St\u00e4rkt die Widerstandsf\u00e4higkeit gegen Krankheiten<br \/>\n&#8211; Erh\u00f6ht die Widerstandsf\u00e4higkeit gegen Stress<br \/>\n&#8211; F\u00f6rdert die Produktion von Wurzelhormonen<br \/>\n&#8211; Stimuliert die Enzymproduktion Bewahren Sie dieses wertvolle Produkt au\u00dferhalb der Reichweite von Kindern auf und befolgen Sie diese Tipps, um optimale Ergebnisse zu erzielen:<br \/>\n&#8211; Gie\u00dfen Sie die Pflanzen ab dem ersten Tag des Wachstums 3 Wochen lang.<br \/>\n&#8211; Achten Sie darauf, nicht zu \u00fcberdosieren. W\u00e4hlen Sie f\u00fcr die Lagerung einen dunklen Ort, der vor Frost gesch\u00fctzt ist. Bei konzentriertem Kontakt mit den Augen sofort mit Wasser aussp\u00fclen. Sch\u00fctteln Sie den Beh\u00e4lter vor Gebrauch gut. Metrop Root + Root Stimulator und Plant Growth Stimulator ist biologisch abbaubar und sorgt so f\u00fcr einen umweltfreundlichen Ansatz. EAN: 8719274270188<\/p>\n","protected":false},"excerpt":{"rendered":"<p>Metrop Root + Root Stimulator and Plant Growth Stimulator ist ein hochwertiger Pflanzenextrakt, der reich an Aminos\u00e4uren und Vitaminen ist, um das Wurzel- und Pflanzenwachstum in jeder Umgebung zu f\u00f6rdern. &#8211; F\u00f6rdert das explosive Wurzelwachstum- Stimuliert die Produktion von Wurzelhaaren &#8211; St\u00e4rkt die Widerstandsf\u00e4higkeit gegen Krankheiten &#8211; Erh\u00f6ht die Widerstandsf\u00e4higkeit gegen Stress &#8211; F\u00f6rdert die [&hellip;]<\/p>\n","protected":false},"featured_media":8809,"comment_status":"open","ping_status":"closed","template":"","meta":{"_seopress_robots_primary_cat":"none","_seopress_titles_title":"","_seopress_titles_desc":"","_seopress_robots_index":""},"product_brand":[],"product_cat":[577],"product_tag":[],"class_list":{"0":"post-18991","1":"product","2":"type-product","3":"status-publish","4":"has-post-thumbnail","6":"product_cat-metrop-de","9":"instock","10":"taxable","11":"shipping-taxable","12":"purchasable","13":"product-type-simple","14":"product-grid-view"},"_links":{"self":[{"href":"https:\/\/greenkingdom.ch\/de\/wp-json\/wp\/v2\/product\/18991","targetHints":{"allow":["GET"]}}],"collection":[{"href":"https:\/\/greenkingdom.ch\/de\/wp-json\/wp\/v2\/product"}],"about":[{"href":"https:\/\/greenkingdom.ch\/de\/wp-json\/wp\/v2\/types\/product"}],"replies":[{"embeddable":true,"href":"https:\/\/greenkingdom.ch\/de\/wp-json\/wp\/v2\/comments?post=18991"}],"version-history":[{"count":2,"href":"https:\/\/greenkingdom.ch\/de\/wp-json\/wp\/v2\/product\/18991\/revisions"}],"predecessor-version":[{"id":22724,"href":"https:\/\/greenkingdom.ch\/de\/wp-json\/wp\/v2\/product\/18991\/revisions\/22724"}],"wp:featuredmedia":[{"embeddable":true,"href":"https:\/\/greenkingdom.ch\/de\/wp-json\/wp\/v2\/media\/8809"}],"wp:attachment":[{"href":"https:\/\/greenkingdom.ch\/de\/wp-json\/wp\/v2\/media?parent=18991"}],"wp:term":[{"taxonomy":"product_brand","embeddable":true,"href":"https:\/\/greenkingdom.ch\/de\/wp-json\/wp\/v2\/product_brand?post=18991"},{"taxonomy":"product_cat","embeddable":true,"href":"https:\/\/greenkingdom.ch\/de\/wp-json\/wp\/v2\/product_cat?post=18991"},{"taxonomy":"product_tag","embeddable":true,"href":"https:\/\/greenkingdom.ch\/de\/wp-json\/wp\/v2\/product_tag?post=18991"}],"curies":[{"name":"wp","href":"https:\/\/api.w.org\/{rel}","templated":true}]}}