{"id":18993,"date":"2024-10-11T16:37:56","date_gmt":"2024-10-11T14:37:56","guid":{"rendered":"https:\/\/greenkingdom.ch\/product\/biobizz-acti-vera-1l\/"},"modified":"2024-10-11T16:37:56","modified_gmt":"2024-10-11T14:37:56","slug":"biobizz-acti-vera-1l","status":"publish","type":"product","link":"https:\/\/greenkingdom.ch\/de\/produkt\/biobizz-acti-vera-1l\/","title":{"rendered":"BioBizz Acti Vera 1L"},"content":{"rendered":"<p>Aktiv\u00b7 Vera ist ein innovatives Produkt, das entwickelt wurde, um das Immunsystem zu st\u00e4rken, den Stoffwechsel anzukurbeln und die Aufnahme von N\u00e4hrstoffen aus allen Pflanzen zu erleichtern. Aloe Vera steht f\u00fcr Gesundheit, Frische, reinigende und pflegende Eigenschaften, Sch\u00f6nheit und Hautpflege. Was w\u00e4re, wenn diese wunderbare Zutat ihre Vorteile auch f\u00fcr Pflanzen bringen k\u00f6nnte? Nach sorgf\u00e4ltiger Recherche haben wir Acti\u00b7 Vera, ein einzigartiges Produkt, das die Tugenden der Aloe Vera mit anderen Inhaltsstoffen f\u00fcr das Wohlbefinden Ihrer Pflanzen kombiniert. Die Besonderheit von Acti\u00b7 Vera unterscheidet sich von anderen Produkten dadurch, dass es &#8222;Pflanze zu Pflanze&#8220; konzipiert ist. Mit anderen Worten, Pflanzen im Dienste der Pflanzen! Vielseitig und nat\u00fcrlich, Acti\u00b7 Vera f\u00f6rdert das Wachstum, st\u00e4rkt das Immunsystem der Pflanzen und f\u00f6rdert die Bl\u00fcte. Verwenden Sie es im Innen- oder Au\u00dfenbereich f\u00fcr kr\u00e4ftige und gesunde Pflanzen. Sch\u00fctzen Sie Ihre Pflanzen, stimulieren Sie ihr Wachstum und ihre Vitalit\u00e4t mit Acti\u00b7 Vera, ein 100% veganes Produkt.<\/p>\n","protected":false},"excerpt":{"rendered":"<p>Aktiv\u00b7 Vera ist ein innovatives Produkt, das entwickelt wurde, um das Immunsystem zu st\u00e4rken, den Stoffwechsel anzukurbeln und die Aufnahme von N\u00e4hrstoffen aus allen Pflanzen zu erleichtern. Aloe Vera steht f\u00fcr Gesundheit, Frische, reinigende und pflegende Eigenschaften, Sch\u00f6nheit und Hautpflege. Was w\u00e4re, wenn diese wunderbare Zutat ihre Vorteile auch f\u00fcr Pflanzen bringen k\u00f6nnte? Nach sorgf\u00e4ltiger [&hellip;]<\/p>\n","protected":false},"featured_media":8797,"comment_status":"open","ping_status":"closed","template":"","meta":{"_seopress_robots_primary_cat":"","_seopress_titles_title":"","_seopress_titles_desc":"","_seopress_robots_index":""},"product_brand":[],"product_cat":[571],"product_tag":[],"class_list":{"0":"post-18993","1":"product","2":"type-product","3":"status-publish","4":"has-post-thumbnail","6":"product_cat-biobizz-de","9":"instock","10":"taxable","11":"shipping-taxable","12":"purchasable","13":"product-type-simple","14":"product-grid-view"},"_links":{"self":[{"href":"https:\/\/greenkingdom.ch\/de\/wp-json\/wp\/v2\/product\/18993","targetHints":{"allow":["GET"]}}],"collection":[{"href":"https:\/\/greenkingdom.ch\/de\/wp-json\/wp\/v2\/product"}],"about":[{"href":"https:\/\/greenkingdom.ch\/de\/wp-json\/wp\/v2\/types\/product"}],"replies":[{"embeddable":true,"href":"https:\/\/greenkingdom.ch\/de\/wp-json\/wp\/v2\/comments?post=18993"}],"version-history":[{"count":0,"href":"https:\/\/greenkingdom.ch\/de\/wp-json\/wp\/v2\/product\/18993\/revisions"}],"wp:featuredmedia":[{"embeddable":true,"href":"https:\/\/greenkingdom.ch\/de\/wp-json\/wp\/v2\/media\/8797"}],"wp:attachment":[{"href":"https:\/\/greenkingdom.ch\/de\/wp-json\/wp\/v2\/media?parent=18993"}],"wp:term":[{"taxonomy":"product_brand","embeddable":true,"href":"https:\/\/greenkingdom.ch\/de\/wp-json\/wp\/v2\/product_brand?post=18993"},{"taxonomy":"product_cat","embeddable":true,"href":"https:\/\/greenkingdom.ch\/de\/wp-json\/wp\/v2\/product_cat?post=18993"},{"taxonomy":"product_tag","embeddable":true,"href":"https:\/\/greenkingdom.ch\/de\/wp-json\/wp\/v2\/product_tag?post=18993"}],"curies":[{"name":"wp","href":"https:\/\/api.w.org\/{rel}","templated":true}]}}