{"id":18999,"date":"2024-10-11T16:37:56","date_gmt":"2024-10-11T14:37:56","guid":{"rendered":"https:\/\/greenkingdom.ch\/product\/biobizz-algamic-1l\/"},"modified":"2024-10-11T16:37:56","modified_gmt":"2024-10-11T14:37:56","slug":"biobizz-algamic-1l","status":"publish","type":"product","link":"https:\/\/greenkingdom.ch\/de\/produkt\/biobizz-algamic-1l\/","title":{"rendered":"BioBizz Algamic 1L"},"content":{"rendered":"<p>Pflanzen, die gedeihen und vor Stress gesch\u00fctzt sind, produzieren gr\u00f6\u00dfere Fr\u00fcchte. Alg\u00b7 A\u00b7 Mic bietet ihnen den Komfort, den sie bei \u00dcberw\u00e4sserung, Mangel, Krankheiten oder Temperaturschwankungen ben\u00f6tigen. Es f\u00f6rdert auch die Chlorophyllaufnahme f\u00fcr immergr\u00fcne Bl\u00e4tter. Alg\u00b7 A\u00b7 Mic ist ein Conditioner mit einem niedrigen Gehalt an Stickstoff, Phosphor und Kalium (oder &#8222;NPK&#8220;), der eine \u00dcberdosierung unm\u00f6glich macht. Es kann w\u00e4hrend der Wachstums- und Bl\u00fctephase zu allen Arten von Substraten hinzugef\u00fcgt werden. Wir empfehlen eine Dosis von 1 bis 4 ml Alg\u00b7 A\u00b7 Mikrofon pro Liter Wasser f\u00fcr optimale Ergebnisse. Weitere Informationen finden Sie in unserer N\u00e4hrwerttabelle. Seit 3000 v. Chr. ernten die Menschen Algen f\u00fcr die Herstellung von Lebensmitteln, Medikamenten und D\u00fcngemitteln. Alg\u00b7 A\u00b7 Mic wird aus einem hochwertigen organischen Algenkonzentrat hergestellt, das durch Kaltpressung ohne chemische L\u00f6sungsmittel gewonnen wird. Dieses nat\u00fcrliche Superfood erf\u00fcllt alle Bed\u00fcrfnisse von Pflanzen, die dichtes, leuchtend gr\u00fcnes Laub entwickeln.  <\/p>\n","protected":false},"excerpt":{"rendered":"<p>Pflanzen, die gedeihen und vor Stress gesch\u00fctzt sind, produzieren gr\u00f6\u00dfere Fr\u00fcchte. Alg\u00b7 A\u00b7 Mic bietet ihnen den Komfort, den sie bei \u00dcberw\u00e4sserung, Mangel, Krankheiten oder Temperaturschwankungen ben\u00f6tigen. Es f\u00f6rdert auch die Chlorophyllaufnahme f\u00fcr immergr\u00fcne Bl\u00e4tter. Alg\u00b7 A\u00b7 Mic ist ein Conditioner mit einem niedrigen Gehalt an Stickstoff, Phosphor und Kalium (oder &#8222;NPK&#8220;), der eine \u00dcberdosierung [&hellip;]<\/p>\n","protected":false},"featured_media":8791,"comment_status":"open","ping_status":"closed","template":"","meta":{"_seopress_robots_primary_cat":"","_seopress_titles_title":"","_seopress_titles_desc":"","_seopress_robots_index":""},"product_brand":[],"product_cat":[571],"product_tag":[],"class_list":{"0":"post-18999","1":"product","2":"type-product","3":"status-publish","4":"has-post-thumbnail","6":"product_cat-biobizz-de","9":"instock","10":"taxable","11":"shipping-taxable","12":"purchasable","13":"product-type-simple","14":"product-grid-view"},"_links":{"self":[{"href":"https:\/\/greenkingdom.ch\/de\/wp-json\/wp\/v2\/product\/18999","targetHints":{"allow":["GET"]}}],"collection":[{"href":"https:\/\/greenkingdom.ch\/de\/wp-json\/wp\/v2\/product"}],"about":[{"href":"https:\/\/greenkingdom.ch\/de\/wp-json\/wp\/v2\/types\/product"}],"replies":[{"embeddable":true,"href":"https:\/\/greenkingdom.ch\/de\/wp-json\/wp\/v2\/comments?post=18999"}],"version-history":[{"count":0,"href":"https:\/\/greenkingdom.ch\/de\/wp-json\/wp\/v2\/product\/18999\/revisions"}],"wp:featuredmedia":[{"embeddable":true,"href":"https:\/\/greenkingdom.ch\/de\/wp-json\/wp\/v2\/media\/8791"}],"wp:attachment":[{"href":"https:\/\/greenkingdom.ch\/de\/wp-json\/wp\/v2\/media?parent=18999"}],"wp:term":[{"taxonomy":"product_brand","embeddable":true,"href":"https:\/\/greenkingdom.ch\/de\/wp-json\/wp\/v2\/product_brand?post=18999"},{"taxonomy":"product_cat","embeddable":true,"href":"https:\/\/greenkingdom.ch\/de\/wp-json\/wp\/v2\/product_cat?post=18999"},{"taxonomy":"product_tag","embeddable":true,"href":"https:\/\/greenkingdom.ch\/de\/wp-json\/wp\/v2\/product_tag?post=18999"}],"curies":[{"name":"wp","href":"https:\/\/api.w.org\/{rel}","templated":true}]}}