{"id":19004,"date":"2024-10-11T16:37:57","date_gmt":"2024-10-11T14:37:57","guid":{"rendered":"https:\/\/greenkingdom.ch\/product\/advanced-nutrients-tarantula-liquid-500ml\/"},"modified":"2024-10-11T16:37:57","modified_gmt":"2024-10-11T14:37:57","slug":"advanced-nutrients-tarantula-liquid-500ml","status":"publish","type":"product","link":"https:\/\/greenkingdom.ch\/de\/produkt\/advanced-nutrients-tarantula-liquid-500ml\/","title":{"rendered":"Advanced Nutrients Tarantula Liquid 500ml"},"content":{"rendered":"<p>Entdecken Sie die Advanced Tarantula Nutrients 500ml! Die Vogelspinne ist ein echter Verb\u00fcndeter f\u00fcr die Wiederbelebung der Flora und des wohltuenden Klimas des Bodens, jetzt in fl\u00fcssiger Form mit Advanced Nutrients erh\u00e4ltlich. F\u00fcr eine optimale Leistung ist es unerl\u00e4sslich, einen gesunden Boden zu haben, der die perfekte Symbiose zwischen Wurzeln und Mikroorganismen f\u00f6rdert. Die Tarantel-Formel ist ein Edelstein f\u00fcr B\u00f6den und Hydrokulturen, die eine Mischung aus 57 verschiedenen Mikroorganismen enth\u00e4lt, darunter Bacillus, Pseudomonas und Actinomyceten-Streptomyceten, mit 1,4 Milliarden koloniebildenden Einheiten pro Gramm. Diese au\u00dfergew\u00f6hnliche Konzentration an Mikroorganismen macht die Vogelspinne zu einer echten Bereicherung, um die Wurzeln zu st\u00e4rken und der Pflanze zu helfen, verschiedenen nat\u00fcrlichen Belastungen zu widerstehen. Dank ihrer Effizienz ist Tarantula nicht nur produktiv, sondern auch wirtschaftlich im Verbrauch. F\u00fcr beste Ergebnisse wird es am besten mit Piranha, Voodoo-Saft oder einem anderen Bio-Wurzelstimulator kombiniert. Warten Sie nicht l\u00e4nger und genie\u00dfen Sie die Vorteile der EAN Tarantula: 845268002621.<\/p>\n","protected":false},"excerpt":{"rendered":"<p>Entdecken Sie die Advanced Tarantula Nutrients 500ml! Die Vogelspinne ist ein echter Verb\u00fcndeter f\u00fcr die Wiederbelebung der Flora und des wohltuenden Klimas des Bodens, jetzt in fl\u00fcssiger Form mit Advanced Nutrients erh\u00e4ltlich. F\u00fcr eine optimale Leistung ist es unerl\u00e4sslich, einen gesunden Boden zu haben, der die perfekte Symbiose zwischen Wurzeln und Mikroorganismen f\u00f6rdert. Die Tarantel-Formel [&hellip;]<\/p>\n","protected":false},"featured_media":8836,"comment_status":"open","ping_status":"closed","template":"","meta":{"_seopress_robots_primary_cat":"","_seopress_titles_title":"","_seopress_titles_desc":"","_seopress_robots_index":""},"product_brand":[],"product_cat":[568],"product_tag":[678],"class_list":{"0":"post-19004","1":"product","2":"type-product","3":"status-publish","4":"has-post-thumbnail","6":"product_cat-advanced-nutrients-de","7":"product_tag-fortschrittliche-nahrstoffe","10":"instock","11":"taxable","12":"shipping-taxable","13":"purchasable","14":"product-type-simple","15":"product-grid-view"},"_links":{"self":[{"href":"https:\/\/greenkingdom.ch\/de\/wp-json\/wp\/v2\/product\/19004","targetHints":{"allow":["GET"]}}],"collection":[{"href":"https:\/\/greenkingdom.ch\/de\/wp-json\/wp\/v2\/product"}],"about":[{"href":"https:\/\/greenkingdom.ch\/de\/wp-json\/wp\/v2\/types\/product"}],"replies":[{"embeddable":true,"href":"https:\/\/greenkingdom.ch\/de\/wp-json\/wp\/v2\/comments?post=19004"}],"version-history":[{"count":0,"href":"https:\/\/greenkingdom.ch\/de\/wp-json\/wp\/v2\/product\/19004\/revisions"}],"wp:featuredmedia":[{"embeddable":true,"href":"https:\/\/greenkingdom.ch\/de\/wp-json\/wp\/v2\/media\/8836"}],"wp:attachment":[{"href":"https:\/\/greenkingdom.ch\/de\/wp-json\/wp\/v2\/media?parent=19004"}],"wp:term":[{"taxonomy":"product_brand","embeddable":true,"href":"https:\/\/greenkingdom.ch\/de\/wp-json\/wp\/v2\/product_brand?post=19004"},{"taxonomy":"product_cat","embeddable":true,"href":"https:\/\/greenkingdom.ch\/de\/wp-json\/wp\/v2\/product_cat?post=19004"},{"taxonomy":"product_tag","embeddable":true,"href":"https:\/\/greenkingdom.ch\/de\/wp-json\/wp\/v2\/product_tag?post=19004"}],"curies":[{"name":"wp","href":"https:\/\/api.w.org\/{rel}","templated":true}]}}