{"id":19027,"date":"2024-10-11T16:38:19","date_gmt":"2024-10-11T14:38:19","guid":{"rendered":"https:\/\/greenkingdom.ch\/product\/advanced-nutrients-flawless-finish-1l-letzte-phase\/"},"modified":"2024-10-11T16:38:19","modified_gmt":"2024-10-11T14:38:19","slug":"advanced-nutrients-flawless-finish-1l-letzte-phase","status":"publish","type":"product","link":"https:\/\/greenkingdom.ch\/de\/produkt\/advanced-nutrients-flawless-finish-1l-letzte-phase\/","title":{"rendered":"Advanced Nutrients Flawless Finish 1L (letzte Phase)"},"content":{"rendered":"<div class=\"value\">\n<h2>Flawless Finish\u00ae: die perfekte makellose Haptik<\/h2>\n<p><\/p>\n<h3>Entdecken Sie das makellose Finish\u00ae<\/h3>\n<p><\/p>\n<p>Z\u00fcchten Sie gesunde und k\u00f6stliche Pflanzen mit Flawless Finish\u00ae. Dieses Premium-Additiv entfernt Verunreinigungen, Schwermetalle und D\u00fcngemittelsalze von Pflanzen und bewahrt so die Reinheit des Geschmacks und des Aromas der Knospen w\u00e4hrend des Trocknens. Durch Chelatbildung und Heilfasten werden Umweltgifte entfernt, so dass die Pflanzen gespeicherte N\u00e4hrstoffe vor der Ernte loswerden k\u00f6nnen.  <\/p>\n<p><\/p>\n<ul>\n<li>Die chelatisierte Mischung von Advanced Nutrients bindet Schwermetalle und entfernt sie aus den Pflanzen, um ein sicheres Endprodukt zu gew\u00e4hrleisten.<\/li>\n<li>Chelate wirken in Ihrem Garten, indem sie Elementarionen einfangen.<\/li>\n<li>Stabilisierte Chelate und Magnesiumsulfat entfernen Nitrate und Sulfate.<\/li>\n<li>Ein h\u00f6heres C:N-Verh\u00e4ltnis f\u00f6rdert einen erh\u00f6hten Zuckergehalt in den Bl\u00fcten, die unter optimalen Bedingungen reifen.<\/li>\n<li>Die Bl\u00fcten nehmen die ideale Menge an Magnesium auf, um richtig zu reifen.<\/li>\n<li>Stickstoffentfernung zum perfekten Zeitpunkt, um die Ertr\u00e4ge zu maximieren.<\/li>\n<\/ul>\n<p><\/p>\n<p>Flawless Finish\u00ae wurde speziell f\u00fcr die Verwendung mit verschiedenen hydroponischen Anbausubstraten und allen kontinuierlichen Fl\u00fcssigbew\u00e4sserungssystemen wie Aeroponik, Tropfbew\u00e4sserung, NFT, Flut- und Abflussbew\u00e4sserung und Tiefwasseranbau entwickelt.<\/p>\n<p><strong>Vorsichtig:<\/strong> Entwickelt f\u00fcr eine perfekte Vertr\u00e4glichkeit mit allen Advanced Nutrients pH Perfect Basisd\u00fcngern sowie anderen Marken und Arten von Fl\u00fcssigd\u00fcngern.<\/p>\n<p><strong>Bemerkung:<\/strong> Bei Advanced Nutrients garantieren wir, dass unsere Produkte kein Paclobutrazol, Daminozid oder andere verbotene Pflanzenwachstumsregulatoren enthalten.<\/p>\n<p><\/p>\n<p>\u200c<\/p>\n<\/div>\n<div class=\"product attribute ean\"><strong class=\"type\"> <span class=\"value ean\">EAN-845268000467<\/span><\/strong><\/div>\n","protected":false},"excerpt":{"rendered":"<p>Flawless Finish\u00ae: die perfekte makellose Haptik Entdecken Sie das makellose Finish\u00ae Z\u00fcchten Sie gesunde und k\u00f6stliche Pflanzen mit Flawless Finish\u00ae. Dieses Premium-Additiv entfernt Verunreinigungen, Schwermetalle und D\u00fcngemittelsalze von Pflanzen und bewahrt so die Reinheit des Geschmacks und des Aromas der Knospen w\u00e4hrend des Trocknens. Durch Chelatbildung und Heilfasten werden Umweltgifte entfernt, so dass die Pflanzen [&hellip;]<\/p>\n","protected":false},"featured_media":8872,"comment_status":"open","ping_status":"closed","template":"","meta":{"_seopress_robots_primary_cat":"","_seopress_titles_title":"","_seopress_titles_desc":"","_seopress_robots_index":""},"product_brand":[],"product_cat":[568],"product_tag":[678],"class_list":{"0":"post-19027","1":"product","2":"type-product","3":"status-publish","4":"has-post-thumbnail","6":"product_cat-advanced-nutrients-de","7":"product_tag-fortschrittliche-nahrstoffe","10":"instock","11":"taxable","12":"shipping-taxable","13":"purchasable","14":"product-type-simple","15":"product-grid-view"},"_links":{"self":[{"href":"https:\/\/greenkingdom.ch\/de\/wp-json\/wp\/v2\/product\/19027","targetHints":{"allow":["GET"]}}],"collection":[{"href":"https:\/\/greenkingdom.ch\/de\/wp-json\/wp\/v2\/product"}],"about":[{"href":"https:\/\/greenkingdom.ch\/de\/wp-json\/wp\/v2\/types\/product"}],"replies":[{"embeddable":true,"href":"https:\/\/greenkingdom.ch\/de\/wp-json\/wp\/v2\/comments?post=19027"}],"version-history":[{"count":0,"href":"https:\/\/greenkingdom.ch\/de\/wp-json\/wp\/v2\/product\/19027\/revisions"}],"wp:featuredmedia":[{"embeddable":true,"href":"https:\/\/greenkingdom.ch\/de\/wp-json\/wp\/v2\/media\/8872"}],"wp:attachment":[{"href":"https:\/\/greenkingdom.ch\/de\/wp-json\/wp\/v2\/media?parent=19027"}],"wp:term":[{"taxonomy":"product_brand","embeddable":true,"href":"https:\/\/greenkingdom.ch\/de\/wp-json\/wp\/v2\/product_brand?post=19027"},{"taxonomy":"product_cat","embeddable":true,"href":"https:\/\/greenkingdom.ch\/de\/wp-json\/wp\/v2\/product_cat?post=19027"},{"taxonomy":"product_tag","embeddable":true,"href":"https:\/\/greenkingdom.ch\/de\/wp-json\/wp\/v2\/product_tag?post=19027"}],"curies":[{"name":"wp","href":"https:\/\/api.w.org\/{rel}","templated":true}]}}