{"id":19031,"date":"2024-10-11T16:38:20","date_gmt":"2024-10-11T14:38:20","guid":{"rendered":"https:\/\/greenkingdom.ch\/product\/canna-coco-professional-plus-50l\/"},"modified":"2024-10-11T16:38:20","modified_gmt":"2024-10-11T14:38:20","slug":"canna-coco-professional-plus-50l","status":"publish","type":"product","link":"https:\/\/greenkingdom.ch\/de\/produkt\/canna-coco-professional-plus-50l\/","title":{"rendered":"Canna Coco Professional Plus 50L"},"content":{"rendered":"<p>CANNA Coco Professional Plus ist ohne Zweifel die feinste, reinste und sauberste Kokosnuss auf dem Markt. Wir haben dieses Substrat gr\u00fcndlich getestet und sind zuversichtlich, dass es das beste Kokossubstrat ist, das es zu kaufen gibt. Der h\u00f6here Preis ist durch seine au\u00dfergew\u00f6hnliche Qualit\u00e4t gerechtfertigt, da dieser Kokos sicher wiederholt werden kann. Dieses 100% biologische Produkt zeichnet sich durch seine feine und homogene Struktur aus, frei von jeglichen chemischen Zus\u00e4tzen, sch\u00e4dlichen Viren oder Krankheitserregern. Seine erstklassige Herkunft und Reinheit machen es zu einem einzigartigen Substrat. Unsterilisiert bewahrt es seine nat\u00fcrliche schwammige Faserstruktur sowie n\u00fctzliche Pilze wie Tricoderma, die Pflanzen vor Bodenkrankheiten sch\u00fctzen. CANNA Coco f\u00f6rdert eine gesunde Wurzelbildung, ein kr\u00e4ftiges Wachstum und kann mehrmals wiederverwendet werden. Dieses Substrat bietet das Beste aus beiden Welten, indem es die Vorteile des Bodenanbaus (Reichtum und organische Zusammensetzung) mit der N\u00e4hrstoffpr\u00e4zision des Steinwolleanbaus kombiniert. Durch sein komplexes Luft-Wasser-System ist es anderen Substraten weit voraus. Er wurde speziell f\u00fcr Z\u00fcchter entwickelt, ist RHP-zertifiziert und enth\u00e4lt keine sch\u00e4dlichen Mikroorganismen. Die besten Kokosn\u00fcsse Indiens wurden speziell f\u00fcr die Herstellung von CANNA Coco Professional Plus ausgew\u00e4hlt, das in reinem Wasser eingeweicht und frei von Mineralien ist. Somit ist dieses Substrat sicher vor Verunreinigungen und Unkraut und bietet eine ideale L\u00f6sung f\u00fcr die Zukunft des Anbaus. CANNA Coco Professional Plus ist gebrauchsfertig, voreingeweicht und gepuffert. Entscheiden Sie sich f\u00fcr Qualit\u00e4t und Langlebigkeit mit diesem au\u00dfergew\u00f6hnlichen Kokossubstrat.  <\/p>\n","protected":false},"excerpt":{"rendered":"<p>CANNA Coco Professional Plus ist ohne Zweifel die feinste, reinste und sauberste Kokosnuss auf dem Markt. Wir haben dieses Substrat gr\u00fcndlich getestet und sind zuversichtlich, dass es das beste Kokossubstrat ist, das es zu kaufen gibt. Der h\u00f6here Preis ist durch seine au\u00dfergew\u00f6hnliche Qualit\u00e4t gerechtfertigt, da dieser Kokos sicher wiederholt werden kann. Dieses 100% biologische [&hellip;]<\/p>\n","protected":false},"featured_media":8920,"comment_status":"open","ping_status":"closed","template":"","meta":{"_seopress_robots_primary_cat":"","_seopress_titles_title":"","_seopress_titles_desc":"","_seopress_robots_index":""},"product_brand":[],"product_cat":[610],"product_tag":[],"class_list":{"0":"post-19031","1":"product","2":"type-product","3":"status-publish","4":"has-post-thumbnail","6":"product_cat-kokos","9":"instock","10":"taxable","11":"shipping-taxable","12":"purchasable","13":"product-type-simple","14":"product-grid-view"},"_links":{"self":[{"href":"https:\/\/greenkingdom.ch\/de\/wp-json\/wp\/v2\/product\/19031","targetHints":{"allow":["GET"]}}],"collection":[{"href":"https:\/\/greenkingdom.ch\/de\/wp-json\/wp\/v2\/product"}],"about":[{"href":"https:\/\/greenkingdom.ch\/de\/wp-json\/wp\/v2\/types\/product"}],"replies":[{"embeddable":true,"href":"https:\/\/greenkingdom.ch\/de\/wp-json\/wp\/v2\/comments?post=19031"}],"version-history":[{"count":0,"href":"https:\/\/greenkingdom.ch\/de\/wp-json\/wp\/v2\/product\/19031\/revisions"}],"wp:featuredmedia":[{"embeddable":true,"href":"https:\/\/greenkingdom.ch\/de\/wp-json\/wp\/v2\/media\/8920"}],"wp:attachment":[{"href":"https:\/\/greenkingdom.ch\/de\/wp-json\/wp\/v2\/media?parent=19031"}],"wp:term":[{"taxonomy":"product_brand","embeddable":true,"href":"https:\/\/greenkingdom.ch\/de\/wp-json\/wp\/v2\/product_brand?post=19031"},{"taxonomy":"product_cat","embeddable":true,"href":"https:\/\/greenkingdom.ch\/de\/wp-json\/wp\/v2\/product_cat?post=19031"},{"taxonomy":"product_tag","embeddable":true,"href":"https:\/\/greenkingdom.ch\/de\/wp-json\/wp\/v2\/product_tag?post=19031"}],"curies":[{"name":"wp","href":"https:\/\/api.w.org\/{rel}","templated":true}]}}