{"id":19035,"date":"2024-10-11T16:38:20","date_gmt":"2024-10-11T14:38:20","guid":{"rendered":"https:\/\/greenkingdom.ch\/product\/biobizz-coco-mix-50l\/"},"modified":"2024-10-11T16:38:20","modified_gmt":"2024-10-11T14:38:20","slug":"biobizz-coco-mix-50l","status":"publish","type":"product","link":"https:\/\/greenkingdom.ch\/de\/produkt\/biobizz-coco-mix-50l\/","title":{"rendered":"BioBizz Coco-Mix 50L"},"content":{"rendered":"<p>Entdecken Sie Biobizz Coco\u00b7 Mix, das 100% Bio-Kokosfaserprodukt auf dem Markt! Dieses Substrat wird aus Abf\u00e4llen der Kokosnussindustrie hergestellt und ist ideal f\u00fcr das Pflanzenwachstum. Leicht, niedrige Luftfeuchtigkeit und ein pH-Wert von 5-6, Coco\u00b7 Mix kann in T\u00f6pfen als Alternative zu Steinwolle f\u00fcr den hydroponischen Anbau verwendet werden. In Kombination mit Biobizz-Produkten f\u00f6rdert es die Gesundheit Deiner Pflanzen f\u00fcr optimale Ertr\u00e4ge. Probieren Sie Coco\u00b7 Beim Mischen geht es darum, Qualit\u00e4t f\u00fcr Ihre Pflanzen zu \u00fcbernehmen.    <\/p>\n","protected":false},"excerpt":{"rendered":"<p>Entdecken Sie Biobizz Coco\u00b7 Mix, das 100% Bio-Kokosfaserprodukt auf dem Markt! Dieses Substrat wird aus Abf\u00e4llen der Kokosnussindustrie hergestellt und ist ideal f\u00fcr das Pflanzenwachstum. Leicht, niedrige Luftfeuchtigkeit und ein pH-Wert von 5-6, Coco\u00b7 Mix kann in T\u00f6pfen als Alternative zu Steinwolle f\u00fcr den hydroponischen Anbau verwendet werden. In Kombination mit Biobizz-Produkten f\u00f6rdert es die [&hellip;]<\/p>\n","protected":false},"featured_media":8926,"comment_status":"open","ping_status":"closed","template":"","meta":{"_seopress_robots_primary_cat":"","_seopress_titles_title":"","_seopress_titles_desc":"","_seopress_robots_index":""},"product_brand":[],"product_cat":[610],"product_tag":[],"class_list":{"0":"post-19035","1":"product","2":"type-product","3":"status-publish","4":"has-post-thumbnail","6":"product_cat-kokos","9":"instock","10":"taxable","11":"shipping-taxable","12":"purchasable","13":"product-type-simple","14":"product-grid-view"},"_links":{"self":[{"href":"https:\/\/greenkingdom.ch\/de\/wp-json\/wp\/v2\/product\/19035","targetHints":{"allow":["GET"]}}],"collection":[{"href":"https:\/\/greenkingdom.ch\/de\/wp-json\/wp\/v2\/product"}],"about":[{"href":"https:\/\/greenkingdom.ch\/de\/wp-json\/wp\/v2\/types\/product"}],"replies":[{"embeddable":true,"href":"https:\/\/greenkingdom.ch\/de\/wp-json\/wp\/v2\/comments?post=19035"}],"version-history":[{"count":0,"href":"https:\/\/greenkingdom.ch\/de\/wp-json\/wp\/v2\/product\/19035\/revisions"}],"wp:featuredmedia":[{"embeddable":true,"href":"https:\/\/greenkingdom.ch\/de\/wp-json\/wp\/v2\/media\/8926"}],"wp:attachment":[{"href":"https:\/\/greenkingdom.ch\/de\/wp-json\/wp\/v2\/media?parent=19035"}],"wp:term":[{"taxonomy":"product_brand","embeddable":true,"href":"https:\/\/greenkingdom.ch\/de\/wp-json\/wp\/v2\/product_brand?post=19035"},{"taxonomy":"product_cat","embeddable":true,"href":"https:\/\/greenkingdom.ch\/de\/wp-json\/wp\/v2\/product_cat?post=19035"},{"taxonomy":"product_tag","embeddable":true,"href":"https:\/\/greenkingdom.ch\/de\/wp-json\/wp\/v2\/product_tag?post=19035"}],"curies":[{"name":"wp","href":"https:\/\/api.w.org\/{rel}","templated":true}]}}