{"id":19043,"date":"2024-10-11T16:38:20","date_gmt":"2024-10-11T14:38:20","guid":{"rendered":"https:\/\/greenkingdom.ch\/product\/biobizz-light-mix-50l\/"},"modified":"2024-10-11T16:38:20","modified_gmt":"2024-10-11T14:38:20","slug":"biobizz-light-mix-50l","status":"publish","type":"product","link":"https:\/\/greenkingdom.ch\/de\/produkt\/biobizz-light-mix-50l\/","title":{"rendered":"BioBizz Light-Mix 50l"},"content":{"rendered":"<p>Suchst du nach mehr Kontrolle \u00fcber Deine Pflanzen? Licht\u00b7 Mix bietet die perfekte Grundlage, um von Anfang an ein robustes Wachstum voranzutreiben. Durch die Aktivierung der essentiellen Mikroaktivit\u00e4t, wenn Wasser in den Boden eindringt, erzeugt diese Mischung biologische Katalysatoren, die eine schnelle Wurzelentwicklung f\u00f6rdern. Speziell f\u00fcr eine optimale Entw\u00e4sserung entwickelt und kompatibel mit automatischen Bew\u00e4sserungssystemen, Light\u00b7 Mix ist f\u00fcr alle Arten von Pflanzen geeignet, auch f\u00fcr die anspruchsvollsten. Biobizz-Produkte bevorzugen nat\u00fcrliche biologische Elemente f\u00fcr einen angemessenen durchschnittlichen elektrischen Leitf\u00e4higkeitswert. W\u00e4hlen Sie Licht\u00b7 Mischen Sie und geben Sie Ihren Pflanzen das Beste!     <\/p>\n","protected":false},"excerpt":{"rendered":"<p>Suchst du nach mehr Kontrolle \u00fcber Deine Pflanzen? Licht\u00b7 Mix bietet die perfekte Grundlage, um von Anfang an ein robustes Wachstum voranzutreiben. Durch die Aktivierung der essentiellen Mikroaktivit\u00e4t, wenn Wasser in den Boden eindringt, erzeugt diese Mischung biologische Katalysatoren, die eine schnelle Wurzelentwicklung f\u00f6rdern. Speziell f\u00fcr eine optimale Entw\u00e4sserung entwickelt und kompatibel mit automatischen Bew\u00e4sserungssystemen, [&hellip;]<\/p>\n","protected":false},"featured_media":8911,"comment_status":"open","ping_status":"closed","template":"","meta":{"_seopress_robots_primary_cat":"","_seopress_titles_title":"","_seopress_titles_desc":"","_seopress_robots_index":""},"product_brand":[],"product_cat":[616],"product_tag":[],"class_list":{"0":"post-19043","1":"product","2":"type-product","3":"status-publish","4":"has-post-thumbnail","6":"product_cat-erde","9":"instock","10":"taxable","11":"shipping-taxable","12":"purchasable","13":"product-type-simple","14":"product-grid-view"},"_links":{"self":[{"href":"https:\/\/greenkingdom.ch\/de\/wp-json\/wp\/v2\/product\/19043","targetHints":{"allow":["GET"]}}],"collection":[{"href":"https:\/\/greenkingdom.ch\/de\/wp-json\/wp\/v2\/product"}],"about":[{"href":"https:\/\/greenkingdom.ch\/de\/wp-json\/wp\/v2\/types\/product"}],"replies":[{"embeddable":true,"href":"https:\/\/greenkingdom.ch\/de\/wp-json\/wp\/v2\/comments?post=19043"}],"version-history":[{"count":0,"href":"https:\/\/greenkingdom.ch\/de\/wp-json\/wp\/v2\/product\/19043\/revisions"}],"wp:featuredmedia":[{"embeddable":true,"href":"https:\/\/greenkingdom.ch\/de\/wp-json\/wp\/v2\/media\/8911"}],"wp:attachment":[{"href":"https:\/\/greenkingdom.ch\/de\/wp-json\/wp\/v2\/media?parent=19043"}],"wp:term":[{"taxonomy":"product_brand","embeddable":true,"href":"https:\/\/greenkingdom.ch\/de\/wp-json\/wp\/v2\/product_brand?post=19043"},{"taxonomy":"product_cat","embeddable":true,"href":"https:\/\/greenkingdom.ch\/de\/wp-json\/wp\/v2\/product_cat?post=19043"},{"taxonomy":"product_tag","embeddable":true,"href":"https:\/\/greenkingdom.ch\/de\/wp-json\/wp\/v2\/product_tag?post=19043"}],"curies":[{"name":"wp","href":"https:\/\/api.w.org\/{rel}","templated":true}]}}