{"id":19048,"date":"2024-10-11T16:38:20","date_gmt":"2024-10-11T14:38:20","guid":{"rendered":"https:\/\/greenkingdom.ch\/product\/canna-terra-professional-plus-50l\/"},"modified":"2024-10-11T16:38:20","modified_gmt":"2024-10-11T14:38:20","slug":"canna-terra-professional-plus-50l","status":"publish","type":"product","link":"https:\/\/greenkingdom.ch\/de\/produkt\/canna-terra-professional-plus-50l\/","title":{"rendered":"Canna Terra Professional Plus 50L"},"content":{"rendered":"<p>Canna Terra Professional Plus ist ein hochwertiges Substrat, das viele Z\u00fcchter \u00fcberzeugt hat. Seine Zusammensetzung garantiert einen biologischen und biologischen Anbau mit einer bel\u00fcfteten Struktur, die f\u00fcr das Wurzelwachstum unerl\u00e4sslich ist. Die Eigenschaften von Terra Professional Plus sind speziell darauf ausgelegt, die Fortpflanzung der Pflanzen zu f\u00f6rdern. EAN: 8717524957780  <\/p>\n","protected":false},"excerpt":{"rendered":"<p>Canna Terra Professional Plus ist ein hochwertiges Substrat, das viele Z\u00fcchter \u00fcberzeugt hat. Seine Zusammensetzung garantiert einen biologischen und biologischen Anbau mit einer bel\u00fcfteten Struktur, die f\u00fcr das Wurzelwachstum unerl\u00e4sslich ist. Die Eigenschaften von Terra Professional Plus sind speziell darauf ausgelegt, die Fortpflanzung der Pflanzen zu f\u00f6rdern. EAN: 8717524957780<\/p>\n","protected":false},"featured_media":8905,"comment_status":"open","ping_status":"closed","template":"","meta":{"_seopress_robots_primary_cat":"","_seopress_titles_title":"","_seopress_titles_desc":"","_seopress_robots_index":""},"product_brand":[],"product_cat":[616],"product_tag":[],"class_list":{"0":"post-19048","1":"product","2":"type-product","3":"status-publish","4":"has-post-thumbnail","6":"product_cat-erde","9":"instock","10":"taxable","11":"shipping-taxable","12":"purchasable","13":"product-type-simple","14":"product-grid-view"},"_links":{"self":[{"href":"https:\/\/greenkingdom.ch\/de\/wp-json\/wp\/v2\/product\/19048","targetHints":{"allow":["GET"]}}],"collection":[{"href":"https:\/\/greenkingdom.ch\/de\/wp-json\/wp\/v2\/product"}],"about":[{"href":"https:\/\/greenkingdom.ch\/de\/wp-json\/wp\/v2\/types\/product"}],"replies":[{"embeddable":true,"href":"https:\/\/greenkingdom.ch\/de\/wp-json\/wp\/v2\/comments?post=19048"}],"version-history":[{"count":0,"href":"https:\/\/greenkingdom.ch\/de\/wp-json\/wp\/v2\/product\/19048\/revisions"}],"wp:featuredmedia":[{"embeddable":true,"href":"https:\/\/greenkingdom.ch\/de\/wp-json\/wp\/v2\/media\/8905"}],"wp:attachment":[{"href":"https:\/\/greenkingdom.ch\/de\/wp-json\/wp\/v2\/media?parent=19048"}],"wp:term":[{"taxonomy":"product_brand","embeddable":true,"href":"https:\/\/greenkingdom.ch\/de\/wp-json\/wp\/v2\/product_brand?post=19048"},{"taxonomy":"product_cat","embeddable":true,"href":"https:\/\/greenkingdom.ch\/de\/wp-json\/wp\/v2\/product_cat?post=19048"},{"taxonomy":"product_tag","embeddable":true,"href":"https:\/\/greenkingdom.ch\/de\/wp-json\/wp\/v2\/product_tag?post=19048"}],"curies":[{"name":"wp","href":"https:\/\/api.w.org\/{rel}","templated":true}]}}