{"id":19050,"date":"2024-10-11T16:38:21","date_gmt":"2024-10-11T14:38:21","guid":{"rendered":"https:\/\/greenkingdom.ch\/product\/cultilene-ganze-box-18-tabletts-a-77-stueck-35-x-35-cm\/"},"modified":"2024-10-11T16:38:21","modified_gmt":"2024-10-11T14:38:21","slug":"cultilene-ganze-box-18-tabletts-a-77-stueck-35-x-35-cm","status":"publish","type":"product","link":"https:\/\/greenkingdom.ch\/de\/produkt\/cultilene-ganze-box-18-tabletts-a-77-stueck-35-x-35-cm\/","title":{"rendered":"Cultilene -ganze Box- 18 Tabletts \u00e0 77 St\u00fcck 3,5 x 3,5 cm"},"content":{"rendered":"<p>Hier ist eine neue Version der Produktbeschreibung auf Franz\u00f6sisch, um sie attraktiver zu machen:  <\/p>\n<div class=\"value\">\n<p>Cultilene &#8211; Komplettset &#8211; 18 Tabletts \u00e0 77 St\u00fcck \u00e0 3,5 x 3,5 cm<\/p>\n<p>77-teilige Boards eignen sich hervorragend f\u00fcr Anf\u00e4nger, da sie eine geringere Ausfallrate aufweisen als 150-teilige Boards.<\/p>\n<p>Das Substrat aus Steinwolle oder Mineralwolle ist frei von organischen Stoffen und sorgt so f\u00fcr eine optimale Absorption. Du kannst gezielt d\u00fcngen und gie\u00dfen, ganz nach den Bed\u00fcrfnissen deiner Pflanzen. <\/p>\n<p>Steinwollew\u00fcrfel eignen sich perfekt zum S\u00e4en und Bewurzeln von Samen und Stecklingen. Ihre regelm\u00e4\u00dfige, robuste Struktur erm\u00f6glicht eine effiziente Lagerung und eine einfache und schnelle Rehydrierung nach \u00fcberm\u00e4\u00dfigem Trocknen. <\/p>\n<p>Au\u00dferdem passen die einzelnen W\u00fcrfel perfekt auf Cultilene-Bl\u00f6cke mit gro\u00dfen L\u00f6chern.<\/p>\n<div>1 Palette = 25 S\u00e4tze<\/div>\n<\/div>\n<div class=\"product attribute ean\"><strong class=\"type\"> <span class=\"value ean\">EAN-0702639865929<\/span><\/strong><\/div>\n","protected":false},"excerpt":{"rendered":"<p>Hier ist eine neue Version der Produktbeschreibung auf Franz\u00f6sisch, um sie attraktiver zu machen: Cultilene &#8211; Komplettset &#8211; 18 Tabletts \u00e0 77 St\u00fcck \u00e0 3,5 x 3,5 cm 77-teilige Boards eignen sich hervorragend f\u00fcr Anf\u00e4nger, da sie eine geringere Ausfallrate aufweisen als 150-teilige Boards. Das Substrat aus Steinwolle oder Mineralwolle ist frei von organischen Stoffen [&hellip;]<\/p>\n","protected":false},"featured_media":8953,"comment_status":"open","ping_status":"closed","template":"","meta":{"_seopress_robots_primary_cat":"","_seopress_titles_title":"","_seopress_titles_desc":"","_seopress_robots_index":""},"product_brand":[],"product_cat":[613],"product_tag":[],"class_list":{"0":"post-19050","1":"product","2":"type-product","3":"status-publish","4":"has-post-thumbnail","6":"product_cat-steinwolle","9":"instock","10":"taxable","11":"shipping-taxable","12":"purchasable","13":"product-type-simple","14":"product-grid-view"},"_links":{"self":[{"href":"https:\/\/greenkingdom.ch\/de\/wp-json\/wp\/v2\/product\/19050","targetHints":{"allow":["GET"]}}],"collection":[{"href":"https:\/\/greenkingdom.ch\/de\/wp-json\/wp\/v2\/product"}],"about":[{"href":"https:\/\/greenkingdom.ch\/de\/wp-json\/wp\/v2\/types\/product"}],"replies":[{"embeddable":true,"href":"https:\/\/greenkingdom.ch\/de\/wp-json\/wp\/v2\/comments?post=19050"}],"version-history":[{"count":0,"href":"https:\/\/greenkingdom.ch\/de\/wp-json\/wp\/v2\/product\/19050\/revisions"}],"wp:featuredmedia":[{"embeddable":true,"href":"https:\/\/greenkingdom.ch\/de\/wp-json\/wp\/v2\/media\/8953"}],"wp:attachment":[{"href":"https:\/\/greenkingdom.ch\/de\/wp-json\/wp\/v2\/media?parent=19050"}],"wp:term":[{"taxonomy":"product_brand","embeddable":true,"href":"https:\/\/greenkingdom.ch\/de\/wp-json\/wp\/v2\/product_brand?post=19050"},{"taxonomy":"product_cat","embeddable":true,"href":"https:\/\/greenkingdom.ch\/de\/wp-json\/wp\/v2\/product_cat?post=19050"},{"taxonomy":"product_tag","embeddable":true,"href":"https:\/\/greenkingdom.ch\/de\/wp-json\/wp\/v2\/product_tag?post=19050"}],"curies":[{"name":"wp","href":"https:\/\/api.w.org\/{rel}","templated":true}]}}