{"id":19056,"date":"2024-10-11T16:38:21","date_gmt":"2024-10-11T14:38:21","guid":{"rendered":"https:\/\/greenkingdom.ch\/product\/cultilene-schneideschale-77-stueck-a-35-x-35-cm\/"},"modified":"2024-10-11T16:38:21","modified_gmt":"2024-10-11T14:38:21","slug":"cultilene-schneideschale-77-stueck-a-35-x-35-cm","status":"publish","type":"product","link":"https:\/\/greenkingdom.ch\/de\/produkt\/cultilene-schneideschale-77-stueck-a-35-x-35-cm\/","title":{"rendered":"Cultilene Schneideschale, 77 St\u00fcck \u00e0 3,5 x 3,5 cm"},"content":{"rendered":"<p>Entdecken Sie das 77-teilige Schneidebrett Cultilene von 3,5 x 3,5 cm, das sich dank seiner geringen Ausfallrate im Vergleich zum 150er Brett perfekt f\u00fcr Anf\u00e4nger eignet. Hergestellt aus Steinwolle oder Mineralwolle sorgt dieses reine Hydrosubstrat f\u00fcr eine optimale Absorption. Sie werden in der Lage sein, Ihre Pflanzen gezielt nach ihren Bed\u00fcrfnissen zu d\u00fcngen und zu gie\u00dfen. Steinwollw\u00fcrfel eignen sich dank ihrer regelm\u00e4\u00dfigen und festen Struktur, ihrer gro\u00dfen Speicherkapazit\u00e4t und ihrer F\u00e4higkeit, schnell wieder zu befeuchten, perfekt f\u00fcr die Aussaat und Bewurzelung von Samen und Stecklingen. Die W\u00fcrfel passen perfekt in Cultilene-Bl\u00f6cke mit gro\u00dfen L\u00f6chern. 1 Karton enth\u00e4lt 18 Tabletts und 1 Palette entspricht 25 Kartons. EAN: 6097220071006 <\/p>\n","protected":false},"excerpt":{"rendered":"<p>Entdecken Sie das 77-teilige Schneidebrett Cultilene von 3,5 x 3,5 cm, das sich dank seiner geringen Ausfallrate im Vergleich zum 150er Brett perfekt f\u00fcr Anf\u00e4nger eignet. Hergestellt aus Steinwolle oder Mineralwolle sorgt dieses reine Hydrosubstrat f\u00fcr eine optimale Absorption. Sie werden in der Lage sein, Ihre Pflanzen gezielt nach ihren Bed\u00fcrfnissen zu d\u00fcngen und zu [&hellip;]<\/p>\n","protected":false},"featured_media":8950,"comment_status":"open","ping_status":"closed","template":"","meta":{"_seopress_robots_primary_cat":"","_seopress_titles_title":"","_seopress_titles_desc":"","_seopress_robots_index":""},"product_brand":[],"product_cat":[613],"product_tag":[],"class_list":{"0":"post-19056","1":"product","2":"type-product","3":"status-publish","4":"has-post-thumbnail","6":"product_cat-steinwolle","9":"instock","10":"taxable","11":"shipping-taxable","12":"purchasable","13":"product-type-simple","14":"product-grid-view"},"_links":{"self":[{"href":"https:\/\/greenkingdom.ch\/de\/wp-json\/wp\/v2\/product\/19056","targetHints":{"allow":["GET"]}}],"collection":[{"href":"https:\/\/greenkingdom.ch\/de\/wp-json\/wp\/v2\/product"}],"about":[{"href":"https:\/\/greenkingdom.ch\/de\/wp-json\/wp\/v2\/types\/product"}],"replies":[{"embeddable":true,"href":"https:\/\/greenkingdom.ch\/de\/wp-json\/wp\/v2\/comments?post=19056"}],"version-history":[{"count":0,"href":"https:\/\/greenkingdom.ch\/de\/wp-json\/wp\/v2\/product\/19056\/revisions"}],"wp:featuredmedia":[{"embeddable":true,"href":"https:\/\/greenkingdom.ch\/de\/wp-json\/wp\/v2\/media\/8950"}],"wp:attachment":[{"href":"https:\/\/greenkingdom.ch\/de\/wp-json\/wp\/v2\/media?parent=19056"}],"wp:term":[{"taxonomy":"product_brand","embeddable":true,"href":"https:\/\/greenkingdom.ch\/de\/wp-json\/wp\/v2\/product_brand?post=19056"},{"taxonomy":"product_cat","embeddable":true,"href":"https:\/\/greenkingdom.ch\/de\/wp-json\/wp\/v2\/product_cat?post=19056"},{"taxonomy":"product_tag","embeddable":true,"href":"https:\/\/greenkingdom.ch\/de\/wp-json\/wp\/v2\/product_tag?post=19056"}],"curies":[{"name":"wp","href":"https:\/\/api.w.org\/{rel}","templated":true}]}}