{"id":19059,"date":"2024-10-11T16:38:21","date_gmt":"2024-10-11T14:38:21","guid":{"rendered":"https:\/\/greenkingdom.ch\/product\/cultilene-schneideschale-150-stueck-a-25-x-25cm\/"},"modified":"2024-10-11T16:38:21","modified_gmt":"2024-10-11T14:38:21","slug":"cultilene-schneideschale-150-stueck-a-25-x-25cm","status":"publish","type":"product","link":"https:\/\/greenkingdom.ch\/de\/produkt\/cultilene-schneideschale-150-stueck-a-25-x-25cm\/","title":{"rendered":"Cultilene Schneideschale, 150 St\u00fcck \u00e0 2,5 x 2,5cm"},"content":{"rendered":"<p>Cultilene Schneideschale, 150 St\u00fcck \u00e0 2,5 x 2,5 cm. Entdecken Sie die Welt der Pflanzenvermehrung mit der fortschrittlichen Technologie von Cultilene: Nur die besten Stecklinge wurzeln auf kompaktem Raum. Reine Stein- oder Mineralwolle garantiert eine optimale Absorption, so dass Sie die D\u00fcngung und Bew\u00e4sserung an die Bed\u00fcrfnisse Ihrer Pflanzen anpassen k\u00f6nnen. Steinwollew\u00fcrfel eignen sich mit ihrer festen Struktur, hohen Lagerf\u00e4higkeit und einfachen Wiederbenetzung perfekt f\u00fcr die Aussaat und Bewurzelung von Samen und Stecklingen. Clever: Die W\u00fcrfel passen perfekt zu perforierten Cultilene-Bl\u00f6cken. 1 Karton enth\u00e4lt 18 Trays und 1 Palette entspricht 25 Kartons. EAN: 6097236565599.<\/p>\n","protected":false},"excerpt":{"rendered":"<p>Cultilene Schneideschale, 150 St\u00fcck \u00e0 2,5 x 2,5 cm. Entdecken Sie die Welt der Pflanzenvermehrung mit der fortschrittlichen Technologie von Cultilene: Nur die besten Stecklinge wurzeln auf kompaktem Raum. Reine Stein- oder Mineralwolle garantiert eine optimale Absorption, so dass Sie die D\u00fcngung und Bew\u00e4sserung an die Bed\u00fcrfnisse Ihrer Pflanzen anpassen k\u00f6nnen. Steinwollew\u00fcrfel eignen sich mit [&hellip;]<\/p>\n","protected":false},"featured_media":8938,"comment_status":"open","ping_status":"closed","template":"","meta":{"_seopress_robots_primary_cat":"","_seopress_titles_title":"","_seopress_titles_desc":"","_seopress_robots_index":""},"product_brand":[],"product_cat":[613],"product_tag":[],"class_list":{"0":"post-19059","1":"product","2":"type-product","3":"status-publish","4":"has-post-thumbnail","6":"product_cat-steinwolle","9":"instock","10":"taxable","11":"shipping-taxable","12":"purchasable","13":"product-type-simple","14":"product-grid-view"},"_links":{"self":[{"href":"https:\/\/greenkingdom.ch\/de\/wp-json\/wp\/v2\/product\/19059","targetHints":{"allow":["GET"]}}],"collection":[{"href":"https:\/\/greenkingdom.ch\/de\/wp-json\/wp\/v2\/product"}],"about":[{"href":"https:\/\/greenkingdom.ch\/de\/wp-json\/wp\/v2\/types\/product"}],"replies":[{"embeddable":true,"href":"https:\/\/greenkingdom.ch\/de\/wp-json\/wp\/v2\/comments?post=19059"}],"version-history":[{"count":0,"href":"https:\/\/greenkingdom.ch\/de\/wp-json\/wp\/v2\/product\/19059\/revisions"}],"wp:featuredmedia":[{"embeddable":true,"href":"https:\/\/greenkingdom.ch\/de\/wp-json\/wp\/v2\/media\/8938"}],"wp:attachment":[{"href":"https:\/\/greenkingdom.ch\/de\/wp-json\/wp\/v2\/media?parent=19059"}],"wp:term":[{"taxonomy":"product_brand","embeddable":true,"href":"https:\/\/greenkingdom.ch\/de\/wp-json\/wp\/v2\/product_brand?post=19059"},{"taxonomy":"product_cat","embeddable":true,"href":"https:\/\/greenkingdom.ch\/de\/wp-json\/wp\/v2\/product_cat?post=19059"},{"taxonomy":"product_tag","embeddable":true,"href":"https:\/\/greenkingdom.ch\/de\/wp-json\/wp\/v2\/product_tag?post=19059"}],"curies":[{"name":"wp","href":"https:\/\/api.w.org\/{rel}","templated":true}]}}