{"id":19061,"date":"2024-10-11T16:38:22","date_gmt":"2024-10-11T14:38:22","guid":{"rendered":"https:\/\/greenkingdom.ch\/product\/growsystem-aeroponik-0-8\/"},"modified":"2024-10-11T16:38:22","modified_gmt":"2024-10-11T14:38:22","slug":"growsystem-aeroponik-0-8","status":"publish","type":"product","link":"https:\/\/greenkingdom.ch\/de\/produkt\/growsystem-aeroponik-0-8\/","title":{"rendered":"GrowSYSTEM Aeroponik 0.8"},"content":{"rendered":"<p>Das aeroponische System GrowSYSTEM 0.8 bringt Innovation in alle aeroponischen und hydroponischen Bew\u00e4sserungssysteme. Dieses perfekte aeroponische System wurde von der Firma Growtool entwickelt und eignet sich sowohl f\u00fcr Hobby- als auch f\u00fcr Profig\u00e4rtner. Keine Wassersch\u00e4den mehr dank einer tadellosen Verarbeitung und perfekt angepasster Module. F\u00fcr eine gleichm\u00e4\u00dfige und feinste Wasserverteilung sorgen ultrafeine Spr\u00fchd\u00fcsen und verhindern so Verstopfungen durch einen integrierten Wasserfilter. Verabschieden Sie sich von der M\u00fche des Anbaus und der Bew\u00e4sserung des Bodens mit dem GrowSYSTEM Aeroponic 0.8, das f\u00fcr 8 Pflanzen ausgelegt ist. Durch ihre abgerundeten Ecken passt sie perfekt in Standard-Growboxen im Format 80 cm x 80 cm, wie z. B. die Homebox Q80 und die Growlab 80. Das System umfasst auch GrowDECK und GrowTABLE, die Platz f\u00fcr die Aufzucht von Setzlingen bieten. Die Pumpe im Tank versorgt zuverl\u00e4ssig die Spr\u00fchd\u00fcsen, w\u00e4hrend das Filtersystem f\u00fcr eine effektive Reinigung der N\u00e4hrl\u00f6sung sorgt und so einen D\u00fcsenausfall verhindert. Das GrowRACK aus Aluminium sorgt f\u00fcr die Stabilit\u00e4t des Systems. Im Preis inbegriffen sind ein 40-Liter-Tank und weitere wichtige Komponenten f\u00fcr einen optimalen Anbau. Produktdetails:<br \/>\n&#8211; GrowDECK 0.8 f\u00fcr bis zu 8 Pflanzen mit integriertem<br \/>\n Bew\u00e4sserungskreislauf- Square GrowTABLE 0.8<br \/>\n&#8211; Entw\u00e4sserungs- und Zulaufset f\u00fcr den Fluttisch<br \/>\n&#8211; Modular GrowRACK 0.8 &#8211; 25<br \/>\n&#8211; Pumpenfiltersystem<br \/>\n&#8211; Nutrient GrowPUMP HX-8825<br \/>\n&#8211; Nutriment GrowTANK 40 Liter Dieses Produkt wird aufgrund seiner Gr\u00f6\u00dfe auf einer kleinen Palette geliefert. EAN: 4260358343501 <\/p>\n","protected":false},"excerpt":{"rendered":"<p>Das aeroponische System GrowSYSTEM 0.8 bringt Innovation in alle aeroponischen und hydroponischen Bew\u00e4sserungssysteme. Dieses perfekte aeroponische System wurde von der Firma Growtool entwickelt und eignet sich sowohl f\u00fcr Hobby- als auch f\u00fcr Profig\u00e4rtner. Keine Wassersch\u00e4den mehr dank einer tadellosen Verarbeitung und perfekt angepasster Module. F\u00fcr eine gleichm\u00e4\u00dfige und feinste Wasserverteilung sorgen ultrafeine Spr\u00fchd\u00fcsen und verhindern [&hellip;]<\/p>\n","protected":false},"featured_media":8980,"comment_status":"open","ping_status":"closed","template":"","meta":{"_seopress_robots_primary_cat":"","_seopress_titles_title":"","_seopress_titles_desc":"","_seopress_robots_index":""},"product_brand":[],"product_cat":[619],"product_tag":[],"class_list":{"0":"post-19061","1":"product","2":"type-product","3":"status-publish","4":"has-post-thumbnail","6":"product_cat-hydro-und-aeroponische-systeme","9":"instock","10":"taxable","11":"shipping-taxable","12":"purchasable","13":"product-type-simple","14":"product-grid-view"},"_links":{"self":[{"href":"https:\/\/greenkingdom.ch\/de\/wp-json\/wp\/v2\/product\/19061","targetHints":{"allow":["GET"]}}],"collection":[{"href":"https:\/\/greenkingdom.ch\/de\/wp-json\/wp\/v2\/product"}],"about":[{"href":"https:\/\/greenkingdom.ch\/de\/wp-json\/wp\/v2\/types\/product"}],"replies":[{"embeddable":true,"href":"https:\/\/greenkingdom.ch\/de\/wp-json\/wp\/v2\/comments?post=19061"}],"version-history":[{"count":0,"href":"https:\/\/greenkingdom.ch\/de\/wp-json\/wp\/v2\/product\/19061\/revisions"}],"wp:featuredmedia":[{"embeddable":true,"href":"https:\/\/greenkingdom.ch\/de\/wp-json\/wp\/v2\/media\/8980"}],"wp:attachment":[{"href":"https:\/\/greenkingdom.ch\/de\/wp-json\/wp\/v2\/media?parent=19061"}],"wp:term":[{"taxonomy":"product_brand","embeddable":true,"href":"https:\/\/greenkingdom.ch\/de\/wp-json\/wp\/v2\/product_brand?post=19061"},{"taxonomy":"product_cat","embeddable":true,"href":"https:\/\/greenkingdom.ch\/de\/wp-json\/wp\/v2\/product_cat?post=19061"},{"taxonomy":"product_tag","embeddable":true,"href":"https:\/\/greenkingdom.ch\/de\/wp-json\/wp\/v2\/product_tag?post=19061"}],"curies":[{"name":"wp","href":"https:\/\/api.w.org\/{rel}","templated":true}]}}