{"id":19064,"date":"2024-10-11T16:38:21","date_gmt":"2024-10-11T14:38:21","guid":{"rendered":"https:\/\/greenkingdom.ch\/product\/cultilene-babik-ganze-schachtel-2250-saemlingswuerfel-4-x-4cm\/"},"modified":"2024-10-11T16:38:21","modified_gmt":"2024-10-11T14:38:21","slug":"cultilene-babik-ganze-schachtel-2250-saemlingswuerfel-4-x-4cm","status":"publish","type":"product","link":"https:\/\/greenkingdom.ch\/de\/produkt\/cultilene-babik-ganze-schachtel-2250-saemlingswuerfel-4-x-4cm\/","title":{"rendered":"Cultilene Babik &#8211; ganze Schachtel &#8211; 2250 S\u00e4mlingsw\u00fcrfel 4 x 4cm"},"content":{"rendered":"<p>Cultilene Babik &#8211; komplette Box &#8211; 2250 Samenw\u00fcrfel 4 x 4cm Entdecken Sie die Babik-S\u00e4mlingsw\u00fcrfel von Cultilene, die sich perfekt f\u00fcr den Anbau und die Bewurzelung Ihrer Samen und Stecklinge eignen. Hergestellt aus reiner Steinwolle bieten sie eine optimale Saugf\u00e4higkeit. Du kannst deine Pflanzen gezielt d\u00fcngen und nach ihren Bed\u00fcrfnissen gie\u00dfen. Diese Steinwollw\u00fcrfel sind die perfekte Option f\u00fcr die Aussaat und Bewurzelung Ihrer Samen und Stecklinge. Ihre regelm\u00e4\u00dfige, feste Struktur und ihr hohes Wasserr\u00fcckhalteverm\u00f6gen erm\u00f6glichen eine schnelle Wiederbenetzung nach dem Trocknen. Dar\u00fcber hinaus sind diese W\u00fcrfel perfekt kompatibel mit Cultilene 7,5-Bl\u00f6cken mit einem gro\u00dfen Loch. G\u00f6nnen Sie sich diese Palette von 15 Boxen, um diese hochwertige Anbaul\u00f6sung voll auszusch\u00f6pfen. EAN: 0702639864106<\/p>\n","protected":false},"excerpt":{"rendered":"<p>Cultilene Babik &#8211; komplette Box &#8211; 2250 Samenw\u00fcrfel 4 x 4cm Entdecken Sie die Babik-S\u00e4mlingsw\u00fcrfel von Cultilene, die sich perfekt f\u00fcr den Anbau und die Bewurzelung Ihrer Samen und Stecklinge eignen. Hergestellt aus reiner Steinwolle bieten sie eine optimale Saugf\u00e4higkeit. Du kannst deine Pflanzen gezielt d\u00fcngen und nach ihren Bed\u00fcrfnissen gie\u00dfen. Diese Steinwollw\u00fcrfel sind die [&hellip;]<\/p>\n","protected":false},"featured_media":8932,"comment_status":"open","ping_status":"closed","template":"","meta":{"_seopress_robots_primary_cat":"","_seopress_titles_title":"","_seopress_titles_desc":"","_seopress_robots_index":""},"product_brand":[],"product_cat":[613],"product_tag":[],"class_list":{"0":"post-19064","1":"product","2":"type-product","3":"status-publish","4":"has-post-thumbnail","6":"product_cat-steinwolle","9":"instock","10":"taxable","11":"shipping-taxable","12":"purchasable","13":"product-type-simple","14":"product-grid-view"},"_links":{"self":[{"href":"https:\/\/greenkingdom.ch\/de\/wp-json\/wp\/v2\/product\/19064","targetHints":{"allow":["GET"]}}],"collection":[{"href":"https:\/\/greenkingdom.ch\/de\/wp-json\/wp\/v2\/product"}],"about":[{"href":"https:\/\/greenkingdom.ch\/de\/wp-json\/wp\/v2\/types\/product"}],"replies":[{"embeddable":true,"href":"https:\/\/greenkingdom.ch\/de\/wp-json\/wp\/v2\/comments?post=19064"}],"version-history":[{"count":0,"href":"https:\/\/greenkingdom.ch\/de\/wp-json\/wp\/v2\/product\/19064\/revisions"}],"wp:featuredmedia":[{"embeddable":true,"href":"https:\/\/greenkingdom.ch\/de\/wp-json\/wp\/v2\/media\/8932"}],"wp:attachment":[{"href":"https:\/\/greenkingdom.ch\/de\/wp-json\/wp\/v2\/media?parent=19064"}],"wp:term":[{"taxonomy":"product_brand","embeddable":true,"href":"https:\/\/greenkingdom.ch\/de\/wp-json\/wp\/v2\/product_brand?post=19064"},{"taxonomy":"product_cat","embeddable":true,"href":"https:\/\/greenkingdom.ch\/de\/wp-json\/wp\/v2\/product_cat?post=19064"},{"taxonomy":"product_tag","embeddable":true,"href":"https:\/\/greenkingdom.ch\/de\/wp-json\/wp\/v2\/product_tag?post=19064"}],"curies":[{"name":"wp","href":"https:\/\/api.w.org\/{rel}","templated":true}]}}