{"id":19067,"date":"2024-10-11T16:38:22","date_gmt":"2024-10-11T14:38:22","guid":{"rendered":"https:\/\/greenkingdom.ch\/product\/growsystem-airpot-1-0\/"},"modified":"2024-10-11T16:38:22","modified_gmt":"2024-10-11T14:38:22","slug":"growsystem-airpot-1-0","status":"publish","type":"product","link":"https:\/\/greenkingdom.ch\/de\/produkt\/growsystem-airpot-1-0\/","title":{"rendered":"GrowSYSTEM Airpot 1.0"},"content":{"rendered":"<div class=\"value\">\n<p>wachsenWerkzeug<\/p>\n<p><\/p>\n<p>Der Fluttisch 1.0 von growTool sorgt durch seine tiefere Entw\u00e4sserungsraupe, die durch das optimierte Oberfl\u00e4chenraster und die Aussparungen schnell erreicht wird und so Verstopfungen vermeidet, f\u00fcr eine effiziente Entw\u00e4sserung.<\/p>\n<p><\/p>\n<p>Entworfen, um perfekt in ein 100x100cm Growzelt zu passen, bietet der Fluttisch dank seiner runden Aussparungen an den Ecken Platz f\u00fcr die Zeltpfosten an den 4 Au\u00dfenkanten.<\/p>\n<p><\/p>\n<p>Rohrsystem<\/p>\n<p>Der 40 Liter fassende growTANK mit Pumpe, der sich unter dem growRACK befindet, erm\u00f6glicht eine zuverl\u00e4ssige Verteilung der N\u00e4hrl\u00f6sung nach oben durch den growTABLE 1.0.<\/p>\n<p><\/p>\n<p>Die Bew\u00e4sserung wird dann kontrolliert durch 3 &#8222;Asserspinnen&#8220; verteilt, die mit 4 flexiblen Schl\u00e4uchen von je 1m L\u00e4nge ausgestattet sind, so dass die 12 Tropfstangen an den Enden der Schl\u00e4uche die N\u00e4hrl\u00f6sung pr\u00e4zise in die AIR-POTS abgeben k\u00f6nnen.<\/p>\n<p><\/p>\n<p>Filter<\/p>\n<p>Das direkt an die Pumpe angeschraubte Flachfiltersystem sorgt f\u00fcr eine effektive Reinigung der N\u00e4hrl\u00f6sung und verhindert so Fehlfunktionen der Pipette. Das Reinigen und Austauschen des Filters ist einfach und kann vom Benutzer selbst durchgef\u00fchrt werden. <\/p>\n<p><\/p>\n<p>&#8211; 12x Superoot AIR-POT 3L<\/p>\n<p>&#8211; Bew\u00e4sserungskreislauf mit 3 Wasserspinnen, ausgestattet mit 12 Tropfern<\/p>\n<p>&#8211; growTABLE quadratisch 1.0<\/p>\n<p>&#8211; Entw\u00e4sserungs- und Zulaufset f\u00fcr den Fluttisch<\/p>\n<p>&#8211; growRACK modular 1.0 &#8211; 25<\/p>\n<p>&#8211; Filtersystem f\u00fcr Pumpen<\/p>\n<p>&#8211; growPUMP HX-8825 N\u00e4hrstoff<\/p>\n<p>&#8211; 40 Liter (ERDE)<\/p>\n<p>&#8211; <strong>Optional auf Wunsch<\/strong> mit 75 Litern (HYDRO)<\/p>\n<\/div>\n<div class=\"product attribute ean\"><strong class=\"type\"> <span class=\"value ean\">EAN-4260358342306<\/span><\/strong><\/div>\n","protected":false},"excerpt":{"rendered":"<p>wachsenWerkzeug Der Fluttisch 1.0 von growTool sorgt durch seine tiefere Entw\u00e4sserungsraupe, die durch das optimierte Oberfl\u00e4chenraster und die Aussparungen schnell erreicht wird und so Verstopfungen vermeidet, f\u00fcr eine effiziente Entw\u00e4sserung. Entworfen, um perfekt in ein 100x100cm Growzelt zu passen, bietet der Fluttisch dank seiner runden Aussparungen an den Ecken Platz f\u00fcr die Zeltpfosten an den [&hellip;]<\/p>\n","protected":false},"featured_media":8974,"comment_status":"open","ping_status":"closed","template":"","meta":{"_seopress_robots_primary_cat":"","_seopress_titles_title":"","_seopress_titles_desc":"","_seopress_robots_index":""},"product_brand":[],"product_cat":[619],"product_tag":[],"class_list":{"0":"post-19067","1":"product","2":"type-product","3":"status-publish","4":"has-post-thumbnail","6":"product_cat-hydro-und-aeroponische-systeme","9":"instock","10":"taxable","11":"shipping-taxable","12":"purchasable","13":"product-type-simple","14":"product-grid-view"},"_links":{"self":[{"href":"https:\/\/greenkingdom.ch\/de\/wp-json\/wp\/v2\/product\/19067","targetHints":{"allow":["GET"]}}],"collection":[{"href":"https:\/\/greenkingdom.ch\/de\/wp-json\/wp\/v2\/product"}],"about":[{"href":"https:\/\/greenkingdom.ch\/de\/wp-json\/wp\/v2\/types\/product"}],"replies":[{"embeddable":true,"href":"https:\/\/greenkingdom.ch\/de\/wp-json\/wp\/v2\/comments?post=19067"}],"version-history":[{"count":0,"href":"https:\/\/greenkingdom.ch\/de\/wp-json\/wp\/v2\/product\/19067\/revisions"}],"wp:featuredmedia":[{"embeddable":true,"href":"https:\/\/greenkingdom.ch\/de\/wp-json\/wp\/v2\/media\/8974"}],"wp:attachment":[{"href":"https:\/\/greenkingdom.ch\/de\/wp-json\/wp\/v2\/media?parent=19067"}],"wp:term":[{"taxonomy":"product_brand","embeddable":true,"href":"https:\/\/greenkingdom.ch\/de\/wp-json\/wp\/v2\/product_brand?post=19067"},{"taxonomy":"product_cat","embeddable":true,"href":"https:\/\/greenkingdom.ch\/de\/wp-json\/wp\/v2\/product_cat?post=19067"},{"taxonomy":"product_tag","embeddable":true,"href":"https:\/\/greenkingdom.ch\/de\/wp-json\/wp\/v2\/product_tag?post=19067"}],"curies":[{"name":"wp","href":"https:\/\/api.w.org\/{rel}","templated":true}]}}