{"id":19072,"date":"2024-10-11T16:38:22","date_gmt":"2024-10-11T14:38:22","guid":{"rendered":"https:\/\/greenkingdom.ch\/product\/growsystem-airpot-0-8\/"},"modified":"2024-10-11T16:38:22","modified_gmt":"2024-10-11T14:38:22","slug":"growsystem-airpot-0-8","status":"publish","type":"product","link":"https:\/\/greenkingdom.ch\/de\/produkt\/growsystem-airpot-0-8\/","title":{"rendered":"GrowSYSTEM Airpot 0.8"},"content":{"rendered":"<p>Entdecken Sie das growTool, ein komplettes System f\u00fcr die Hydrokultur im Innenbereich. Der growTool 0.8 Fluttisch bietet durch sein ausgekl\u00fcgeltes Design eine schnelle Entw\u00e4sserung. Er passt perfekt in ein 80&#215;80 cm gro\u00dfes Growzelt und l\u00e4sst mit seinen runden Aussparungen an den Ecken Platz f\u00fcr die Pfosten. Das Schlauchsystem des growTools ist f\u00fcr eine effiziente Verteilung der N\u00e4hrl\u00f6sung ausgelegt. Bei der Ankunft an der Spitze des Fluttisches wird die Bew\u00e4sserung durch &#8222;Wasserspinnen&#8220; auf die AIR-POTs verteilt, um die Pflanzen kontrolliert zu f\u00fcttern. Das eingebaute Filtersystem sorgt f\u00fcr eine einfache Reinigung der N\u00e4hrl\u00f6sung und verhindert so Fehlfunktionen der Tropfer. Mit hochwertigen Komponenten wie dem Superoot AIR-POT 3L, dem growTABLE 0.8 und dem modularen growRACK bietet das growTool eine komplette und effiziente L\u00f6sung f\u00fcr die Hydrokultur. Komplett mit einer Pumpe, einem 40-Liter-Vorratstank und N\u00e4hrstoffen ist das growTool das ideale Set, um das Wachstum Deiner Pflanzen zu optimieren. EAN-Referenz: 4260358342207. Transformiere Dein Anbauerlebnis mit dem growTool!  <\/p>\n","protected":false},"excerpt":{"rendered":"<p>Entdecken Sie das growTool, ein komplettes System f\u00fcr die Hydrokultur im Innenbereich. Der growTool 0.8 Fluttisch bietet durch sein ausgekl\u00fcgeltes Design eine schnelle Entw\u00e4sserung. Er passt perfekt in ein 80&#215;80 cm gro\u00dfes Growzelt und l\u00e4sst mit seinen runden Aussparungen an den Ecken Platz f\u00fcr die Pfosten. Das Schlauchsystem des growTools ist f\u00fcr eine effiziente Verteilung [&hellip;]<\/p>\n","protected":false},"featured_media":8968,"comment_status":"open","ping_status":"closed","template":"","meta":{"_seopress_robots_primary_cat":"","_seopress_titles_title":"","_seopress_titles_desc":"","_seopress_robots_index":""},"product_brand":[],"product_cat":[619],"product_tag":[],"class_list":{"0":"post-19072","1":"product","2":"type-product","3":"status-publish","4":"has-post-thumbnail","6":"product_cat-hydro-und-aeroponische-systeme","9":"instock","10":"taxable","11":"shipping-taxable","12":"purchasable","13":"product-type-simple","14":"product-grid-view"},"_links":{"self":[{"href":"https:\/\/greenkingdom.ch\/de\/wp-json\/wp\/v2\/product\/19072","targetHints":{"allow":["GET"]}}],"collection":[{"href":"https:\/\/greenkingdom.ch\/de\/wp-json\/wp\/v2\/product"}],"about":[{"href":"https:\/\/greenkingdom.ch\/de\/wp-json\/wp\/v2\/types\/product"}],"replies":[{"embeddable":true,"href":"https:\/\/greenkingdom.ch\/de\/wp-json\/wp\/v2\/comments?post=19072"}],"version-history":[{"count":0,"href":"https:\/\/greenkingdom.ch\/de\/wp-json\/wp\/v2\/product\/19072\/revisions"}],"wp:featuredmedia":[{"embeddable":true,"href":"https:\/\/greenkingdom.ch\/de\/wp-json\/wp\/v2\/media\/8968"}],"wp:attachment":[{"href":"https:\/\/greenkingdom.ch\/de\/wp-json\/wp\/v2\/media?parent=19072"}],"wp:term":[{"taxonomy":"product_brand","embeddable":true,"href":"https:\/\/greenkingdom.ch\/de\/wp-json\/wp\/v2\/product_brand?post=19072"},{"taxonomy":"product_cat","embeddable":true,"href":"https:\/\/greenkingdom.ch\/de\/wp-json\/wp\/v2\/product_cat?post=19072"},{"taxonomy":"product_tag","embeddable":true,"href":"https:\/\/greenkingdom.ch\/de\/wp-json\/wp\/v2\/product_tag?post=19072"}],"curies":[{"name":"wp","href":"https:\/\/api.w.org\/{rel}","templated":true}]}}