{"id":19074,"date":"2024-10-11T16:38:23","date_gmt":"2024-10-11T14:38:23","guid":{"rendered":"https:\/\/greenkingdom.ch\/product\/bluelab-waechter\/"},"modified":"2024-10-11T16:38:23","modified_gmt":"2024-10-11T14:38:23","slug":"bluelab-waechter","status":"publish","type":"product","link":"https:\/\/greenkingdom.ch\/de\/produkt\/bluelab-waechter\/","title":{"rendered":"BlueLab W\u00e4chter"},"content":{"rendered":"<p>Der Bluelab Guardian ist das ultimative Werkzeug von Bluelab. Behalten Sie Ihre Pflanzen Tag und Nacht im Auge mit diesem W\u00e4chter, der station\u00e4r arbeitet und gleichzeitig mit Strom versorgt wird. Die Sonden k\u00f6nnen auch kontinuierlich in der N\u00e4hrl\u00f6sung belassen werden. Der Bluelab Guardian zeigt in Echtzeit die Idealwerte f\u00fcr EC\/TDS\/ppm 500 (KCl) \/ ppm 700 (NaCl), pH und Temperatur an. Auf diese Weise kannst Du diese Parameter in jeder Phase des Wachstums Deiner Pflanzen schnell optimieren. Mit seinen Alarmen warnt Sie der Guardian sofort, wenn es eine Abweichung von den von Ihnen eingestellten Idealwerten gibt. Reagiere effektiv, um eine optimale Umgebung f\u00fcr Deine Pflanzen zu erhalten. Technische Merkmale:<br \/>\n&#8211; Einstellbare Displayhelligkeit f\u00fcr gute<br \/>\n Ablesbarkeit- Gro\u00dfes, gut ablesbares<br \/>\n Display- Keine Kalibrierung f\u00fcr Leitf\u00e4higkeit und Temperatur<br \/>\n erforderlich- pH-Kalibrierung auf Knopfdruck<br \/>\n&#8211; Frei<br \/>\n w\u00e4hlbare Leitf\u00e4higkeits- und Temperatureinheiten- Alarme<br \/>\n f\u00fcr Maximal- und Minimalwerte- Messbereich:<br \/>\n &#8211; CE (0 &#8211; 5,0)<br \/>\n &#8211; CF (0 &#8211; 50)<br \/>\n &#8211; TDS \/ ppm 500 (KCl) (0 &#8211; 2500)<br \/>\n &#8211; ppm 700 (NaCl) (0 &#8211; 3500)<br \/>\n &#8211; pH (0,0 &#8211; 14,0)<br \/>\n &#8211; \u00b0C (0 &#8211; 50)<br \/>\n &#8211; \u00b0F (32 &#8211; 122) Setzen Sie die Chancen mit dem Bluelab Guardian zu Ihren Gunsten! EAN: 9421024920081  <\/p>\n","protected":false},"excerpt":{"rendered":"<p>Der Bluelab Guardian ist das ultimative Werkzeug von Bluelab. Behalten Sie Ihre Pflanzen Tag und Nacht im Auge mit diesem W\u00e4chter, der station\u00e4r arbeitet und gleichzeitig mit Strom versorgt wird. Die Sonden k\u00f6nnen auch kontinuierlich in der N\u00e4hrl\u00f6sung belassen werden. Der Bluelab Guardian zeigt in Echtzeit die Idealwerte f\u00fcr EC\/TDS\/ppm 500 (KCl) \/ ppm 700 [&hellip;]<\/p>\n","protected":false},"featured_media":9004,"comment_status":"open","ping_status":"closed","template":"","meta":{"_seopress_robots_primary_cat":"","_seopress_titles_title":"","_seopress_titles_desc":"","_seopress_robots_index":""},"product_brand":[],"product_cat":[594],"product_tag":[],"class_list":{"0":"post-19074","1":"product","2":"type-product","3":"status-publish","4":"has-post-thumbnail","6":"product_cat-instrumente","9":"instock","10":"taxable","11":"shipping-taxable","12":"purchasable","13":"product-type-simple","14":"product-grid-view"},"_links":{"self":[{"href":"https:\/\/greenkingdom.ch\/de\/wp-json\/wp\/v2\/product\/19074","targetHints":{"allow":["GET"]}}],"collection":[{"href":"https:\/\/greenkingdom.ch\/de\/wp-json\/wp\/v2\/product"}],"about":[{"href":"https:\/\/greenkingdom.ch\/de\/wp-json\/wp\/v2\/types\/product"}],"replies":[{"embeddable":true,"href":"https:\/\/greenkingdom.ch\/de\/wp-json\/wp\/v2\/comments?post=19074"}],"version-history":[{"count":0,"href":"https:\/\/greenkingdom.ch\/de\/wp-json\/wp\/v2\/product\/19074\/revisions"}],"wp:featuredmedia":[{"embeddable":true,"href":"https:\/\/greenkingdom.ch\/de\/wp-json\/wp\/v2\/media\/9004"}],"wp:attachment":[{"href":"https:\/\/greenkingdom.ch\/de\/wp-json\/wp\/v2\/media?parent=19074"}],"wp:term":[{"taxonomy":"product_brand","embeddable":true,"href":"https:\/\/greenkingdom.ch\/de\/wp-json\/wp\/v2\/product_brand?post=19074"},{"taxonomy":"product_cat","embeddable":true,"href":"https:\/\/greenkingdom.ch\/de\/wp-json\/wp\/v2\/product_cat?post=19074"},{"taxonomy":"product_tag","embeddable":true,"href":"https:\/\/greenkingdom.ch\/de\/wp-json\/wp\/v2\/product_tag?post=19074"}],"curies":[{"name":"wp","href":"https:\/\/api.w.org\/{rel}","templated":true}]}}