{"id":19079,"date":"2024-10-11T16:38:22","date_gmt":"2024-10-11T14:38:22","guid":{"rendered":"https:\/\/greenkingdom.ch\/product\/nft-multiduct-complate-set-2m-x-1m\/"},"modified":"2024-10-11T16:38:22","modified_gmt":"2024-10-11T14:38:22","slug":"nft-multiduct-complate-set-2m-x-1m","status":"publish","type":"product","link":"https:\/\/greenkingdom.ch\/de\/produkt\/nft-multiduct-complate-set-2m-x-1m\/","title":{"rendered":"NFT Multiduct Compl\u00e0te Set 2m x 1m"},"content":{"rendered":"<p>Entdecken Sie die ideale L\u00f6sung, um Ihre Pflanzen dank der NFT, der Nutrient Film Technique, regelm\u00e4\u00dfig mit allen N\u00e4hrstoffen zu versorgen, die sie ben\u00f6tigen. Die Vorteile des Gro Tanks:<br \/>\n&#8211; Hervorragende Versorgung und Verteilung von N\u00e4hrl\u00f6sungen.<br \/>\n&#8211; Einfacher Zugang zu Pumpe und N\u00e4hrstoffen.<br \/>\n&#8211; Gro\u00dfz\u00fcgige Menge an N\u00e4hrl\u00f6sung f\u00fcr Pflanzen.<br \/>\n&#8211; Beseitigung der \u00fcblichen Wurzelkrankheiten von Pflanzen im Boden.<br \/>\n&#8211; Kontinuierliche Sauerstoffversorgung.<br \/>\n&#8211; Low-Level-System zur Optimierung des Platzes. Zu den Vorteilen des NFT geh\u00f6ren fr\u00fche Ernten und optimiertes Wurzelwachstum, ohne das Risiko von Krankheiten, \u00dcberw\u00e4sserung oder Unkraut. Dar\u00fcber hinaus ist es einfach zu montieren und an verschiedene R\u00e4ume anpassbar. G\u00f6nnen Sie Ihren Pflanzen die beste Pflege mit dem NFT-System: &#8211; Einfach zu montieren. &#8211; Entwickelt, um den vertikalen Raum zu maximieren. &#8211; Anpassbar an verschiedene Beleuchtungsanordnungen. &#8211; Robust und langlebig. Abmessungen: Verschiedene Optionen verf\u00fcgbar<br \/>\n&#8211; Inklusive Pumpe und Zubeh\u00f6r<br \/>\n&#8211; 2000 mm x 1000 mm x 215 mm<br \/>\n&#8211; Tankinhalt: 123 Liter EAN-Referenz: 5060193564388<\/p>\n","protected":false},"excerpt":{"rendered":"<p>Entdecken Sie die ideale L\u00f6sung, um Ihre Pflanzen dank der NFT, der Nutrient Film Technique, regelm\u00e4\u00dfig mit allen N\u00e4hrstoffen zu versorgen, die sie ben\u00f6tigen. Die Vorteile des Gro Tanks: &#8211; Hervorragende Versorgung und Verteilung von N\u00e4hrl\u00f6sungen. &#8211; Einfacher Zugang zu Pumpe und N\u00e4hrstoffen. &#8211; Gro\u00dfz\u00fcgige Menge an N\u00e4hrl\u00f6sung f\u00fcr Pflanzen. &#8211; Beseitigung der \u00fcblichen Wurzelkrankheiten [&hellip;]<\/p>\n","protected":false},"featured_media":8962,"comment_status":"open","ping_status":"closed","template":"","meta":{"_seopress_robots_primary_cat":"","_seopress_titles_title":"","_seopress_titles_desc":"","_seopress_robots_index":""},"product_brand":[],"product_cat":[619],"product_tag":[],"class_list":{"0":"post-19079","1":"product","2":"type-product","3":"status-publish","4":"has-post-thumbnail","6":"product_cat-hydro-und-aeroponische-systeme","9":"instock","10":"taxable","11":"shipping-taxable","12":"purchasable","13":"product-type-simple","14":"product-grid-view"},"_links":{"self":[{"href":"https:\/\/greenkingdom.ch\/de\/wp-json\/wp\/v2\/product\/19079","targetHints":{"allow":["GET"]}}],"collection":[{"href":"https:\/\/greenkingdom.ch\/de\/wp-json\/wp\/v2\/product"}],"about":[{"href":"https:\/\/greenkingdom.ch\/de\/wp-json\/wp\/v2\/types\/product"}],"replies":[{"embeddable":true,"href":"https:\/\/greenkingdom.ch\/de\/wp-json\/wp\/v2\/comments?post=19079"}],"version-history":[{"count":0,"href":"https:\/\/greenkingdom.ch\/de\/wp-json\/wp\/v2\/product\/19079\/revisions"}],"wp:featuredmedia":[{"embeddable":true,"href":"https:\/\/greenkingdom.ch\/de\/wp-json\/wp\/v2\/media\/8962"}],"wp:attachment":[{"href":"https:\/\/greenkingdom.ch\/de\/wp-json\/wp\/v2\/media?parent=19079"}],"wp:term":[{"taxonomy":"product_brand","embeddable":true,"href":"https:\/\/greenkingdom.ch\/de\/wp-json\/wp\/v2\/product_brand?post=19079"},{"taxonomy":"product_cat","embeddable":true,"href":"https:\/\/greenkingdom.ch\/de\/wp-json\/wp\/v2\/product_cat?post=19079"},{"taxonomy":"product_tag","embeddable":true,"href":"https:\/\/greenkingdom.ch\/de\/wp-json\/wp\/v2\/product_tag?post=19079"}],"curies":[{"name":"wp","href":"https:\/\/api.w.org\/{rel}","templated":true}]}}