{"id":19081,"date":"2024-10-11T16:38:23","date_gmt":"2024-10-11T14:38:23","guid":{"rendered":"https:\/\/greenkingdom.ch\/product\/aquamaster-tools-ph-temperaturmessgeraet-p50-pro\/"},"modified":"2024-10-11T16:38:23","modified_gmt":"2024-10-11T14:38:23","slug":"aquamaster-tools-ph-temperaturmessgeraet-p50-pro","status":"publish","type":"product","link":"https:\/\/greenkingdom.ch\/de\/produkt\/aquamaster-tools-ph-temperaturmessgeraet-p50-pro\/","title":{"rendered":"Aquamaster Tools pH-Temperaturmessger\u00e4t P50 Pro"},"content":{"rendered":"<p>Lernen Sie das P50 Pro pH-Messger\u00e4t von Aqua Master Tools kennen, die Spitze der Technologie zur genauen Messung von pH und Temperatur. Dieses Modell ist ideal f\u00fcr Pflanzen, Pools, Teiche und Teiche, vorkalibriert und gebrauchsfertig. Einfach zu bedienen, Sie m\u00fcssen nur eine Taste dr\u00fccken, um zwischen den Einstellungen zu wechseln. Tauchen Sie es in Leitungswasser, entfernen Sie die Schutzkappe und lassen Sie es den Rest erledigen. Mit einem pH-Messbereich von 0,0 bis 14,0 und einer Temperatur von 0 \u00b0C bis 50 \u00b0C bietet Ihnen dieses pH-Messger\u00e4t eine hohe Genauigkeit mit einer Aufl\u00f6sung von \u00b1 0,1 f\u00fcr den pH-Wert und 0,1 \u00b0C f\u00fcr die Temperatur. Kompakt und leicht, wird es mit allem geliefert, was Sie brauchen, einschlie\u00dflich Batterien. Verpassen Sie nicht die Gelegenheit, pH-Wert und Temperatur effizient zu messen, mit einem wasserdichten Design und einer automatischen Abschaltung, um die Batterielebensdauer zu verl\u00e4ngern. Bestellen Sie noch heute Ihr P50 Pro pH-Messger\u00e4t und stellen Sie sicher, dass Sie immer die richtige Messung zur Hand haben.   <\/p>\n","protected":false},"excerpt":{"rendered":"<p>Lernen Sie das P50 Pro pH-Messger\u00e4t von Aqua Master Tools kennen, die Spitze der Technologie zur genauen Messung von pH und Temperatur. Dieses Modell ist ideal f\u00fcr Pflanzen, Pools, Teiche und Teiche, vorkalibriert und gebrauchsfertig. Einfach zu bedienen, Sie m\u00fcssen nur eine Taste dr\u00fccken, um zwischen den Einstellungen zu wechseln. Tauchen Sie es in Leitungswasser, [&hellip;]<\/p>\n","protected":false},"featured_media":8998,"comment_status":"open","ping_status":"closed","template":"","meta":{"_seopress_robots_primary_cat":"","_seopress_titles_title":"","_seopress_titles_desc":"","_seopress_robots_index":""},"product_brand":[],"product_cat":[594],"product_tag":[],"class_list":{"0":"post-19081","1":"product","2":"type-product","3":"status-publish","4":"has-post-thumbnail","6":"product_cat-instrumente","9":"instock","10":"taxable","11":"shipping-taxable","12":"purchasable","13":"product-type-simple","14":"product-grid-view"},"_links":{"self":[{"href":"https:\/\/greenkingdom.ch\/de\/wp-json\/wp\/v2\/product\/19081","targetHints":{"allow":["GET"]}}],"collection":[{"href":"https:\/\/greenkingdom.ch\/de\/wp-json\/wp\/v2\/product"}],"about":[{"href":"https:\/\/greenkingdom.ch\/de\/wp-json\/wp\/v2\/types\/product"}],"replies":[{"embeddable":true,"href":"https:\/\/greenkingdom.ch\/de\/wp-json\/wp\/v2\/comments?post=19081"}],"version-history":[{"count":0,"href":"https:\/\/greenkingdom.ch\/de\/wp-json\/wp\/v2\/product\/19081\/revisions"}],"wp:featuredmedia":[{"embeddable":true,"href":"https:\/\/greenkingdom.ch\/de\/wp-json\/wp\/v2\/media\/8998"}],"wp:attachment":[{"href":"https:\/\/greenkingdom.ch\/de\/wp-json\/wp\/v2\/media?parent=19081"}],"wp:term":[{"taxonomy":"product_brand","embeddable":true,"href":"https:\/\/greenkingdom.ch\/de\/wp-json\/wp\/v2\/product_brand?post=19081"},{"taxonomy":"product_cat","embeddable":true,"href":"https:\/\/greenkingdom.ch\/de\/wp-json\/wp\/v2\/product_cat?post=19081"},{"taxonomy":"product_tag","embeddable":true,"href":"https:\/\/greenkingdom.ch\/de\/wp-json\/wp\/v2\/product_tag?post=19081"}],"curies":[{"name":"wp","href":"https:\/\/api.w.org\/{rel}","templated":true}]}}