{"id":19082,"date":"2024-10-11T16:38:23","date_gmt":"2024-10-11T14:38:23","guid":{"rendered":"https:\/\/greenkingdom.ch\/product\/growsystem-aeroponik-1-0\/"},"modified":"2024-10-11T16:38:23","modified_gmt":"2024-10-11T14:38:23","slug":"growsystem-aeroponik-1-0","status":"publish","type":"product","link":"https:\/\/greenkingdom.ch\/de\/produkt\/growsystem-aeroponik-1-0\/","title":{"rendered":"GrowSYSTEM Aeroponik 1.0"},"content":{"rendered":"<p>Lernen Sie das GrowSYSTEM 1.0 Aeroponic kennen, das ultimative aeroponische und hydroponische Bew\u00e4sserungssystem von Growtool. Konzipiert f\u00fcr Hobby- und Profig\u00e4rtner, bietet dieses System dank seiner Spr\u00fchd\u00fcsen eine gleichm\u00e4\u00dfige, ultrafeine Wasserverteilung. Dank des eingebauten Wasserfilters m\u00fcssen Sie sich keine Sorgen \u00fcber Verstopfungen machen. Das GrowSYSTEM Aeroponic 1.0 bietet Platz f\u00fcr bis zu 24 Pflanzen auf einem Quadratmeter. Seine abgerundeten Ecken passen perfekt in verschiedene Growboxen wie die Homebox L oder die Growlab 100. Mit dem GrowDECK und dem GrowTABLE kannst Du Deine Setzlinge ganz einfach z\u00fcchten. Dieses System ist mit einer zuverl\u00e4ssigen Pumpe, einem effizienten Filtersystem und einem Aluminiumgestell f\u00fcr die regelm\u00e4\u00dfige Bew\u00e4sserung ausgestattet. Profitieren Sie auch von seinem Komplettpaket, bestehend aus dem GrowTABLE, der GrowPUMP HX-8830, dem GrowTANK Nutrient 90L und vielem mehr. Verpassen Sie nicht diese Chance, Ihre Gartenarbeit auf die n\u00e4chste Stufe zu heben! Bestellen Sie jetzt und genie\u00dfen Sie die Palettenlieferung f\u00fcr dieses Qualit\u00e4tsprodukt.  <\/p>\n","protected":false},"excerpt":{"rendered":"<p>Lernen Sie das GrowSYSTEM 1.0 Aeroponic kennen, das ultimative aeroponische und hydroponische Bew\u00e4sserungssystem von Growtool. Konzipiert f\u00fcr Hobby- und Profig\u00e4rtner, bietet dieses System dank seiner Spr\u00fchd\u00fcsen eine gleichm\u00e4\u00dfige, ultrafeine Wasserverteilung. Dank des eingebauten Wasserfilters m\u00fcssen Sie sich keine Sorgen \u00fcber Verstopfungen machen. Das GrowSYSTEM Aeroponic 1.0 bietet Platz f\u00fcr bis zu 24 Pflanzen auf einem [&hellip;]<\/p>\n","protected":false},"featured_media":8986,"comment_status":"open","ping_status":"closed","template":"","meta":{"_seopress_robots_primary_cat":"","_seopress_titles_title":"","_seopress_titles_desc":"","_seopress_robots_index":""},"product_brand":[],"product_cat":[619],"product_tag":[],"class_list":{"0":"post-19082","1":"product","2":"type-product","3":"status-publish","4":"has-post-thumbnail","6":"product_cat-hydro-und-aeroponische-systeme","9":"instock","10":"taxable","11":"shipping-taxable","12":"purchasable","13":"product-type-simple","14":"product-grid-view"},"_links":{"self":[{"href":"https:\/\/greenkingdom.ch\/de\/wp-json\/wp\/v2\/product\/19082","targetHints":{"allow":["GET"]}}],"collection":[{"href":"https:\/\/greenkingdom.ch\/de\/wp-json\/wp\/v2\/product"}],"about":[{"href":"https:\/\/greenkingdom.ch\/de\/wp-json\/wp\/v2\/types\/product"}],"replies":[{"embeddable":true,"href":"https:\/\/greenkingdom.ch\/de\/wp-json\/wp\/v2\/comments?post=19082"}],"version-history":[{"count":0,"href":"https:\/\/greenkingdom.ch\/de\/wp-json\/wp\/v2\/product\/19082\/revisions"}],"wp:featuredmedia":[{"embeddable":true,"href":"https:\/\/greenkingdom.ch\/de\/wp-json\/wp\/v2\/media\/8986"}],"wp:attachment":[{"href":"https:\/\/greenkingdom.ch\/de\/wp-json\/wp\/v2\/media?parent=19082"}],"wp:term":[{"taxonomy":"product_brand","embeddable":true,"href":"https:\/\/greenkingdom.ch\/de\/wp-json\/wp\/v2\/product_brand?post=19082"},{"taxonomy":"product_cat","embeddable":true,"href":"https:\/\/greenkingdom.ch\/de\/wp-json\/wp\/v2\/product_cat?post=19082"},{"taxonomy":"product_tag","embeddable":true,"href":"https:\/\/greenkingdom.ch\/de\/wp-json\/wp\/v2\/product_tag?post=19082"}],"curies":[{"name":"wp","href":"https:\/\/api.w.org\/{rel}","templated":true}]}}