{"id":19087,"date":"2024-10-11T16:38:23","date_gmt":"2024-10-11T14:38:23","guid":{"rendered":"https:\/\/greenkingdom.ch\/product\/aquamaster-tools-ec-temperaturmesser-e50-pro\/"},"modified":"2024-10-11T16:38:23","modified_gmt":"2024-10-11T14:38:23","slug":"aquamaster-tools-ec-temperaturmesser-e50-pro","status":"publish","type":"product","link":"https:\/\/greenkingdom.ch\/de\/produkt\/aquamaster-tools-ec-temperaturmesser-e50-pro\/","title":{"rendered":"Aquamaster Tools EC Temperaturmesser E50 Pro"},"content":{"rendered":"<p>Schauen Sie sich das neue EC E50 Pro Thermometer von Aqua Master Tools an, das sich ideal f\u00fcr die Messung von EC und Temperatur in einer Vielzahl von Anwendungen eignet, von fl\u00fcssiger Pflanzennahrung bis hin zu Poolwasser. Mit seiner Benutzerfreundlichkeit und Pr\u00e4zision ist der E50 Pro ein unverzichtbares Werkzeug. Er wird mit vorkalibrierten Batterien f\u00fcr den sofortigen Einsatz geliefert. Entdecken Sie den Messbereich, die Aufl\u00f6sung und vieles mehr. Verpassen Sie nicht n\u00fctzliche Videos f\u00fcr eine optimale Nutzung. Wasserdicht und kompakt ist dieses Thermometer ein unverzichtbarer Verb\u00fcndeter. Genie\u00dfen Sie die Genauigkeit und den Komfort des EC-Temperaturmessger\u00e4ts E50 Pro bei all Ihren Messanforderungen.      <\/p>\n","protected":false},"excerpt":{"rendered":"<p>Schauen Sie sich das neue EC E50 Pro Thermometer von Aqua Master Tools an, das sich ideal f\u00fcr die Messung von EC und Temperatur in einer Vielzahl von Anwendungen eignet, von fl\u00fcssiger Pflanzennahrung bis hin zu Poolwasser. Mit seiner Benutzerfreundlichkeit und Pr\u00e4zision ist der E50 Pro ein unverzichtbares Werkzeug. Er wird mit vorkalibrierten Batterien f\u00fcr [&hellip;]<\/p>\n","protected":false},"featured_media":8992,"comment_status":"open","ping_status":"closed","template":"","meta":{"_seopress_robots_primary_cat":"","_seopress_titles_title":"","_seopress_titles_desc":"","_seopress_robots_index":""},"product_brand":[],"product_cat":[594],"product_tag":[],"class_list":{"0":"post-19087","1":"product","2":"type-product","3":"status-publish","4":"has-post-thumbnail","6":"product_cat-instrumente","9":"instock","10":"taxable","11":"shipping-taxable","12":"purchasable","13":"product-type-simple","14":"product-grid-view"},"_links":{"self":[{"href":"https:\/\/greenkingdom.ch\/de\/wp-json\/wp\/v2\/product\/19087","targetHints":{"allow":["GET"]}}],"collection":[{"href":"https:\/\/greenkingdom.ch\/de\/wp-json\/wp\/v2\/product"}],"about":[{"href":"https:\/\/greenkingdom.ch\/de\/wp-json\/wp\/v2\/types\/product"}],"replies":[{"embeddable":true,"href":"https:\/\/greenkingdom.ch\/de\/wp-json\/wp\/v2\/comments?post=19087"}],"version-history":[{"count":0,"href":"https:\/\/greenkingdom.ch\/de\/wp-json\/wp\/v2\/product\/19087\/revisions"}],"wp:featuredmedia":[{"embeddable":true,"href":"https:\/\/greenkingdom.ch\/de\/wp-json\/wp\/v2\/media\/8992"}],"wp:attachment":[{"href":"https:\/\/greenkingdom.ch\/de\/wp-json\/wp\/v2\/media?parent=19087"}],"wp:term":[{"taxonomy":"product_brand","embeddable":true,"href":"https:\/\/greenkingdom.ch\/de\/wp-json\/wp\/v2\/product_brand?post=19087"},{"taxonomy":"product_cat","embeddable":true,"href":"https:\/\/greenkingdom.ch\/de\/wp-json\/wp\/v2\/product_cat?post=19087"},{"taxonomy":"product_tag","embeddable":true,"href":"https:\/\/greenkingdom.ch\/de\/wp-json\/wp\/v2\/product_tag?post=19087"}],"curies":[{"name":"wp","href":"https:\/\/api.w.org\/{rel}","templated":true}]}}