{"id":19089,"date":"2024-10-11T16:38:45","date_gmt":"2024-10-11T14:38:45","guid":{"rendered":"https:\/\/greenkingdom.ch\/product\/bluelab-combometer\/"},"modified":"2024-10-11T16:38:45","modified_gmt":"2024-10-11T14:38:45","slug":"bluelab-combometer","status":"publish","type":"product","link":"https:\/\/greenkingdom.ch\/de\/produkt\/bluelab-combometer\/","title":{"rendered":"BlueLab Combometer"},"content":{"rendered":"<p>Lernen Sie den Bluelab Combo kennen, ein tragbares, vielseitiges Ger\u00e4t, das Leitf\u00e4higkeit, pH-Wert und Temperatur in einem praktischen Ger\u00e4t misst. Diese innovative Kombination verf\u00fcgt \u00fcber zwei separate Sonden f\u00fcr eine genaue Messung: eine f\u00fcr die Leitf\u00e4higkeit (CE) und die andere f\u00fcr den pH-Wert. Einfach zu bedienen, tauchen Sie die Sonden einfach in die L\u00f6sung und die Werte werden sofort auf dem Bildschirm angezeigt. Kompakt und batteriebetrieben, zeichnet sich der Bluelab Combo durch seine einfache Bedienung dank seiner automatischen Kalibrierung mit einem einzigen Klick aus. Holen Sie sich eine 5-j\u00e4hrige Garantie auf das Ger\u00e4t und eine 6-monatige Garantie auf die Sonde, damit Sie sich keine Sorgen machen m\u00fcssen. Das Display l\u00e4sst sich an Ihre Bed\u00fcrfnisse anpassen und zeigt Einheiten in \u00b0C oder \u00b0F sowie EC, CF oder TDS\/ppm 500 (KCl) an. Zu den beeindruckenden technischen Merkmalen geh\u00f6ren ein leichtes und tragbares Design, ein gro\u00dfes, leicht ablesbares Display und keine Kalibrierung f\u00fcr Leitf\u00e4higkeit und Temperatur erforderlich. Profitieren Sie von einem erweiterten Messbereich f\u00fcr CE, CF, TDS\/ppm 500 (KCl), pH sowie Temperatur in \u00b0C oder \u00b0F.  Genie\u00dfen Sie die Benutzerfreundlichkeit mit der pH-Kalibrierung mit einem Klick und einer automatischen Abschaltfunktion, um die Batterielebensdauer zu verl\u00e4ngern. Entscheiden Sie sich f\u00fcr die Zuverl\u00e4ssigkeit und Genauigkeit des Bluelab Combo f\u00fcr alle Ihre Messungen, egal ob zu Hause, im Labor oder in Ihrem Garten. Bestellen Sie noch heute und erleben Sie Spitzentechnologie auf Knopfdruck.  <\/p>\n","protected":false},"excerpt":{"rendered":"<p>Lernen Sie den Bluelab Combo kennen, ein tragbares, vielseitiges Ger\u00e4t, das Leitf\u00e4higkeit, pH-Wert und Temperatur in einem praktischen Ger\u00e4t misst. Diese innovative Kombination verf\u00fcgt \u00fcber zwei separate Sonden f\u00fcr eine genaue Messung: eine f\u00fcr die Leitf\u00e4higkeit (CE) und die andere f\u00fcr den pH-Wert. Einfach zu bedienen, tauchen Sie die Sonden einfach in die L\u00f6sung und [&hellip;]<\/p>\n","protected":false},"featured_media":9010,"comment_status":"open","ping_status":"closed","template":"","meta":{"_seopress_robots_primary_cat":"","_seopress_titles_title":"","_seopress_titles_desc":"","_seopress_robots_index":""},"product_brand":[],"product_cat":[594],"product_tag":[],"class_list":{"0":"post-19089","1":"product","2":"type-product","3":"status-publish","4":"has-post-thumbnail","6":"product_cat-instrumente","9":"instock","10":"taxable","11":"shipping-taxable","12":"purchasable","13":"product-type-simple","14":"product-grid-view"},"_links":{"self":[{"href":"https:\/\/greenkingdom.ch\/de\/wp-json\/wp\/v2\/product\/19089","targetHints":{"allow":["GET"]}}],"collection":[{"href":"https:\/\/greenkingdom.ch\/de\/wp-json\/wp\/v2\/product"}],"about":[{"href":"https:\/\/greenkingdom.ch\/de\/wp-json\/wp\/v2\/types\/product"}],"replies":[{"embeddable":true,"href":"https:\/\/greenkingdom.ch\/de\/wp-json\/wp\/v2\/comments?post=19089"}],"version-history":[{"count":0,"href":"https:\/\/greenkingdom.ch\/de\/wp-json\/wp\/v2\/product\/19089\/revisions"}],"wp:featuredmedia":[{"embeddable":true,"href":"https:\/\/greenkingdom.ch\/de\/wp-json\/wp\/v2\/media\/9010"}],"wp:attachment":[{"href":"https:\/\/greenkingdom.ch\/de\/wp-json\/wp\/v2\/media?parent=19089"}],"wp:term":[{"taxonomy":"product_brand","embeddable":true,"href":"https:\/\/greenkingdom.ch\/de\/wp-json\/wp\/v2\/product_brand?post=19089"},{"taxonomy":"product_cat","embeddable":true,"href":"https:\/\/greenkingdom.ch\/de\/wp-json\/wp\/v2\/product_cat?post=19089"},{"taxonomy":"product_tag","embeddable":true,"href":"https:\/\/greenkingdom.ch\/de\/wp-json\/wp\/v2\/product_tag?post=19089"}],"curies":[{"name":"wp","href":"https:\/\/api.w.org\/{rel}","templated":true}]}}