{"id":19103,"date":"2024-10-11T16:38:46","date_gmt":"2024-10-11T14:38:46","guid":{"rendered":"https:\/\/greenkingdom.ch\/product\/wachstumstechnologie-ph-down-1l\/"},"modified":"2024-10-11T16:38:46","modified_gmt":"2024-10-11T14:38:46","slug":"wachstumstechnologie-ph-down-1l","status":"publish","type":"product","link":"https:\/\/greenkingdom.ch\/de\/produkt\/wachstumstechnologie-ph-down-1l\/","title":{"rendered":"Wachstumstechnologie pH-Down 1L"},"content":{"rendered":"<div class=\"value\">\n<h2>Optimiere das Wachstum Deiner hydroponischen Pflanzen mit der Growth Technology pH Down.<\/h2>\n<p><\/p>\n<h3>Growth Technology pH Down ist die perfekte Wahl f\u00fcr die Feinabstimmung des pH-Werts Ihrer hydroponischen N\u00e4hrl\u00f6sung.<\/h3>\n<p><\/p>\n<p>Pflanzen in hydroponischen Systemen gedeihen bei einem pH-Wert von 5,8 bis 6,2. Mit einer hohen Konzentration an Phosphors\u00e4ure (H3PO4) von 81 % hilft Ihnen Growth Technology pH Down, diesen idealen pH-Wert effektiv aufrechtzuerhalten. <\/p>\n<p><\/p>\n<p><strong>Ultrakonzentrierte Formel:<\/strong> Mit seiner konzentrierten Formel sorgt Growth Technology pH Down f\u00fcr eine pr\u00e4zise pH-Regulierung durch den Einsatz von nur kleinen Produktmengen. \u00dcberpr\u00fcfen Sie die Konzentration sorgf\u00e4ltig, um die beste f\u00fcr Ihre Pflanzen auszuw\u00e4hlen. <\/p>\n<p><\/p>\n<p><strong>Sicherheit geht vor:<\/strong> Aufgrund seiner hohen Konzentration gehen Sie mit Growth Technology pH Down vorsichtig um. Handschuhe und Schutzbrille sind ein Muss. Bewahrt das Produkt sicher an einem verschlossenen Ort auf.  <\/p>\n<p><\/p>\n<p><strong>Gebrauchsanweisung:<\/strong> Mischen Sie Growth Technology pH Down vorsichtig mit Ihrer N\u00e4hrl\u00f6sung, um den gew\u00fcnschten pH-Wert zu erreichen. Seine h\u00f6here Dichte als Wasser erfordert eine sorgf\u00e4ltige Handhabung. <\/p>\n<p><\/p>\n<p>Mit der Growth Technology pH Down sorgen Sie f\u00fcr eine optimale Umgebung f\u00fcr Ihre Hydrokulturpflanzen. Eine pr\u00e4zise pH-Kontrolle ist f\u00fcr gesunde Pflanzen und reiche Ernten unerl\u00e4sslich. <\/p>\n<p><\/p>\n<h3>Leistungsbeschreibung:<\/h3>\n<p><\/p>\n<ul>\n<li>Enth\u00e4lt Phosphors\u00e4ure (H3PO4).<\/li>\n<li>Konzentration: 81%.<\/li>\n<li>Ideal f\u00fcr Hydrokulturen.<\/li>\n<li>Vorsichtsma\u00dfnahmen: Tragen Sie Handschuhe und Schutzbrille, sichere Lagerung.<\/li>\n<\/ul>\n<p><\/p>\n<p><a href=\"https:\/\/fourtwenty.ch\/media\/wysiwyg\/alain\/Kategorien\/Downloads\/SDSMSDS\/PDF\/Chemicals\/Informationsblatt_zur_Anwendung_von_pH_FAQ.pdf\" target=\"_blank\" title=\"\" rel=\"noopener\">PDF herunterladen<\/a><\/p>\n<p><\/p>\n<\/div>\n<div class=\"product attribute ean\"><strong class=\"type\"> <span class=\"value ean\">EAN-5025644433309<\/span><\/strong><\/div>\n","protected":false},"excerpt":{"rendered":"<p>Optimiere das Wachstum Deiner hydroponischen Pflanzen mit der Growth Technology pH Down. Growth Technology pH Down ist die perfekte Wahl f\u00fcr die Feinabstimmung des pH-Werts Ihrer hydroponischen N\u00e4hrl\u00f6sung. Pflanzen in hydroponischen Systemen gedeihen bei einem pH-Wert von 5,8 bis 6,2. Mit einer hohen Konzentration an Phosphors\u00e4ure (H3PO4) von 81 % hilft Ihnen Growth Technology pH [&hellip;]<\/p>\n","protected":false},"featured_media":9022,"comment_status":"open","ping_status":"closed","template":"","meta":{"_seopress_robots_primary_cat":"","_seopress_titles_title":"","_seopress_titles_desc":"","_seopress_robots_index":""},"product_brand":[],"product_cat":[586],"product_tag":[],"class_list":{"0":"post-19103","1":"product","2":"type-product","3":"status-publish","4":"has-post-thumbnail","6":"product_cat-sauren-und-basen","9":"instock","10":"taxable","11":"shipping-taxable","12":"purchasable","13":"product-type-simple","14":"product-grid-view"},"_links":{"self":[{"href":"https:\/\/greenkingdom.ch\/de\/wp-json\/wp\/v2\/product\/19103","targetHints":{"allow":["GET"]}}],"collection":[{"href":"https:\/\/greenkingdom.ch\/de\/wp-json\/wp\/v2\/product"}],"about":[{"href":"https:\/\/greenkingdom.ch\/de\/wp-json\/wp\/v2\/types\/product"}],"replies":[{"embeddable":true,"href":"https:\/\/greenkingdom.ch\/de\/wp-json\/wp\/v2\/comments?post=19103"}],"version-history":[{"count":0,"href":"https:\/\/greenkingdom.ch\/de\/wp-json\/wp\/v2\/product\/19103\/revisions"}],"wp:featuredmedia":[{"embeddable":true,"href":"https:\/\/greenkingdom.ch\/de\/wp-json\/wp\/v2\/media\/9022"}],"wp:attachment":[{"href":"https:\/\/greenkingdom.ch\/de\/wp-json\/wp\/v2\/media?parent=19103"}],"wp:term":[{"taxonomy":"product_brand","embeddable":true,"href":"https:\/\/greenkingdom.ch\/de\/wp-json\/wp\/v2\/product_brand?post=19103"},{"taxonomy":"product_cat","embeddable":true,"href":"https:\/\/greenkingdom.ch\/de\/wp-json\/wp\/v2\/product_cat?post=19103"},{"taxonomy":"product_tag","embeddable":true,"href":"https:\/\/greenkingdom.ch\/de\/wp-json\/wp\/v2\/product_tag?post=19103"}],"curies":[{"name":"wp","href":"https:\/\/api.w.org\/{rel}","templated":true}]}}