{"id":19104,"date":"2024-10-11T16:38:47","date_gmt":"2024-10-11T14:38:47","guid":{"rendered":"https:\/\/greenkingdom.ch\/product\/pyrethrum-fs-100ml\/"},"modified":"2024-10-11T16:38:47","modified_gmt":"2024-10-11T14:38:47","slug":"pyrethrum-fs-100ml","status":"publish","type":"product","link":"https:\/\/greenkingdom.ch\/de\/produkt\/pyrethrum-fs-100ml\/","title":{"rendered":"Pyrethrum FS 100ml"},"content":{"rendered":"<p>Um Blattl\u00e4use, Wei\u00dfe Fliegen, Spinnmilben, Thripse und andere Sch\u00e4dlinge auf Deinen Pflanzen zu bek\u00e4mpfen, entdecke unser Pyrethrum FS, ein nat\u00fcrliches Breitbandinsektizid, das aus Chrysanthemenbl\u00fcten gewonnen wird. Ideal gegen Sch\u00e4dlinge, wirkt es durch direkten Kontakt unter den Bl\u00e4ttern f\u00fcr eine optimale Wirksamkeit. Dieses Produkt ist f\u00fcr Obst, Gem\u00fcse und Zierpflanzen geeignet. Achtung: Nicht in der N\u00e4he von Fischen verwenden. Bereiten Sie Ihre Handspr\u00fchger\u00e4te mit unserer handlichen 100-ml-Verpackung vor. Lesen Sie die Anweisungen vor Gebrauch sorgf\u00e4ltig durch. Lassen Sie uns gemeinsam Ihre Pflanzen verantwortungsbewusst erhalten!      <\/p>\n","protected":false},"excerpt":{"rendered":"<p>Um Blattl\u00e4use, Wei\u00dfe Fliegen, Spinnmilben, Thripse und andere Sch\u00e4dlinge auf Deinen Pflanzen zu bek\u00e4mpfen, entdecke unser Pyrethrum FS, ein nat\u00fcrliches Breitbandinsektizid, das aus Chrysanthemenbl\u00fcten gewonnen wird. Ideal gegen Sch\u00e4dlinge, wirkt es durch direkten Kontakt unter den Bl\u00e4ttern f\u00fcr eine optimale Wirksamkeit. Dieses Produkt ist f\u00fcr Obst, Gem\u00fcse und Zierpflanzen geeignet. Achtung: Nicht in der N\u00e4he [&hellip;]<\/p>\n","protected":false},"featured_media":9076,"comment_status":"open","ping_status":"closed","template":"","meta":{"_seopress_robots_primary_cat":"","_seopress_titles_title":"","_seopress_titles_desc":"","_seopress_robots_index":""},"product_brand":[],"product_cat":[604],"product_tag":[],"class_list":{"0":"post-19104","1":"product","2":"type-product","3":"status-publish","4":"has-post-thumbnail","6":"product_cat-klima-de","9":"instock","10":"taxable","11":"shipping-taxable","12":"purchasable","13":"product-type-simple","14":"product-grid-view"},"_links":{"self":[{"href":"https:\/\/greenkingdom.ch\/de\/wp-json\/wp\/v2\/product\/19104","targetHints":{"allow":["GET"]}}],"collection":[{"href":"https:\/\/greenkingdom.ch\/de\/wp-json\/wp\/v2\/product"}],"about":[{"href":"https:\/\/greenkingdom.ch\/de\/wp-json\/wp\/v2\/types\/product"}],"replies":[{"embeddable":true,"href":"https:\/\/greenkingdom.ch\/de\/wp-json\/wp\/v2\/comments?post=19104"}],"version-history":[{"count":0,"href":"https:\/\/greenkingdom.ch\/de\/wp-json\/wp\/v2\/product\/19104\/revisions"}],"wp:featuredmedia":[{"embeddable":true,"href":"https:\/\/greenkingdom.ch\/de\/wp-json\/wp\/v2\/media\/9076"}],"wp:attachment":[{"href":"https:\/\/greenkingdom.ch\/de\/wp-json\/wp\/v2\/media?parent=19104"}],"wp:term":[{"taxonomy":"product_brand","embeddable":true,"href":"https:\/\/greenkingdom.ch\/de\/wp-json\/wp\/v2\/product_brand?post=19104"},{"taxonomy":"product_cat","embeddable":true,"href":"https:\/\/greenkingdom.ch\/de\/wp-json\/wp\/v2\/product_cat?post=19104"},{"taxonomy":"product_tag","embeddable":true,"href":"https:\/\/greenkingdom.ch\/de\/wp-json\/wp\/v2\/product_tag?post=19104"}],"curies":[{"name":"wp","href":"https:\/\/api.w.org\/{rel}","templated":true}]}}