{"id":19118,"date":"2024-10-11T16:38:47","date_gmt":"2024-10-11T14:38:47","guid":{"rendered":"https:\/\/greenkingdom.ch\/product\/nebler-mit-3-membranen-dk3-12l-h\/"},"modified":"2024-10-11T16:38:47","modified_gmt":"2024-10-11T14:38:47","slug":"nebler-mit-3-membranen-dk3-12l-h","status":"publish","type":"product","link":"https:\/\/greenkingdom.ch\/de\/produkt\/nebler-mit-3-membranen-dk3-12l-h\/","title":{"rendered":"Nebler mit 3 Membranen DK3 1,2L\/h"},"content":{"rendered":"<div class=\"value\">\n<h2>DK3 Fogger mit 3 Membranen &#8211; F\u00fcr eine optimale Befeuchtung Ihres Kinderzimmers<\/h2>\n<h3>Der DK3 Mister ist das Werkzeug der Wahl f\u00fcr G\u00e4rtner, die die Luftfeuchtigkeit in ihren Kulturen und G\u00e4rtnereien kontrollieren m\u00f6chten.<\/h3>\n<p>Ausgestattet mit drei leistungsstarken Membranen bietet dieses Ger\u00e4t eine Hochleistungsvernebelung von 1200 ml\/h, ideal zur F\u00f6rderung des Pflanzenwachstums und zum Schutz vor trockenen und hei\u00dfen Bedingungen.<\/p>\n<p><strong>Zuverl\u00e4ssige Leistung:<\/strong> Mit einer stabilen Nebelleistung von 1200 ml\/h sorgt der DK3 Mister f\u00fcr eine kontinuierliche und effektive Befeuchtung gesunder Pflanzen.<\/p>\n<p><strong>Intelligenter Wasserstandssensor:<\/strong> Der eingebaute Wasserstandssensor erkennt niedrige F\u00fcllst\u00e4nde, um die Pumpe zu sch\u00fctzen und einen optimalen Betrieb des Nebelger\u00e4ts zu gew\u00e4hrleisten.<\/p>\n<p><strong>Kompakt und robust:<\/strong> Mit seinen Abmessungen von 55 mm H\u00f6he und 68 mm Durchmesser l\u00e4sst sich der Mister leicht positionieren. Das 10 Meter lange Kabel bietet eine gro\u00dfe Flexibilit\u00e4t bei der Platzierung. <\/p>\n<p>Investieren Sie in den DK3 Fogger f\u00fcr eine professionelle und effektive Befeuchtung, ideal f\u00fcr alle, die Effizienz, Sicherheit und Langlebigkeit suchen.<\/p>\n<h3>Leistungsbeschreibung:<\/h3>\n<ul>\n<li>Vernebelungsleistung: 1200 ml\/h<\/li>\n<li>Membranen: 3<\/li>\n<li>Wasserstandssensor: Ja, automatische Abschaltung<\/li>\n<li>Kabell\u00e4nge: 10 m<\/li>\n<li>Durchmesser: 68 mm<\/li>\n<li>H\u00f6he: 55 mm<\/li>\n<li>Spannung: AC230V \/ 50Hz<\/li>\n<li>Stecker: Europ\u00e4isch<\/li>\n<li>Hinweis: Schwimmer separat erh\u00e4ltlich<\/li>\n<\/ul>\n<\/div>\n<div class=\"product attribute ean\">\n    <strong class=\"type\">EAN<\/strong><br \/>\n    <span class=\"value ean\">5034517902057<\/span>\n<\/div>\n","protected":false},"excerpt":{"rendered":"<p>DK3 Fogger mit 3 Membranen &#8211; F\u00fcr eine optimale Befeuchtung Ihres Kinderzimmers Der DK3 Mister ist das Werkzeug der Wahl f\u00fcr G\u00e4rtner, die die Luftfeuchtigkeit in ihren Kulturen und G\u00e4rtnereien kontrollieren m\u00f6chten. Ausgestattet mit drei leistungsstarken Membranen bietet dieses Ger\u00e4t eine Hochleistungsvernebelung von 1200 ml\/h, ideal zur F\u00f6rderung des Pflanzenwachstums und zum Schutz vor trockenen [&hellip;]<\/p>\n","protected":false},"featured_media":9043,"comment_status":"open","ping_status":"closed","template":"","meta":{"_seopress_robots_primary_cat":"","_seopress_titles_title":"","_seopress_titles_desc":"","_seopress_robots_index":""},"product_brand":[],"product_cat":[755],"product_tag":[],"class_list":{"0":"post-19118","1":"product","2":"type-product","3":"status-publish","4":"has-post-thumbnail","6":"product_cat-luftbefeuchter","9":"instock","10":"taxable","11":"shipping-taxable","12":"purchasable","13":"product-type-simple","14":"product-grid-view"},"_links":{"self":[{"href":"https:\/\/greenkingdom.ch\/de\/wp-json\/wp\/v2\/product\/19118","targetHints":{"allow":["GET"]}}],"collection":[{"href":"https:\/\/greenkingdom.ch\/de\/wp-json\/wp\/v2\/product"}],"about":[{"href":"https:\/\/greenkingdom.ch\/de\/wp-json\/wp\/v2\/types\/product"}],"replies":[{"embeddable":true,"href":"https:\/\/greenkingdom.ch\/de\/wp-json\/wp\/v2\/comments?post=19118"}],"version-history":[{"count":0,"href":"https:\/\/greenkingdom.ch\/de\/wp-json\/wp\/v2\/product\/19118\/revisions"}],"wp:featuredmedia":[{"embeddable":true,"href":"https:\/\/greenkingdom.ch\/de\/wp-json\/wp\/v2\/media\/9043"}],"wp:attachment":[{"href":"https:\/\/greenkingdom.ch\/de\/wp-json\/wp\/v2\/media?parent=19118"}],"wp:term":[{"taxonomy":"product_brand","embeddable":true,"href":"https:\/\/greenkingdom.ch\/de\/wp-json\/wp\/v2\/product_brand?post=19118"},{"taxonomy":"product_cat","embeddable":true,"href":"https:\/\/greenkingdom.ch\/de\/wp-json\/wp\/v2\/product_cat?post=19118"},{"taxonomy":"product_tag","embeddable":true,"href":"https:\/\/greenkingdom.ch\/de\/wp-json\/wp\/v2\/product_tag?post=19118"}],"curies":[{"name":"wp","href":"https:\/\/api.w.org\/{rel}","templated":true}]}}