{"id":19127,"date":"2024-10-11T16:38:47","date_gmt":"2024-10-11T14:38:47","guid":{"rendered":"https:\/\/greenkingdom.ch\/product\/luftbefeuchter-4l\/"},"modified":"2024-10-11T16:38:47","modified_gmt":"2024-10-11T14:38:47","slug":"luftbefeuchter-4l","status":"publish","type":"product","link":"https:\/\/greenkingdom.ch\/de\/produkt\/luftbefeuchter-4l\/","title":{"rendered":"Luftbefeuchter 4L"},"content":{"rendered":"<p>Schauen Sie sich unseren sch\u00f6nen 4-Liter-Ultraschall-Luftbefeuchter an, der Ihnen hilft, die ideale Luftfeuchtigkeit in Ihrem Wohn- oder Arbeitsbereich aufrechtzuerhalten. Wenn die Heizung eingeschaltet ist, kann die Luftfeuchtigkeit unter das empfohlene Niveau fallen, was sich nachteilig auf Ihr Wohlbefinden auswirken kann. Unser Luftbefeuchter ist die perfekte L\u00f6sung, um diesem unerw\u00fcnschten Effekt entgegenzuwirken. Technische Eigenschaften:<br \/>\n&#8211; 16 Stunden Autonomie mit einer 4-Liter-F\u00fcllung<br \/>\n&#8211; Kompakte Abmessungen von 192 x 192 x 350 mm<br \/>\n&#8211; Geringes Gewicht von 1,3 kg<br \/>\n&#8211; Niedriger Ger\u00e4uschpegel von weniger als 35 dB<br \/>\n&#8211; Spannung von 230 V<br \/>\n&#8211; Leistung von 30 W<br \/>\n&#8211; 4-Liter-Tank mit einer Wasserproduktion von ca. 250 ml\/h Um den ordnungsgem\u00e4\u00dfen Betrieb und die Wartung Ihres Luftbefeuchters zu gew\u00e4hrleisten,  Es wird empfohlen, destilliertes Wasser zum Bef\u00fcllen des Tanks zu verwenden. Z\u00f6gern Sie nicht, sich f\u00fcr unseren Luftbefeuchter zu entscheiden, um Ihren t\u00e4glichen Komfort zu verbessern. EAN: 3870000315360  <\/p>\n","protected":false},"excerpt":{"rendered":"<p>Schauen Sie sich unseren sch\u00f6nen 4-Liter-Ultraschall-Luftbefeuchter an, der Ihnen hilft, die ideale Luftfeuchtigkeit in Ihrem Wohn- oder Arbeitsbereich aufrechtzuerhalten. Wenn die Heizung eingeschaltet ist, kann die Luftfeuchtigkeit unter das empfohlene Niveau fallen, was sich nachteilig auf Ihr Wohlbefinden auswirken kann. Unser Luftbefeuchter ist die perfekte L\u00f6sung, um diesem unerw\u00fcnschten Effekt entgegenzuwirken. Technische Eigenschaften: &#8211; 16 [&hellip;]<\/p>\n","protected":false},"featured_media":9040,"comment_status":"open","ping_status":"closed","template":"","meta":{"_seopress_robots_primary_cat":"","_seopress_titles_title":"","_seopress_titles_desc":"","_seopress_robots_index":""},"product_brand":[],"product_cat":[593,755],"product_tag":[],"class_list":{"0":"post-19127","1":"product","2":"type-product","3":"status-publish","4":"has-post-thumbnail","6":"product_cat-klima","7":"product_cat-luftbefeuchter","10":"instock","11":"taxable","12":"shipping-taxable","13":"purchasable","14":"product-type-simple","15":"product-grid-view"},"_links":{"self":[{"href":"https:\/\/greenkingdom.ch\/de\/wp-json\/wp\/v2\/product\/19127","targetHints":{"allow":["GET"]}}],"collection":[{"href":"https:\/\/greenkingdom.ch\/de\/wp-json\/wp\/v2\/product"}],"about":[{"href":"https:\/\/greenkingdom.ch\/de\/wp-json\/wp\/v2\/types\/product"}],"replies":[{"embeddable":true,"href":"https:\/\/greenkingdom.ch\/de\/wp-json\/wp\/v2\/comments?post=19127"}],"version-history":[{"count":0,"href":"https:\/\/greenkingdom.ch\/de\/wp-json\/wp\/v2\/product\/19127\/revisions"}],"wp:featuredmedia":[{"embeddable":true,"href":"https:\/\/greenkingdom.ch\/de\/wp-json\/wp\/v2\/media\/9040"}],"wp:attachment":[{"href":"https:\/\/greenkingdom.ch\/de\/wp-json\/wp\/v2\/media?parent=19127"}],"wp:term":[{"taxonomy":"product_brand","embeddable":true,"href":"https:\/\/greenkingdom.ch\/de\/wp-json\/wp\/v2\/product_brand?post=19127"},{"taxonomy":"product_cat","embeddable":true,"href":"https:\/\/greenkingdom.ch\/de\/wp-json\/wp\/v2\/product_cat?post=19127"},{"taxonomy":"product_tag","embeddable":true,"href":"https:\/\/greenkingdom.ch\/de\/wp-json\/wp\/v2\/product_tag?post=19127"}],"curies":[{"name":"wp","href":"https:\/\/api.w.org\/{rel}","templated":true}]}}