{"id":19141,"date":"2024-10-11T16:38:48","date_gmt":"2024-10-11T14:38:48","guid":{"rendered":"https:\/\/greenkingdom.ch\/product\/natur-200ml\/"},"modified":"2024-10-11T16:38:48","modified_gmt":"2024-10-11T14:38:48","slug":"natur-200ml","status":"publish","type":"product","link":"https:\/\/greenkingdom.ch\/de\/produkt\/natur-200ml\/","title":{"rendered":"Natur 200ml"},"content":{"rendered":"<p>Um Blattl\u00e4use, Milben und Wei\u00dfe Fliegen zu bek\u00e4mpfen, finden Sie eine wirksame L\u00f6sung gegen diese h\u00e4ufigen Sch\u00e4dlinge, die Ihre Pflanzen und Bl\u00fcten befallen. Nat\u00fcrlich, bestehend aus 51% Kaliumsalzen nat\u00fcrlicher Fetts\u00e4uren, wirkt sofort, indem es die Wachsschicht von Insekten und Milben zerst\u00f6rt. Diese biologische Behandlung ist einfach anzuwenden und f\u00fcr jede Art von Spr\u00fchger\u00e4t geeignet. Achten Sie darauf, mindestens alle 5 Tage erneut aufzutragen, um optimale Ergebnisse zu erzielen. Vorsichtsma\u00dfnahme: Achten Sie darauf, Biozide mit Vorsicht zu verwenden und lesen Sie die Gebrauchsanweisung vor Gebrauch sorgf\u00e4ltig durch. Beachten Sie, dass die Pestizide ausschlie\u00dflich in der Schweiz versendet und verkauft werden. EAN: 7640116930087.      <\/p>\n","protected":false},"excerpt":{"rendered":"<p>Um Blattl\u00e4use, Milben und Wei\u00dfe Fliegen zu bek\u00e4mpfen, finden Sie eine wirksame L\u00f6sung gegen diese h\u00e4ufigen Sch\u00e4dlinge, die Ihre Pflanzen und Bl\u00fcten befallen. Nat\u00fcrlich, bestehend aus 51% Kaliumsalzen nat\u00fcrlicher Fetts\u00e4uren, wirkt sofort, indem es die Wachsschicht von Insekten und Milben zerst\u00f6rt. Diese biologische Behandlung ist einfach anzuwenden und f\u00fcr jede Art von Spr\u00fchger\u00e4t geeignet. Achten [&hellip;]<\/p>\n","protected":false},"featured_media":9082,"comment_status":"open","ping_status":"closed","template":"","meta":{"_seopress_robots_primary_cat":"","_seopress_titles_title":"","_seopress_titles_desc":"","_seopress_robots_index":""},"product_brand":[],"product_cat":[604],"product_tag":[],"class_list":{"0":"post-19141","1":"product","2":"type-product","3":"status-publish","4":"has-post-thumbnail","6":"product_cat-klima-de","9":"instock","10":"taxable","11":"shipping-taxable","12":"purchasable","13":"product-type-simple","14":"product-grid-view"},"_links":{"self":[{"href":"https:\/\/greenkingdom.ch\/de\/wp-json\/wp\/v2\/product\/19141","targetHints":{"allow":["GET"]}}],"collection":[{"href":"https:\/\/greenkingdom.ch\/de\/wp-json\/wp\/v2\/product"}],"about":[{"href":"https:\/\/greenkingdom.ch\/de\/wp-json\/wp\/v2\/types\/product"}],"replies":[{"embeddable":true,"href":"https:\/\/greenkingdom.ch\/de\/wp-json\/wp\/v2\/comments?post=19141"}],"version-history":[{"count":0,"href":"https:\/\/greenkingdom.ch\/de\/wp-json\/wp\/v2\/product\/19141\/revisions"}],"wp:featuredmedia":[{"embeddable":true,"href":"https:\/\/greenkingdom.ch\/de\/wp-json\/wp\/v2\/media\/9082"}],"wp:attachment":[{"href":"https:\/\/greenkingdom.ch\/de\/wp-json\/wp\/v2\/media?parent=19141"}],"wp:term":[{"taxonomy":"product_brand","embeddable":true,"href":"https:\/\/greenkingdom.ch\/de\/wp-json\/wp\/v2\/product_brand?post=19141"},{"taxonomy":"product_cat","embeddable":true,"href":"https:\/\/greenkingdom.ch\/de\/wp-json\/wp\/v2\/product_cat?post=19141"},{"taxonomy":"product_tag","embeddable":true,"href":"https:\/\/greenkingdom.ch\/de\/wp-json\/wp\/v2\/product_tag?post=19141"}],"curies":[{"name":"wp","href":"https:\/\/api.w.org\/{rel}","templated":true}]}}