{"id":19143,"date":"2024-10-11T16:38:49","date_gmt":"2024-10-11T14:38:49","guid":{"rendered":"https:\/\/greenkingdom.ch\/product\/abisolierer-mini-8x\/"},"modified":"2024-10-11T16:38:49","modified_gmt":"2024-10-11T14:38:49","slug":"abisolierer-mini-8x","status":"publish","type":"product","link":"https:\/\/greenkingdom.ch\/de\/produkt\/abisolierer-mini-8x\/","title":{"rendered":"Abisolierer Mini 8X"},"content":{"rendered":"<h2>Mini-Laubentferner<\/h2>\n<p>Der Mini-Laubentferner ist ein hochpr\u00e4zises Schweizer Produkt, das sich ideal f\u00fcr die Verarbeitung kleiner Kulturen eignet.<\/p>\n<p>Diese automatische Erntemaschine vereinfacht Ihre Arbeit mit ihrem schnellen Schnittsystem, das \u00fcbersch\u00fcssige Bl\u00e4tter und Wurzeln von Ihrer Ernte trennt.<\/p>\n<p>Der Abfall wird abgesaugt und von einem angeschlossenen Vakuum gehalten, so dass eine frische Ernte zur\u00fcckbleibt, die f\u00fcr den n\u00e4chsten Prozess bereit ist.<\/p>\n<p>Mit diesem Laubentferner entlasten Sie jetzt kein m\u00fchsames Arbeiten mehr von Hand, Sie k\u00f6nnen jetzt bequem und wirtschaftlich arbeiten, 8-mal schneller als mit einer Schere.<\/p>\n<h3>Charaktereigenschaften:<\/h3>\n<ul>\n<li>Gewicht: 1.250 kg<\/li>\n<li>Abmessungen: \u00d8 200x140mm<\/li>\n<li>Spannung: 230V\/50Hz, 110V\/60Hz<\/li>\n<li>Leistung: 0,26 kW<\/li>\n<li>Drehzahl: 5000 U\/min<\/li>\n<\/ul>\n<h3>Anweisungen:<\/h3>\n<ul>\n<li>Schlie\u00dfen Sie einen Staubsauger wie abgebildet an das Ger\u00e4t an.<\/li>\n<li>Schalten Sie zuerst den Staubsauger und dann das Ger\u00e4t ein.<\/li>\n<li>Entferne die gro\u00dfen Bl\u00e4tter mit der Hand und lege das Pflanzenmaterial auf das Gitter.<\/li>\n<li>Schieben Sie das Material mit einem Spachtel hin und her, bis das \u00fcbersch\u00fcssige Gr\u00fcn entfernt ist.<\/li>\n<li>Schalten Sie zuerst das Ger\u00e4t und dann den Staubsauger aus.<\/li>\n<li>Entfernen Sie den behandelten Teil des Gitters und fahren Sie nach Bedarf fort.<\/li>\n<\/ul>\n<div class=\"product attribute ean\">\n    <strong class=\"type\">EAN<\/strong><br \/>\n    <span class=\"value ean\">0702639866438<\/span>\n<\/div>\n","protected":false},"excerpt":{"rendered":"<p>Mini-Laubentferner Der Mini-Laubentferner ist ein hochpr\u00e4zises Schweizer Produkt, das sich ideal f\u00fcr die Verarbeitung kleiner Kulturen eignet. Diese automatische Erntemaschine vereinfacht Ihre Arbeit mit ihrem schnellen Schnittsystem, das \u00fcbersch\u00fcssige Bl\u00e4tter und Wurzeln von Ihrer Ernte trennt. Der Abfall wird abgesaugt und von einem angeschlossenen Vakuum gehalten, so dass eine frische Ernte zur\u00fcckbleibt, die f\u00fcr den [&hellip;]<\/p>\n","protected":false},"featured_media":9127,"comment_status":"open","ping_status":"closed","template":"","meta":{"_seopress_robots_primary_cat":"","_seopress_titles_title":"","_seopress_titles_desc":"","_seopress_robots_index":""},"product_brand":[],"product_cat":[553],"product_tag":[],"class_list":{"0":"post-19143","1":"product","2":"type-product","3":"status-publish","4":"has-post-thumbnail","6":"product_cat-verschiedenes-und-riecht","9":"instock","10":"taxable","11":"shipping-taxable","12":"purchasable","13":"product-type-simple","14":"product-grid-view"},"_links":{"self":[{"href":"https:\/\/greenkingdom.ch\/de\/wp-json\/wp\/v2\/product\/19143","targetHints":{"allow":["GET"]}}],"collection":[{"href":"https:\/\/greenkingdom.ch\/de\/wp-json\/wp\/v2\/product"}],"about":[{"href":"https:\/\/greenkingdom.ch\/de\/wp-json\/wp\/v2\/types\/product"}],"replies":[{"embeddable":true,"href":"https:\/\/greenkingdom.ch\/de\/wp-json\/wp\/v2\/comments?post=19143"}],"version-history":[{"count":0,"href":"https:\/\/greenkingdom.ch\/de\/wp-json\/wp\/v2\/product\/19143\/revisions"}],"wp:featuredmedia":[{"embeddable":true,"href":"https:\/\/greenkingdom.ch\/de\/wp-json\/wp\/v2\/media\/9127"}],"wp:attachment":[{"href":"https:\/\/greenkingdom.ch\/de\/wp-json\/wp\/v2\/media?parent=19143"}],"wp:term":[{"taxonomy":"product_brand","embeddable":true,"href":"https:\/\/greenkingdom.ch\/de\/wp-json\/wp\/v2\/product_brand?post=19143"},{"taxonomy":"product_cat","embeddable":true,"href":"https:\/\/greenkingdom.ch\/de\/wp-json\/wp\/v2\/product_cat?post=19143"},{"taxonomy":"product_tag","embeddable":true,"href":"https:\/\/greenkingdom.ch\/de\/wp-json\/wp\/v2\/product_tag?post=19143"}],"curies":[{"name":"wp","href":"https:\/\/api.w.org\/{rel}","templated":true}]}}