{"id":19155,"date":"2024-10-11T16:38:49","date_gmt":"2024-10-11T14:38:49","guid":{"rendered":"https:\/\/greenkingdom.ch\/product\/garden-high-pro-cut-gerade-schere\/"},"modified":"2024-10-11T16:38:49","modified_gmt":"2024-10-11T14:38:49","slug":"garden-high-pro-cut-gerade-schere","status":"publish","type":"product","link":"https:\/\/greenkingdom.ch\/de\/produkt\/garden-high-pro-cut-gerade-schere\/","title":{"rendered":"Garden High Pro Cut Gerade Schere"},"content":{"rendered":"<p>Die Gartenschere aus Edelstahl von Garden Highpro, ideal f\u00fcr den pr\u00e4zisen Schnitt Ihrer Pflanzen, Str\u00e4ucher und Zimmerpflanzen. Perfekt f\u00fcr den Herbstschnitt von Str\u00e4uchern oder kleineren Pflanzen sowie f\u00fcr die Obsternte. Ergonomisch geformt und sehr leicht, bietet diese Schere bequeme, rutschfeste Griffe, sowie eine hochwertige Feder. Die gebogene Klinge erm\u00f6glicht einen pr\u00e4zisen und unterschiedlichen Schnitt. Gewicht von 65g und L\u00e4nge von ca. 170 mm. EAN-Referenz: 8436554760879.     <\/p>\n","protected":false},"excerpt":{"rendered":"<p>Die Gartenschere aus Edelstahl von Garden Highpro, ideal f\u00fcr den pr\u00e4zisen Schnitt Ihrer Pflanzen, Str\u00e4ucher und Zimmerpflanzen. Perfekt f\u00fcr den Herbstschnitt von Str\u00e4uchern oder kleineren Pflanzen sowie f\u00fcr die Obsternte. Ergonomisch geformt und sehr leicht, bietet diese Schere bequeme, rutschfeste Griffe, sowie eine hochwertige Feder. Die gebogene Klinge erm\u00f6glicht einen pr\u00e4zisen und unterschiedlichen Schnitt. Gewicht [&hellip;]<\/p>\n","protected":false},"featured_media":9121,"comment_status":"open","ping_status":"closed","template":"","meta":{"_seopress_robots_primary_cat":"","_seopress_titles_title":"","_seopress_titles_desc":"","_seopress_robots_index":""},"product_brand":[],"product_cat":[553],"product_tag":[],"class_list":{"0":"post-19155","1":"product","2":"type-product","3":"status-publish","4":"has-post-thumbnail","6":"product_cat-verschiedenes-und-riecht","9":"instock","10":"taxable","11":"shipping-taxable","12":"purchasable","13":"product-type-simple","14":"product-grid-view"},"_links":{"self":[{"href":"https:\/\/greenkingdom.ch\/de\/wp-json\/wp\/v2\/product\/19155","targetHints":{"allow":["GET"]}}],"collection":[{"href":"https:\/\/greenkingdom.ch\/de\/wp-json\/wp\/v2\/product"}],"about":[{"href":"https:\/\/greenkingdom.ch\/de\/wp-json\/wp\/v2\/types\/product"}],"replies":[{"embeddable":true,"href":"https:\/\/greenkingdom.ch\/de\/wp-json\/wp\/v2\/comments?post=19155"}],"version-history":[{"count":0,"href":"https:\/\/greenkingdom.ch\/de\/wp-json\/wp\/v2\/product\/19155\/revisions"}],"wp:featuredmedia":[{"embeddable":true,"href":"https:\/\/greenkingdom.ch\/de\/wp-json\/wp\/v2\/media\/9121"}],"wp:attachment":[{"href":"https:\/\/greenkingdom.ch\/de\/wp-json\/wp\/v2\/media?parent=19155"}],"wp:term":[{"taxonomy":"product_brand","embeddable":true,"href":"https:\/\/greenkingdom.ch\/de\/wp-json\/wp\/v2\/product_brand?post=19155"},{"taxonomy":"product_cat","embeddable":true,"href":"https:\/\/greenkingdom.ch\/de\/wp-json\/wp\/v2\/product_cat?post=19155"},{"taxonomy":"product_tag","embeddable":true,"href":"https:\/\/greenkingdom.ch\/de\/wp-json\/wp\/v2\/product_tag?post=19155"}],"curies":[{"name":"wp","href":"https:\/\/api.w.org\/{rel}","templated":true}]}}