{"id":19163,"date":"2024-10-11T16:39:12","date_gmt":"2024-10-11T14:39:12","guid":{"rendered":"https:\/\/greenkingdom.ch\/product\/ispire-der-zauberstab\/"},"modified":"2024-10-11T16:39:12","modified_gmt":"2024-10-11T14:39:12","slug":"ispire-der-zauberstab","status":"publish","type":"product","link":"https:\/\/greenkingdom.ch\/de\/produkt\/ispire-der-zauberstab\/","title":{"rendered":"Ispire Der Zauberstab"},"content":{"rendered":"<div class=\"value\">\n<h2>Ispire Wand\u2122 &#8211; Revolutioniert das Dabben und Verdampfen<\/h2>\n<p><\/p>\n<h3>Machen Sie sich bereit f\u00fcr ein au\u00dfergew\u00f6hnliches Erlebnis<\/h3>\n<div><\/div>\n<p>Der Ispire Wand\u2122 kombiniert Innovation mit Borosilikatglas, um das Dabben und Verdampfen sicherer und einfacher als je zuvor zu machen. Keine Brenner mehr und keine Sorgen mehr \u00fcber unregelm\u00e4\u00dfige Erw\u00e4rmung. Dieser revolution\u00e4re Zauberstab\u2122 verspricht das perfekte Dabbing- und Vaping-Erlebnis.  <\/p>\n<p><\/p>\n<h3>Innovation in jeder Funktion:<\/h3>\n<p><\/p>\n<ul>\n<li>Pr\u00e4zise Induktionserw\u00e4rmung: Der Wand\u2122 Ispire nutzt Induktion, um Ihr Ger\u00e4t pr\u00e4zise zu erw\u00e4rmen, ohne dass eine manuelle Handhabung erforderlich ist.  <\/li>\n<\/ul>\n<p><\/p>\n<ul>\n<li>Becher aus Borosilikatglas: Genie\u00dfen Sie mit hochwertigen Bechern aus Borosilikatglas eine unvergleichliche Reinheit des Geschmacks.  <\/li>\n<\/ul>\n<p><\/p>\n<ul>\n<li>Vielseitigkeit: Der Zauberstab\u2122 ist f\u00fcr Konzentrate und Bl\u00fcten geeignet. Er ist mit verschiedenen Dynavap Produkten kompatibel und sorgt so f\u00fcr ein perfektes Dampfen.   <\/li>\n<\/ul>\n<p><\/p>\n<h3>Alles inklusive:<\/h3>\n<p><\/p>\n<ul>\n<li>Einfach zu betreiben: Der Ispire Wand\u2122 ist batteriebetrieben und wird mit allem geliefert, was f\u00fcr den sofortigen Einsatz ben\u00f6tigt wird.  <\/li>\n<\/ul>\n<p><\/p>\n<ul>\n<li>Komplettes Zubeh\u00f6r: Enth\u00e4lt Zauberstab\u2122, Knaller, Innenschalen, Vergaserkappe, Handbuch, Garantiekarte und Typ-C-Ladekabel.  <\/li>\n<\/ul>\n<p><\/p>\n<h3>Genie\u00dfen Sie den Moment:<\/h3>\n<p><\/p>\n<ul>\n<li>Sicherheit und Qualit\u00e4t: Der Ispire Wand\u2122 sorgt f\u00fcr ein sicheres, hochwertiges Dabbing- und Vaping-Erlebnis.  <\/li>\n<\/ul>\n<div><\/div>\n<p>Erlebe das Beste beim Dabben und Verdampfen mit dem Ispire Wand\u2122. Ein technologischer Durchbruch, der Ihre Praxis auf die n\u00e4chste Stufe hebt. Bestelle es jetzt und umarme die Zukunft des Dabbings und Verdampfens.  <\/p>\n<p><\/p>\n<h3>Leistungsbeschreibung:<\/h3>\n<p><\/p>\n<ul>\n<li>Ma\u00dfe: 18,5 x 13,5 x 4,5 cm<\/li>\n<li>Gewicht: 320 g<\/li>\n<li>Batterien: 2900 mAh x 2 (im Lieferumfang enthalten)<\/li>\n<li>Material: Hochwertiges Borosilikatglas, robustes Geh\u00e4use<\/li>\n<li>Heizmethode: Induktionserw\u00e4rmung<\/li>\n<li>Temperaturbereich: Einstellbar f\u00fcr Dabbing<\/li>\n<li>Kompatibilit\u00e4t: Dynavap Produkte wie &#8222;M&#8220; Serie, Omni, &#8222;B&#8220; Serie, VonG, BB&#8217;s<\/li>\n<li>Zubeh\u00f6r: 1x Ispire Wander\u2122, 1x Winkelb\u00fcgel, 1x Gerader Kleiderb\u00fcgel, 2x Innenschalen, 1x Vergaserkappe, 1x Bedienungsanleitung, 1x Garantiekarte, 1x Typ-C Ladekabel<\/li>\n<\/ul>\n<p><\/p>\n<h3>Was ist in der Box:<\/h3>\n<p><\/p>\n<ul>\n<li>1x Ispire Zauberstab\u2122<\/li>\n<li>1x Abgewinkelter Banger<\/li>\n<li>1x Gerader Knaller<\/li>\n<li>2x Innenschalen<\/li>\n<li>1x Vergaser Kappe<\/li>\n<li>1x Benutzerhandbuch<\/li>\n<li>1x Garantiekarte<\/li>\n<li>1x Typ-C Ladekabel<\/li>\n<li>2x 2900 mAh Akkus im Lieferumfang enthalten<\/li>\n<\/ul>\n<\/div>\n<div class=\"product attribute ean\"><strong class=\"type\"> <span class=\"value ean\">EAN-860006762902<\/span><\/strong><\/div>\n","protected":false},"excerpt":{"rendered":"<p>Ispire Wand\u2122 &#8211; Revolutioniert das Dabben und Verdampfen Machen Sie sich bereit f\u00fcr ein au\u00dfergew\u00f6hnliches Erlebnis Der Ispire Wand\u2122 kombiniert Innovation mit Borosilikatglas, um das Dabben und Verdampfen sicherer und einfacher als je zuvor zu machen. Keine Brenner mehr und keine Sorgen mehr \u00fcber unregelm\u00e4\u00dfige Erw\u00e4rmung. Dieser revolution\u00e4re Zauberstab\u2122 verspricht das perfekte Dabbing- und Vaping-Erlebnis. [&hellip;]<\/p>\n","protected":false},"featured_media":9160,"comment_status":"open","ping_status":"closed","template":"","meta":{"_seopress_robots_primary_cat":"","_seopress_titles_title":"","_seopress_titles_desc":"","_seopress_robots_index":""},"product_brand":[],"product_cat":[670],"product_tag":[],"class_list":{"0":"post-19163","1":"product","2":"type-product","3":"status-publish","4":"has-post-thumbnail","6":"product_cat-zubehoer","9":"instock","10":"taxable","11":"shipping-taxable","12":"purchasable","13":"product-type-simple","14":"product-grid-view"},"_links":{"self":[{"href":"https:\/\/greenkingdom.ch\/de\/wp-json\/wp\/v2\/product\/19163","targetHints":{"allow":["GET"]}}],"collection":[{"href":"https:\/\/greenkingdom.ch\/de\/wp-json\/wp\/v2\/product"}],"about":[{"href":"https:\/\/greenkingdom.ch\/de\/wp-json\/wp\/v2\/types\/product"}],"replies":[{"embeddable":true,"href":"https:\/\/greenkingdom.ch\/de\/wp-json\/wp\/v2\/comments?post=19163"}],"version-history":[{"count":0,"href":"https:\/\/greenkingdom.ch\/de\/wp-json\/wp\/v2\/product\/19163\/revisions"}],"wp:featuredmedia":[{"embeddable":true,"href":"https:\/\/greenkingdom.ch\/de\/wp-json\/wp\/v2\/media\/9160"}],"wp:attachment":[{"href":"https:\/\/greenkingdom.ch\/de\/wp-json\/wp\/v2\/media?parent=19163"}],"wp:term":[{"taxonomy":"product_brand","embeddable":true,"href":"https:\/\/greenkingdom.ch\/de\/wp-json\/wp\/v2\/product_brand?post=19163"},{"taxonomy":"product_cat","embeddable":true,"href":"https:\/\/greenkingdom.ch\/de\/wp-json\/wp\/v2\/product_cat?post=19163"},{"taxonomy":"product_tag","embeddable":true,"href":"https:\/\/greenkingdom.ch\/de\/wp-json\/wp\/v2\/product_tag?post=19163"}],"curies":[{"name":"wp","href":"https:\/\/api.w.org\/{rel}","templated":true}]}}