{"id":19168,"date":"2024-10-11T16:39:12","date_gmt":"2024-10-11T14:39:12","guid":{"rendered":"https:\/\/greenkingdom.ch\/product\/muenzen-netto-3-stueck\/"},"modified":"2024-10-11T16:39:12","modified_gmt":"2024-10-11T14:39:12","slug":"muenzen-netto-3-stueck","status":"publish","type":"product","link":"https:\/\/greenkingdom.ch\/de\/produkt\/muenzen-netto-3-stueck\/","title":{"rendered":"M\u00fcnzen netto 3 St\u00fcck"},"content":{"rendered":"<p>Ersatzgewinde, die mit allen Iolite- oder Whispr-Modellen kompatibel sind.<br \/>\nDie Ersatzgitter verf\u00fcgen \u00fcber eine perforierte Scheibe f\u00fcr eine bequeme Installation.<br \/>\nEAN-Barcode: 5099681908007<\/p>\n","protected":false},"excerpt":{"rendered":"<p>Ersatzgewinde, die mit allen Iolite- oder Whispr-Modellen kompatibel sind. Die Ersatzgitter verf\u00fcgen \u00fcber eine perforierte Scheibe f\u00fcr eine bequeme Installation. EAN-Barcode: 5099681908007<\/p>\n","protected":false},"featured_media":9154,"comment_status":"open","ping_status":"closed","template":"","meta":{"_seopress_robots_primary_cat":"","_seopress_titles_title":"","_seopress_titles_desc":"","_seopress_robots_index":""},"product_brand":[],"product_cat":[670],"product_tag":[],"class_list":{"0":"post-19168","1":"product","2":"type-product","3":"status-publish","4":"has-post-thumbnail","6":"product_cat-zubehoer","9":"instock","10":"taxable","11":"shipping-taxable","12":"purchasable","13":"product-type-simple","14":"product-grid-view"},"_links":{"self":[{"href":"https:\/\/greenkingdom.ch\/de\/wp-json\/wp\/v2\/product\/19168","targetHints":{"allow":["GET"]}}],"collection":[{"href":"https:\/\/greenkingdom.ch\/de\/wp-json\/wp\/v2\/product"}],"about":[{"href":"https:\/\/greenkingdom.ch\/de\/wp-json\/wp\/v2\/types\/product"}],"replies":[{"embeddable":true,"href":"https:\/\/greenkingdom.ch\/de\/wp-json\/wp\/v2\/comments?post=19168"}],"version-history":[{"count":0,"href":"https:\/\/greenkingdom.ch\/de\/wp-json\/wp\/v2\/product\/19168\/revisions"}],"wp:featuredmedia":[{"embeddable":true,"href":"https:\/\/greenkingdom.ch\/de\/wp-json\/wp\/v2\/media\/9154"}],"wp:attachment":[{"href":"https:\/\/greenkingdom.ch\/de\/wp-json\/wp\/v2\/media?parent=19168"}],"wp:term":[{"taxonomy":"product_brand","embeddable":true,"href":"https:\/\/greenkingdom.ch\/de\/wp-json\/wp\/v2\/product_brand?post=19168"},{"taxonomy":"product_cat","embeddable":true,"href":"https:\/\/greenkingdom.ch\/de\/wp-json\/wp\/v2\/product_cat?post=19168"},{"taxonomy":"product_tag","embeddable":true,"href":"https:\/\/greenkingdom.ch\/de\/wp-json\/wp\/v2\/product_tag?post=19168"}],"curies":[{"name":"wp","href":"https:\/\/api.w.org\/{rel}","templated":true}]}}