{"id":19172,"date":"2024-10-11T16:39:13","date_gmt":"2024-10-11T14:39:13","guid":{"rendered":"https:\/\/greenkingdom.ch\/product\/vergoldeter-kapseldosierer-fuer-pax-geraet\/"},"modified":"2024-10-11T16:39:13","modified_gmt":"2024-10-11T14:39:13","slug":"vergoldeter-kapseldosierer-fuer-pax-geraet","status":"publish","type":"product","link":"https:\/\/greenkingdom.ch\/de\/produkt\/vergoldeter-kapseldosierer-fuer-pax-geraet\/","title":{"rendered":"Vergoldeter Kapseldosierer f\u00fcr Pax-Ger\u00e4t"},"content":{"rendered":"<h2>Vergoldeter Kapseldosierer f\u00fcr Pax Vaporizer &#8211; Eleganz und Praktikabilit\u00e4t f\u00fcr unterwegs<\/h2>\n<p>F\u00fcr diejenigen, die ihren Pax Vaporizer stilvoll und effizient nutzen m\u00f6chten, ist der Gold Plated Capsule Doser das perfekte Zubeh\u00f6r.<\/p>\n<p>Diese kleine, feine Kapsel vereint Eleganz und Funktionalit\u00e4t.<\/p>\n<p><strong>Luxuri\u00f6ses Design:<\/strong> Mit Gold \u00fcberzogen, bietet diese Kapsel eine edle Optik und langlebige Qualit\u00e4t. Seine gl\u00e4nzende Oberfl\u00e4che macht es zu einem echten Schmuckst\u00fcck, das Ihren pers\u00f6nlichen Stil unterstreicht. <\/p>\n<p><strong>Perfekt f\u00fcr unterwegs:<\/strong> Mit ihren Ma\u00dfen von 8x8x18 mm ist die Kapsel ideal, um Ihre Kr\u00e4uter sicher und diskret zu transportieren. Er l\u00e4sst sich nahtlos in Deinen Pax Vaporizer integrieren, um Dein Gras auch unterwegs zu genie\u00dfen. <\/p>\n<p><strong>Einfach zu bedienen:<\/strong> F\u00fcllen Sie die Kapsel ganz einfach und setzen Sie sie in Ihren Vaporizer ein. Ideal f\u00fcr alle, die ihr Raucherlebnis \u00fcberall genie\u00dfen m\u00f6chten, wo sie sind. <\/p>\n<p>Der vergoldete Pax Kapselspender f\u00fcr Vaporizer ist nicht nur praktisch, sondern auch ein Symbol f\u00fcr Luxus und Qualit\u00e4t. Genie\u00dfen Sie einen einfachen und eleganten Rauchgenuss, egal wo Sie sich befinden. <\/p>\n<h3>Leistungsbeschreibung:<\/h3>\n<ul>\n<li>Gr\u00f6\u00dfe: 8x8x18 mm<\/li>\n<li>Material: Vergoldet<\/li>\n<\/ul>\n<p><strong class=\"type\"> <span class=\"value ean\">EAN-6097230057038<\/span><\/strong><\/p>\n","protected":false},"excerpt":{"rendered":"<p>Vergoldeter Kapseldosierer f\u00fcr Pax Vaporizer &#8211; Eleganz und Praktikabilit\u00e4t f\u00fcr unterwegs F\u00fcr diejenigen, die ihren Pax Vaporizer stilvoll und effizient nutzen m\u00f6chten, ist der Gold Plated Capsule Doser das perfekte Zubeh\u00f6r. Diese kleine, feine Kapsel vereint Eleganz und Funktionalit\u00e4t. Luxuri\u00f6ses Design: Mit Gold \u00fcberzogen, bietet diese Kapsel eine edle Optik und langlebige Qualit\u00e4t. Seine gl\u00e4nzende [&hellip;]<\/p>\n","protected":false},"featured_media":9181,"comment_status":"open","ping_status":"closed","template":"","meta":{"_seopress_robots_primary_cat":"","_seopress_titles_title":"","_seopress_titles_desc":"","_seopress_robots_index":""},"product_brand":[],"product_cat":[670],"product_tag":[],"class_list":{"0":"post-19172","1":"product","2":"type-product","3":"status-publish","4":"has-post-thumbnail","6":"product_cat-zubehoer","9":"instock","10":"taxable","11":"shipping-taxable","12":"purchasable","13":"product-type-simple","14":"product-grid-view"},"_links":{"self":[{"href":"https:\/\/greenkingdom.ch\/de\/wp-json\/wp\/v2\/product\/19172","targetHints":{"allow":["GET"]}}],"collection":[{"href":"https:\/\/greenkingdom.ch\/de\/wp-json\/wp\/v2\/product"}],"about":[{"href":"https:\/\/greenkingdom.ch\/de\/wp-json\/wp\/v2\/types\/product"}],"replies":[{"embeddable":true,"href":"https:\/\/greenkingdom.ch\/de\/wp-json\/wp\/v2\/comments?post=19172"}],"version-history":[{"count":0,"href":"https:\/\/greenkingdom.ch\/de\/wp-json\/wp\/v2\/product\/19172\/revisions"}],"wp:featuredmedia":[{"embeddable":true,"href":"https:\/\/greenkingdom.ch\/de\/wp-json\/wp\/v2\/media\/9181"}],"wp:attachment":[{"href":"https:\/\/greenkingdom.ch\/de\/wp-json\/wp\/v2\/media?parent=19172"}],"wp:term":[{"taxonomy":"product_brand","embeddable":true,"href":"https:\/\/greenkingdom.ch\/de\/wp-json\/wp\/v2\/product_brand?post=19172"},{"taxonomy":"product_cat","embeddable":true,"href":"https:\/\/greenkingdom.ch\/de\/wp-json\/wp\/v2\/product_cat?post=19172"},{"taxonomy":"product_tag","embeddable":true,"href":"https:\/\/greenkingdom.ch\/de\/wp-json\/wp\/v2\/product_tag?post=19172"}],"curies":[{"name":"wp","href":"https:\/\/api.w.org\/{rel}","templated":true}]}}