{"id":19185,"date":"2024-10-11T16:39:13","date_gmt":"2024-10-11T14:39:13","guid":{"rendered":"https:\/\/greenkingdom.ch\/product\/vergoldeter-kapseldosierer-fuer-storz-und-bickel-geraet\/"},"modified":"2024-10-11T16:39:13","modified_gmt":"2024-10-11T14:39:13","slug":"vergoldeter-kapseldosierer-fuer-storz-und-bickel-geraet","status":"publish","type":"product","link":"https:\/\/greenkingdom.ch\/de\/produkt\/vergoldeter-kapseldosierer-fuer-storz-und-bickel-geraet\/","title":{"rendered":"Vergoldeter Kapseldosierer f\u00fcr Storz und Bickel Ger\u00e4t"},"content":{"rendered":"<p>Dosierung in einer vergoldeten Kapsel &#8211; Eleganz und Leistung f\u00fcr Ihr Storz &amp; Bickel Ger\u00e4t! Entdecken Sie das ultimative Zubeh\u00f6r f\u00fcr Ihren Storz &amp; Bickel Vaporizer! Die vergoldete Doser-Kapsel wurde entwickelt, um Ihre Vaping-Session zu verbessern! Hergestellt aus hochwertigem Kupfer f\u00fcr au\u00dfergew\u00f6hnliche W\u00e4rmeleitf\u00e4higkeit, erhitzt diese Dosierkapsel Ihre Kr\u00e4uter schneller und gibt Ihnen mehr Zeit, ihren Geschmack zu genie\u00dfen. Die Vergoldung der Kupferkapsel ist nicht nur \u00e4sthetisch ansprechend, sondern auch langlebig und hygienisch. Mit der vergoldeten Kapsel ist Ihr Dampferlebnis sowohl effektiv als auch gesund. Kompatibel mit den beliebten Modellen Storz &amp; Bickel Mighty, Crafty, Crafty Plus, Plenty, Volcano Classic und Volcano Hybrid bietet dir diese Kapsel Vielseitigkeit und Leistung. Pflegen Sie dieses kostbare Accessoire, indem Sie bei der Reinigung auf scheuerndes Material verzichten. F\u00fcr ein au\u00dfergew\u00f6hnliches Dampferlebnis mit Ihrem Storz &amp; Bickel Vaporizer entscheiden Sie sich f\u00fcr die vergoldete Kapsel. Eleganz, Leistung und Raffinesse vereint f\u00fcr ein einzigartiges Erlebnis! Spezifikationen:<br \/>\n &#8211; Kompatibel mit Mighty, Crafty, Crafty Plus, Plenty, Volcano Classic und Volcano Hybrid.<br \/>\n&#8211; Material: Vergoldetes Kupfer EAN: 6097236955949<\/p>\n","protected":false},"excerpt":{"rendered":"<p>Dosierung in einer vergoldeten Kapsel &#8211; Eleganz und Leistung f\u00fcr Ihr Storz &amp; Bickel Ger\u00e4t! Entdecken Sie das ultimative Zubeh\u00f6r f\u00fcr Ihren Storz &amp; Bickel Vaporizer! Die vergoldete Doser-Kapsel wurde entwickelt, um Ihre Vaping-Session zu verbessern! Hergestellt aus hochwertigem Kupfer f\u00fcr au\u00dfergew\u00f6hnliche W\u00e4rmeleitf\u00e4higkeit, erhitzt diese Dosierkapsel Ihre Kr\u00e4uter schneller und gibt Ihnen mehr Zeit, ihren [&hellip;]<\/p>\n","protected":false},"featured_media":9172,"comment_status":"open","ping_status":"closed","template":"","meta":{"_seopress_robots_primary_cat":"","_seopress_titles_title":"","_seopress_titles_desc":"","_seopress_robots_index":""},"product_brand":[],"product_cat":[670],"product_tag":[],"class_list":{"0":"post-19185","1":"product","2":"type-product","3":"status-publish","4":"has-post-thumbnail","6":"product_cat-zubehoer","9":"instock","10":"taxable","11":"shipping-taxable","12":"purchasable","13":"product-type-simple","14":"product-grid-view"},"_links":{"self":[{"href":"https:\/\/greenkingdom.ch\/de\/wp-json\/wp\/v2\/product\/19185","targetHints":{"allow":["GET"]}}],"collection":[{"href":"https:\/\/greenkingdom.ch\/de\/wp-json\/wp\/v2\/product"}],"about":[{"href":"https:\/\/greenkingdom.ch\/de\/wp-json\/wp\/v2\/types\/product"}],"replies":[{"embeddable":true,"href":"https:\/\/greenkingdom.ch\/de\/wp-json\/wp\/v2\/comments?post=19185"}],"version-history":[{"count":0,"href":"https:\/\/greenkingdom.ch\/de\/wp-json\/wp\/v2\/product\/19185\/revisions"}],"wp:featuredmedia":[{"embeddable":true,"href":"https:\/\/greenkingdom.ch\/de\/wp-json\/wp\/v2\/media\/9172"}],"wp:attachment":[{"href":"https:\/\/greenkingdom.ch\/de\/wp-json\/wp\/v2\/media?parent=19185"}],"wp:term":[{"taxonomy":"product_brand","embeddable":true,"href":"https:\/\/greenkingdom.ch\/de\/wp-json\/wp\/v2\/product_brand?post=19185"},{"taxonomy":"product_cat","embeddable":true,"href":"https:\/\/greenkingdom.ch\/de\/wp-json\/wp\/v2\/product_cat?post=19185"},{"taxonomy":"product_tag","embeddable":true,"href":"https:\/\/greenkingdom.ch\/de\/wp-json\/wp\/v2\/product_tag?post=19185"}],"curies":[{"name":"wp","href":"https:\/\/api.w.org\/{rel}","templated":true}]}}