{"id":19186,"date":"2024-10-11T16:39:14","date_gmt":"2024-10-11T14:39:14","guid":{"rendered":"https:\/\/greenkingdom.ch\/product\/smoking-master-regular-doppel-fensterbox\/"},"modified":"2024-10-11T16:39:14","modified_gmt":"2024-10-11T14:39:14","slug":"smoking-master-regular-doppel-fensterbox","status":"publish","type":"product","link":"https:\/\/greenkingdom.ch\/de\/produkt\/smoking-master-regular-doppel-fensterbox\/","title":{"rendered":"Smoking Master Regular Doppel-Fensterbox"},"content":{"rendered":"<div class=\"value\">\n<p>Smoking Master Silver Regular<\/p>\n<p>Das d\u00fcnnste Smokingpapier:<\/p>\n<p>Herkunft: Reis<\/p>\n<p>Gummi arabicum, 70 mm L\u00e4nge, 37 mm Breite<\/p>\n<p>Inhalt: 120 Artikel<\/p>\n<p>Smoking Silver ist das neueste ultrad\u00fcnne Papier der Marke Smoked. Seine extrem schmale Klebefuge sorgt f\u00fcr einen unvergleichlichen Rauchgenuss bei minimalen Schadstoffen. Nur f\u00fcr Genie\u00dfer!  <\/p>\n<p>Profitieren Sie von vorteilhaften Preisen f\u00fcr den Kauf der kompletten Box mit 25 Heften!<\/p>\n<\/div>\n<div class=\"product attribute ean\"><strong class=\"type\">EAN-8414775013455<\/strong> <span class=\"value ean\"><\/span><\/div>\n","protected":false},"excerpt":{"rendered":"<p>Smoking Master Silver Regular Das d\u00fcnnste Smokingpapier: Herkunft: Reis Gummi arabicum, 70 mm L\u00e4nge, 37 mm Breite Inhalt: 120 Artikel Smoking Silver ist das neueste ultrad\u00fcnne Papier der Marke Smoked. Seine extrem schmale Klebefuge sorgt f\u00fcr einen unvergleichlichen Rauchgenuss bei minimalen Schadstoffen. Nur f\u00fcr Genie\u00dfer! Profitieren Sie von vorteilhaften Preisen f\u00fcr den Kauf der kompletten [&hellip;]<\/p>\n","protected":false},"featured_media":9220,"comment_status":"open","ping_status":"closed","template":"","meta":{"_seopress_robots_primary_cat":"","_seopress_titles_title":"","_seopress_titles_desc":"","_seopress_robots_index":""},"product_brand":[],"product_cat":[655],"product_tag":[],"class_list":{"0":"post-19186","1":"product","2":"type-product","3":"status-publish","4":"has-post-thumbnail","6":"product_cat-zigarettenpapier","9":"instock","10":"taxable","11":"shipping-taxable","12":"purchasable","13":"product-type-simple","14":"product-grid-view"},"_links":{"self":[{"href":"https:\/\/greenkingdom.ch\/de\/wp-json\/wp\/v2\/product\/19186","targetHints":{"allow":["GET"]}}],"collection":[{"href":"https:\/\/greenkingdom.ch\/de\/wp-json\/wp\/v2\/product"}],"about":[{"href":"https:\/\/greenkingdom.ch\/de\/wp-json\/wp\/v2\/types\/product"}],"replies":[{"embeddable":true,"href":"https:\/\/greenkingdom.ch\/de\/wp-json\/wp\/v2\/comments?post=19186"}],"version-history":[{"count":0,"href":"https:\/\/greenkingdom.ch\/de\/wp-json\/wp\/v2\/product\/19186\/revisions"}],"wp:featuredmedia":[{"embeddable":true,"href":"https:\/\/greenkingdom.ch\/de\/wp-json\/wp\/v2\/media\/9220"}],"wp:attachment":[{"href":"https:\/\/greenkingdom.ch\/de\/wp-json\/wp\/v2\/media?parent=19186"}],"wp:term":[{"taxonomy":"product_brand","embeddable":true,"href":"https:\/\/greenkingdom.ch\/de\/wp-json\/wp\/v2\/product_brand?post=19186"},{"taxonomy":"product_cat","embeddable":true,"href":"https:\/\/greenkingdom.ch\/de\/wp-json\/wp\/v2\/product_cat?post=19186"},{"taxonomy":"product_tag","embeddable":true,"href":"https:\/\/greenkingdom.ch\/de\/wp-json\/wp\/v2\/product_tag?post=19186"}],"curies":[{"name":"wp","href":"https:\/\/api.w.org\/{rel}","templated":true}]}}