{"id":19201,"date":"2024-10-11T16:39:14","date_gmt":"2024-10-11T14:39:14","guid":{"rendered":"https:\/\/greenkingdom.ch\/product\/elemente-1-1-4-papier-box\/"},"modified":"2024-10-11T16:39:14","modified_gmt":"2024-10-11T14:39:14","slug":"elemente-1-1-4-papier-box","status":"publish","type":"product","link":"https:\/\/greenkingdom.ch\/de\/produkt\/elemente-1-1-4-papier-box\/","title":{"rendered":"Elemente 1 1\/4 Papier-Box"},"content":{"rendered":"<p>Entdecken Sie das Zigarettenpapier Elements 1 1\/4 slim, ein d\u00fcnnes, hochwertiges Papier f\u00fcr alle, die keine Kompromisse eingehen. Mit seiner idealen Breite besticht dieses Papier durch seine Finesse und Praktikabilit\u00e4t. Jedes Blatt hat einen Magnetverschluss, um Sauberkeit und Weichheit bei jedem Gebrauch zu gew\u00e4hrleisten. Hergestellt aus 100% reinem Reispapier, brennen die Elements praktisch ohne Asche und bieten ein einzigartiges und nat\u00fcrliches Erlebnis. F\u00fcr eine R\u00fcckkehr zu den Wurzeln und als Hommage an die Traditionen wird nur eine helle Linie aus nat\u00fcrlichem Kleber verwendet. Lassen Sie sich von diesem au\u00dfergew\u00f6hnlichen Zigarettenpapier verf\u00fchren, vielleicht das beste, das je von Menschen entworfen wurde.     <\/p>\n","protected":false},"excerpt":{"rendered":"<p>Entdecken Sie das Zigarettenpapier Elements 1 1\/4 slim, ein d\u00fcnnes, hochwertiges Papier f\u00fcr alle, die keine Kompromisse eingehen. Mit seiner idealen Breite besticht dieses Papier durch seine Finesse und Praktikabilit\u00e4t. Jedes Blatt hat einen Magnetverschluss, um Sauberkeit und Weichheit bei jedem Gebrauch zu gew\u00e4hrleisten. Hergestellt aus 100% reinem Reispapier, brennen die Elements praktisch ohne Asche [&hellip;]<\/p>\n","protected":false},"featured_media":9193,"comment_status":"open","ping_status":"closed","template":"","meta":{"_seopress_robots_primary_cat":"","_seopress_titles_title":"","_seopress_titles_desc":"","_seopress_robots_index":""},"product_brand":[],"product_cat":[655],"product_tag":[],"class_list":{"0":"post-19201","1":"product","2":"type-product","3":"status-publish","4":"has-post-thumbnail","6":"product_cat-zigarettenpapier","9":"instock","10":"taxable","11":"shipping-taxable","12":"purchasable","13":"product-type-simple","14":"product-grid-view"},"_links":{"self":[{"href":"https:\/\/greenkingdom.ch\/de\/wp-json\/wp\/v2\/product\/19201","targetHints":{"allow":["GET"]}}],"collection":[{"href":"https:\/\/greenkingdom.ch\/de\/wp-json\/wp\/v2\/product"}],"about":[{"href":"https:\/\/greenkingdom.ch\/de\/wp-json\/wp\/v2\/types\/product"}],"replies":[{"embeddable":true,"href":"https:\/\/greenkingdom.ch\/de\/wp-json\/wp\/v2\/comments?post=19201"}],"version-history":[{"count":0,"href":"https:\/\/greenkingdom.ch\/de\/wp-json\/wp\/v2\/product\/19201\/revisions"}],"wp:featuredmedia":[{"embeddable":true,"href":"https:\/\/greenkingdom.ch\/de\/wp-json\/wp\/v2\/media\/9193"}],"wp:attachment":[{"href":"https:\/\/greenkingdom.ch\/de\/wp-json\/wp\/v2\/media?parent=19201"}],"wp:term":[{"taxonomy":"product_brand","embeddable":true,"href":"https:\/\/greenkingdom.ch\/de\/wp-json\/wp\/v2\/product_brand?post=19201"},{"taxonomy":"product_cat","embeddable":true,"href":"https:\/\/greenkingdom.ch\/de\/wp-json\/wp\/v2\/product_cat?post=19201"},{"taxonomy":"product_tag","embeddable":true,"href":"https:\/\/greenkingdom.ch\/de\/wp-json\/wp\/v2\/product_tag?post=19201"}],"curies":[{"name":"wp","href":"https:\/\/api.w.org\/{rel}","templated":true}]}}