{"id":19206,"date":"2024-10-11T16:39:15","date_gmt":"2024-10-11T14:39:15","guid":{"rendered":"https:\/\/greenkingdom.ch\/product\/raw-organic-hanf-schwarze-papiere-king-size-slim-extra-fine-box\/"},"modified":"2024-10-11T16:39:15","modified_gmt":"2024-10-11T14:39:15","slug":"raw-organic-hanf-schwarze-papiere-king-size-slim-extra-fine-box","status":"publish","type":"product","link":"https:\/\/greenkingdom.ch\/de\/produkt\/raw-organic-hanf-schwarze-papiere-king-size-slim-extra-fine-box\/","title":{"rendered":"RAW Organic Hanf Schwarze Papiere King Size Slim Extra Fine Box"},"content":{"rendered":"<div class=\"value\">\n<h2>Bio-Hanfpapiere RAW Schwarz<\/h2>\n<p><\/p>\n<p>Feiern Sie 16 Jahre RAW mit unserem Papiersortiment!<\/p>\n<p>RAW Black Organic Hemp ist das d\u00fcnnste und am langsamsten brennende, ungebleichte Hanfpapier, das Sie finden k\u00f6nnen. Jedes Blatt ist unglaublich d\u00fcnn und brennt extrem langsam, um die Aromen Ihres Produkts bestm\u00f6glich zu erhalten.   <\/p>\n<p>Dieses Papier besteht aus nat\u00fcrlichem Hanf und Wasser und ist mit einem Bio-Gummi aus nachhaltig geernteter Akazie angereichert. Ohne Verbrennungszus\u00e4tze halten RAW-Papiere Ihr Erlebnis rein. <\/p>\n<p><\/p>\n<p><strong>Charaktereigenschaften:<\/strong><\/p>\n<ul>\n<li>RAW Black Organic Hanf King Size Slim Box: 50 Papierpackungen und 32 Blatt<\/li>\n<\/ul>\n<\/div>\n<div class=\"product attribute ean\"><strong class=\"type\"> <span class=\"value ean\">EAN-716165252450<\/span><\/strong><\/div>\n","protected":false},"excerpt":{"rendered":"<p>Bio-Hanfpapiere RAW Schwarz Feiern Sie 16 Jahre RAW mit unserem Papiersortiment! RAW Black Organic Hemp ist das d\u00fcnnste und am langsamsten brennende, ungebleichte Hanfpapier, das Sie finden k\u00f6nnen. Jedes Blatt ist unglaublich d\u00fcnn und brennt extrem langsam, um die Aromen Ihres Produkts bestm\u00f6glich zu erhalten. Dieses Papier besteht aus nat\u00fcrlichem Hanf und Wasser und ist [&hellip;]<\/p>\n","protected":false},"featured_media":9262,"comment_status":"open","ping_status":"closed","template":"","meta":{"_seopress_robots_primary_cat":"","_seopress_titles_title":"","_seopress_titles_desc":"","_seopress_robots_index":""},"product_brand":[],"product_cat":[655],"product_tag":[],"class_list":{"0":"post-19206","1":"product","2":"type-product","3":"status-publish","4":"has-post-thumbnail","6":"product_cat-zigarettenpapier","9":"instock","10":"taxable","11":"shipping-taxable","12":"purchasable","13":"product-type-simple","14":"product-grid-view"},"_links":{"self":[{"href":"https:\/\/greenkingdom.ch\/de\/wp-json\/wp\/v2\/product\/19206","targetHints":{"allow":["GET"]}}],"collection":[{"href":"https:\/\/greenkingdom.ch\/de\/wp-json\/wp\/v2\/product"}],"about":[{"href":"https:\/\/greenkingdom.ch\/de\/wp-json\/wp\/v2\/types\/product"}],"replies":[{"embeddable":true,"href":"https:\/\/greenkingdom.ch\/de\/wp-json\/wp\/v2\/comments?post=19206"}],"version-history":[{"count":0,"href":"https:\/\/greenkingdom.ch\/de\/wp-json\/wp\/v2\/product\/19206\/revisions"}],"wp:featuredmedia":[{"embeddable":true,"href":"https:\/\/greenkingdom.ch\/de\/wp-json\/wp\/v2\/media\/9262"}],"wp:attachment":[{"href":"https:\/\/greenkingdom.ch\/de\/wp-json\/wp\/v2\/media?parent=19206"}],"wp:term":[{"taxonomy":"product_brand","embeddable":true,"href":"https:\/\/greenkingdom.ch\/de\/wp-json\/wp\/v2\/product_brand?post=19206"},{"taxonomy":"product_cat","embeddable":true,"href":"https:\/\/greenkingdom.ch\/de\/wp-json\/wp\/v2\/product_cat?post=19206"},{"taxonomy":"product_tag","embeddable":true,"href":"https:\/\/greenkingdom.ch\/de\/wp-json\/wp\/v2\/product_tag?post=19206"}],"curies":[{"name":"wp","href":"https:\/\/api.w.org\/{rel}","templated":true}]}}