{"id":19215,"date":"2024-10-11T16:39:15","date_gmt":"2024-10-11T14:39:15","guid":{"rendered":"https:\/\/greenkingdom.ch\/product\/elements-king-size-papiere-rosa-slim-box\/"},"modified":"2024-10-11T16:39:15","modified_gmt":"2024-10-11T14:39:15","slug":"elements-king-size-papiere-rosa-slim-box","status":"publish","type":"product","link":"https:\/\/greenkingdom.ch\/de\/produkt\/elements-king-size-papiere-rosa-slim-box\/","title":{"rendered":"Elements King Size Papiere Rosa Slim Box"},"content":{"rendered":"<p>Entdecken Sie Elements Pink, ein rosafarbenes Nudelpapier, mit dem Sie Ihren Zigaretten einen Hauch von Farbe verleihen k\u00f6nnen. Diese Papiere bestehen aus nat\u00fcrlichen Materialien wie Reis und Zucker, sind umweltfreundlich und enthalten keine aggressiven Chemikalien. Konzipiert f\u00fcr eine sanfte und gleichm\u00e4\u00dfige Verbrennung, hinterlassen sie wenig Asche und bieten ein einzigartiges Raucherlebnis. Jedes Blatt ist mit einem Wasserzeichen versehen, um ein Auslaufen zu verhindern. Elements Rolling Papers werden nachhaltig mit 100% Windkraft produziert. G\u00f6nnen Sie sich diese hochwertigen Bl\u00e4ttchen, perfekt f\u00fcr Zigarettenliebhaber. Abmessungen: 110 mm x 44 mm, Gewicht: 12 g\/m\u00b2. Jede Packung enth\u00e4lt 32 Blatt und eine Schachtel enth\u00e4lt 50 Packungen. Hergestellt in Alcoy, Spanien, dem Geburtsort der modernen Bl\u00e4ttchen. Profitieren Sie von dieser EAN: 716165254300.         <\/p>\n","protected":false},"excerpt":{"rendered":"<p>Entdecken Sie Elements Pink, ein rosafarbenes Nudelpapier, mit dem Sie Ihren Zigaretten einen Hauch von Farbe verleihen k\u00f6nnen. Diese Papiere bestehen aus nat\u00fcrlichen Materialien wie Reis und Zucker, sind umweltfreundlich und enthalten keine aggressiven Chemikalien. Konzipiert f\u00fcr eine sanfte und gleichm\u00e4\u00dfige Verbrennung, hinterlassen sie wenig Asche und bieten ein einzigartiges Raucherlebnis. Jedes Blatt ist mit [&hellip;]<\/p>\n","protected":false},"featured_media":9244,"comment_status":"open","ping_status":"closed","template":"","meta":{"_seopress_robots_primary_cat":"","_seopress_titles_title":"","_seopress_titles_desc":"","_seopress_robots_index":""},"product_brand":[],"product_cat":[655],"product_tag":[],"class_list":{"0":"post-19215","1":"product","2":"type-product","3":"status-publish","4":"has-post-thumbnail","6":"product_cat-zigarettenpapier","9":"instock","10":"taxable","11":"shipping-taxable","12":"purchasable","13":"product-type-simple","14":"product-grid-view"},"_links":{"self":[{"href":"https:\/\/greenkingdom.ch\/de\/wp-json\/wp\/v2\/product\/19215","targetHints":{"allow":["GET"]}}],"collection":[{"href":"https:\/\/greenkingdom.ch\/de\/wp-json\/wp\/v2\/product"}],"about":[{"href":"https:\/\/greenkingdom.ch\/de\/wp-json\/wp\/v2\/types\/product"}],"replies":[{"embeddable":true,"href":"https:\/\/greenkingdom.ch\/de\/wp-json\/wp\/v2\/comments?post=19215"}],"version-history":[{"count":0,"href":"https:\/\/greenkingdom.ch\/de\/wp-json\/wp\/v2\/product\/19215\/revisions"}],"wp:featuredmedia":[{"embeddable":true,"href":"https:\/\/greenkingdom.ch\/de\/wp-json\/wp\/v2\/media\/9244"}],"wp:attachment":[{"href":"https:\/\/greenkingdom.ch\/de\/wp-json\/wp\/v2\/media?parent=19215"}],"wp:term":[{"taxonomy":"product_brand","embeddable":true,"href":"https:\/\/greenkingdom.ch\/de\/wp-json\/wp\/v2\/product_brand?post=19215"},{"taxonomy":"product_cat","embeddable":true,"href":"https:\/\/greenkingdom.ch\/de\/wp-json\/wp\/v2\/product_cat?post=19215"},{"taxonomy":"product_tag","embeddable":true,"href":"https:\/\/greenkingdom.ch\/de\/wp-json\/wp\/v2\/product_tag?post=19215"}],"curies":[{"name":"wp","href":"https:\/\/api.w.org\/{rel}","templated":true}]}}