{"id":19216,"date":"2024-10-11T16:39:15","date_gmt":"2024-10-11T14:39:15","guid":{"rendered":"https:\/\/greenkingdom.ch\/product\/ocb-bio-hanf-bio-kurze-box\/"},"modified":"2024-10-11T16:39:15","modified_gmt":"2024-10-11T14:39:15","slug":"ocb-bio-hanf-bio-kurze-box","status":"publish","type":"product","link":"https:\/\/greenkingdom.ch\/de\/produkt\/ocb-bio-hanf-bio-kurze-box\/","title":{"rendered":"OCB Bio Hanf Bio Kurze Box"},"content":{"rendered":"<p>Entdecken Sie OCB Bio-Hanfpapier! Hergestellt aus reinem, ungebleichtem Bio-Hanf, ist dieses Papier 100% nat\u00fcrlich. Das Kaugummi ist au\u00dferdem 100% nat\u00fcrlich, basierend auf Gummi arabicum. Die Verpackung wird recycelt und mit nat\u00fcrlicher pflanzlicher Tinte bedruckt. Profitieren Sie von g\u00fcnstigen Preisen in der Schachtel mit 50 St\u00fcck. EAN: 3057067274506.     <\/p>\n","protected":false},"excerpt":{"rendered":"<p>Entdecken Sie OCB Bio-Hanfpapier! Hergestellt aus reinem, ungebleichtem Bio-Hanf, ist dieses Papier 100% nat\u00fcrlich. Das Kaugummi ist au\u00dferdem 100% nat\u00fcrlich, basierend auf Gummi arabicum. Die Verpackung wird recycelt und mit nat\u00fcrlicher pflanzlicher Tinte bedruckt. Profitieren Sie von g\u00fcnstigen Preisen in der Schachtel mit 50 St\u00fcck. EAN: 3057067274506.<\/p>\n","protected":false},"featured_media":9229,"comment_status":"open","ping_status":"closed","template":"","meta":{"_seopress_robots_primary_cat":"","_seopress_titles_title":"","_seopress_titles_desc":"","_seopress_robots_index":""},"product_brand":[],"product_cat":[655],"product_tag":[],"class_list":{"0":"post-19216","1":"product","2":"type-product","3":"status-publish","4":"has-post-thumbnail","6":"product_cat-zigarettenpapier","9":"instock","10":"taxable","11":"shipping-taxable","12":"purchasable","13":"product-type-simple","14":"product-grid-view"},"_links":{"self":[{"href":"https:\/\/greenkingdom.ch\/de\/wp-json\/wp\/v2\/product\/19216","targetHints":{"allow":["GET"]}}],"collection":[{"href":"https:\/\/greenkingdom.ch\/de\/wp-json\/wp\/v2\/product"}],"about":[{"href":"https:\/\/greenkingdom.ch\/de\/wp-json\/wp\/v2\/types\/product"}],"replies":[{"embeddable":true,"href":"https:\/\/greenkingdom.ch\/de\/wp-json\/wp\/v2\/comments?post=19216"}],"version-history":[{"count":0,"href":"https:\/\/greenkingdom.ch\/de\/wp-json\/wp\/v2\/product\/19216\/revisions"}],"wp:featuredmedia":[{"embeddable":true,"href":"https:\/\/greenkingdom.ch\/de\/wp-json\/wp\/v2\/media\/9229"}],"wp:attachment":[{"href":"https:\/\/greenkingdom.ch\/de\/wp-json\/wp\/v2\/media?parent=19216"}],"wp:term":[{"taxonomy":"product_brand","embeddable":true,"href":"https:\/\/greenkingdom.ch\/de\/wp-json\/wp\/v2\/product_brand?post=19216"},{"taxonomy":"product_cat","embeddable":true,"href":"https:\/\/greenkingdom.ch\/de\/wp-json\/wp\/v2\/product_cat?post=19216"},{"taxonomy":"product_tag","embeddable":true,"href":"https:\/\/greenkingdom.ch\/de\/wp-json\/wp\/v2\/product_tag?post=19216"}],"curies":[{"name":"wp","href":"https:\/\/api.w.org\/{rel}","templated":true}]}}