{"id":19228,"date":"2024-10-11T16:39:16","date_gmt":"2024-10-11T14:39:16","guid":{"rendered":"https:\/\/greenkingdom.ch\/product\/phuncky-feel-tip-wuerfel-single\/"},"modified":"2024-10-11T16:39:16","modified_gmt":"2024-10-11T14:39:16","slug":"phuncky-feel-tip-wuerfel-single","status":"publish","type":"product","link":"https:\/\/greenkingdom.ch\/de\/produkt\/phuncky-feel-tip-wuerfel-single\/","title":{"rendered":"Phuncky Feel Tip W\u00fcrfel Single"},"content":{"rendered":"<p>Die Phuncky Feel Tip Tip Cube Single sind in sorgf\u00e4ltiger Handarbeit gefertigte Filter aus farbigem Glas. Diese Filter wurden in Zusammenarbeit mit Nish Collab entwickelt und bieten ein einzigartiges Spielgef\u00fchl. Diese Glasfilter werden in einem schlanken schwarzen Aluminiumgeh\u00e4use pr\u00e4sentiert, das mit dem Phuncky Feel Tip-Logo verziert ist, und werden in einem gem\u00fctlichen Geh\u00e4use pr\u00e4sentiert. Dar\u00fcber hinaus bietet die Box Platz f\u00fcr die Aufbewahrung von weiterem Zubeh\u00f6r wie z.B. einem Jilter oder einer B\u00fcroklammer.  <\/p>\n","protected":false},"excerpt":{"rendered":"<p>Die Phuncky Feel Tip Tip Cube Single sind in sorgf\u00e4ltiger Handarbeit gefertigte Filter aus farbigem Glas. Diese Filter wurden in Zusammenarbeit mit Nish Collab entwickelt und bieten ein einzigartiges Spielgef\u00fchl. Diese Glasfilter werden in einem schlanken schwarzen Aluminiumgeh\u00e4use pr\u00e4sentiert, das mit dem Phuncky Feel Tip-Logo verziert ist, und werden in einem gem\u00fctlichen Geh\u00e4use pr\u00e4sentiert. Dar\u00fcber [&hellip;]<\/p>\n","protected":false},"featured_media":9298,"comment_status":"open","ping_status":"closed","template":"","meta":{"_seopress_robots_primary_cat":"","_seopress_titles_title":"","_seopress_titles_desc":"","_seopress_robots_index":""},"product_brand":[],"product_cat":[658],"product_tag":[],"class_list":{"0":"post-19228","1":"product","2":"type-product","3":"status-publish","4":"has-post-thumbnail","6":"product_cat-filter","9":"instock","10":"taxable","11":"shipping-taxable","12":"purchasable","13":"product-type-simple","14":"product-grid-view"},"_links":{"self":[{"href":"https:\/\/greenkingdom.ch\/de\/wp-json\/wp\/v2\/product\/19228","targetHints":{"allow":["GET"]}}],"collection":[{"href":"https:\/\/greenkingdom.ch\/de\/wp-json\/wp\/v2\/product"}],"about":[{"href":"https:\/\/greenkingdom.ch\/de\/wp-json\/wp\/v2\/types\/product"}],"replies":[{"embeddable":true,"href":"https:\/\/greenkingdom.ch\/de\/wp-json\/wp\/v2\/comments?post=19228"}],"version-history":[{"count":0,"href":"https:\/\/greenkingdom.ch\/de\/wp-json\/wp\/v2\/product\/19228\/revisions"}],"wp:featuredmedia":[{"embeddable":true,"href":"https:\/\/greenkingdom.ch\/de\/wp-json\/wp\/v2\/media\/9298"}],"wp:attachment":[{"href":"https:\/\/greenkingdom.ch\/de\/wp-json\/wp\/v2\/media?parent=19228"}],"wp:term":[{"taxonomy":"product_brand","embeddable":true,"href":"https:\/\/greenkingdom.ch\/de\/wp-json\/wp\/v2\/product_brand?post=19228"},{"taxonomy":"product_cat","embeddable":true,"href":"https:\/\/greenkingdom.ch\/de\/wp-json\/wp\/v2\/product_cat?post=19228"},{"taxonomy":"product_tag","embeddable":true,"href":"https:\/\/greenkingdom.ch\/de\/wp-json\/wp\/v2\/product_tag?post=19228"}],"curies":[{"name":"wp","href":"https:\/\/api.w.org\/{rel}","templated":true}]}}