{"id":19236,"date":"2024-10-11T16:39:16","date_gmt":"2024-10-11T14:39:16","guid":{"rendered":"https:\/\/greenkingdom.ch\/product\/ziggi-schwiiz-x-realsteel-420-edition-papiere-urs-wide-box\/"},"modified":"2024-10-11T16:39:16","modified_gmt":"2024-10-11T14:39:16","slug":"ziggi-schwiiz-x-realsteel-420-edition-papiere-urs-wide-box","status":"publish","type":"product","link":"https:\/\/greenkingdom.ch\/de\/produkt\/ziggi-schwiiz-x-realsteel-420-edition-papiere-urs-wide-box\/","title":{"rendered":"Ziggi Schwiiz x Realsteel 420 Edition Papiere URS Wide Box"},"content":{"rendered":"<p>Ziggi Switzerland x Realsteel 420 Edition Papiere URS Wide Entdecken Sie Urs &#8211; das revolution\u00e4re Accessoire zum einfachen Rollen von Gelenken! Das Ultimate Rolling System kombiniert Bl\u00e4ttchen, Filterspitzen und einen Mixer f\u00fcr das perfekte Erlebnis. Spezifikationen:<br \/>\n&#8211; 22 Papierboxen<br \/>\n&#8211; URS Wide Ultra Thin<br \/>\n&#8211; 32 x 110 mm x 53 mm<br \/>\n Papiere- 32 x 55 mm x 25 mm<br \/>\n Filterspitzen- EAN faltbarer Mischer: 0702639869545<\/p>\n","protected":false},"excerpt":{"rendered":"<p>Ziggi Switzerland x Realsteel 420 Edition Papiere URS Wide Entdecken Sie Urs &#8211; das revolution\u00e4re Accessoire zum einfachen Rollen von Gelenken! Das Ultimate Rolling System kombiniert Bl\u00e4ttchen, Filterspitzen und einen Mixer f\u00fcr das perfekte Erlebnis. Spezifikationen: &#8211; 22 Papierboxen &#8211; URS Wide Ultra Thin &#8211; 32 x 110 mm x 53 mm Papiere- 32 x [&hellip;]<\/p>\n","protected":false},"featured_media":9268,"comment_status":"open","ping_status":"closed","template":"","meta":{"_seopress_robots_primary_cat":"","_seopress_titles_title":"","_seopress_titles_desc":"","_seopress_robots_index":""},"product_brand":[],"product_cat":[655],"product_tag":[],"class_list":{"0":"post-19236","1":"product","2":"type-product","3":"status-publish","4":"has-post-thumbnail","6":"product_cat-zigarettenpapier","9":"instock","10":"taxable","11":"shipping-taxable","12":"purchasable","13":"product-type-simple","14":"product-grid-view"},"_links":{"self":[{"href":"https:\/\/greenkingdom.ch\/de\/wp-json\/wp\/v2\/product\/19236","targetHints":{"allow":["GET"]}}],"collection":[{"href":"https:\/\/greenkingdom.ch\/de\/wp-json\/wp\/v2\/product"}],"about":[{"href":"https:\/\/greenkingdom.ch\/de\/wp-json\/wp\/v2\/types\/product"}],"replies":[{"embeddable":true,"href":"https:\/\/greenkingdom.ch\/de\/wp-json\/wp\/v2\/comments?post=19236"}],"version-history":[{"count":0,"href":"https:\/\/greenkingdom.ch\/de\/wp-json\/wp\/v2\/product\/19236\/revisions"}],"wp:featuredmedia":[{"embeddable":true,"href":"https:\/\/greenkingdom.ch\/de\/wp-json\/wp\/v2\/media\/9268"}],"wp:attachment":[{"href":"https:\/\/greenkingdom.ch\/de\/wp-json\/wp\/v2\/media?parent=19236"}],"wp:term":[{"taxonomy":"product_brand","embeddable":true,"href":"https:\/\/greenkingdom.ch\/de\/wp-json\/wp\/v2\/product_brand?post=19236"},{"taxonomy":"product_cat","embeddable":true,"href":"https:\/\/greenkingdom.ch\/de\/wp-json\/wp\/v2\/product_cat?post=19236"},{"taxonomy":"product_tag","embeddable":true,"href":"https:\/\/greenkingdom.ch\/de\/wp-json\/wp\/v2\/product_tag?post=19236"}],"curies":[{"name":"wp","href":"https:\/\/api.w.org\/{rel}","templated":true}]}}