{"id":19299,"date":"2024-10-11T16:36:33","date_gmt":"2024-10-11T14:36:33","guid":{"rendered":"https:\/\/greenkingdom.ch\/product\/dutch-passion-cbd-mazar-10-stueck\/"},"modified":"2024-10-11T16:36:33","modified_gmt":"2024-10-11T14:36:33","slug":"dutch-passion-cbd-mazar-10-stueck","status":"publish","type":"product","link":"https:\/\/greenkingdom.ch\/de\/produkt\/dutch-passion-cbd-mazar-10-stueck\/","title":{"rendered":"Dutch Passion CBD Mazar 10 St\u00fcck"},"content":{"rendered":"<div class=\"value\">\n<h2>Genetik CBD Mazar von Dutch Passion<\/h2>\n<p>Die wachsende Nachfrage nach hochwertigen CBD-Sorten mit niedrigem THC-Gehalt (&lt;1%) steigt stetig. Dutch Passion ist mit seiner kultigen CBD-Sorte Charlotte&#8217;s Angel f\u00fchrend in der Branche und erweitert nun sein Sortiment an CBD-reichen, THC-armen Hanfsamen um einen Newcomer. <\/p>\n<p>CBD Mazar entstand aus dem Zusammentreffen von CBD Charlotte&#8217;s Angel, einer sativadominierten Sorte, und Mazar, einer klassischen und stabilen Indica-Sorte von Dutch Passion.<\/p>\n<p>Mit einem etwas niedrigeren CBD-Gehalt als ihr Vorg\u00e4nger weist CBD Mazar eine CBD-Konzentration von etwa 10-13% auf, w\u00e4hrend ihr THC-Gehalt unter 1% (durchschnittlich 0,4-0,5%) bleibt.<\/p>\n<p>Dank ihres genetischen Hintergrunds als Indica ist CBD Mazar in nur 8 Wochen erntereif, eine Woche fr\u00fcher als CBD Charlotte&#8217;s Angel, wobei ein Outdoor-Zyklus Ende September endet.<\/p>\n<p>Mit einer \u00fcppigen Produktion bietet CBD Mazar dichte und harzige Knospen, die erdige, warme und w\u00fcrzige Aromen verstr\u00f6men. Ideal f\u00fcr die Extraktion und Herstellung von \u00d6len dank seines Harzgehalts. <\/p>\n<h3>Charaktereigenschaften:<\/h3>\n<ul>\n<li>Bl\u00fctezeit: 8 Wochen<\/li>\n<li>Sorte: Indica<\/li>\n<li>CBD: Reich an CBD 10% &#8211; 13%<\/li>\n<li>THC-Gehalt: Niedrig<\/li>\n<\/ul>\n<p><strong>CBD-Saatgutprodukte ausschlie\u00dflich f\u00fcr den pers\u00f6nlichen Gebrauch oder nicht-landwirtschaftliche kommerzielle Zwecke (einschlie\u00dflich Indoor-Anbau ohne Exposition gegen\u00fcber nat\u00fcrlichem Licht und au\u00dferhalb von landwirtschaftlichen Betrieben oder Gartenbaubetrieben).<\/strong><\/p>\n<p><strong>Bitte pr\u00fcfen Sie vor dem Kauf das \u00abHanf-Datenblatt\u00bb des BLW. Wir m\u00f6chten Sie darauf aufmerksam machen, dass einige Regionen eine Deklaration f\u00fcr den Hanfanbau verlangen. <\/strong><\/p>\n<p><strong>Mit dem Kauf von CBD-Samen best\u00e4tigt der Kunde: dass er 18 Jahre oder \u00e4lter ist; Sie haben die oben genannten Nutzungsbedingungen gelesen, halten sich an sie und halten sich an andere geltende Rechts- und Verwaltungsvorschriften.<\/strong><\/p>\n<\/div>\n<div class=\"product attribute ean\"><strong class=\"type\"> <span class=\"value ean\">EAN-8720598991772<\/span><\/strong><\/div>\n","protected":false},"excerpt":{"rendered":"<p>Genetik CBD Mazar von Dutch Passion Die wachsende Nachfrage nach hochwertigen CBD-Sorten mit niedrigem THC-Gehalt (&lt;1%) steigt stetig. Dutch Passion ist mit seiner kultigen CBD-Sorte Charlotte&#8217;s Angel f\u00fchrend in der Branche und erweitert nun sein Sortiment an CBD-reichen, THC-armen Hanfsamen um einen Newcomer. CBD Mazar entstand aus dem Zusammentreffen von CBD Charlotte&#8217;s Angel, einer sativadominierten [&hellip;]<\/p>\n","protected":false},"featured_media":8104,"comment_status":"open","ping_status":"closed","template":"","meta":{"_seopress_robots_primary_cat":"","_seopress_titles_title":"","_seopress_titles_desc":"","_seopress_robots_index":""},"product_brand":[],"product_cat":[541],"product_tag":[],"class_list":{"0":"post-19299","1":"product","2":"type-product","3":"status-publish","4":"has-post-thumbnail","6":"product_cat-samen","9":"instock","10":"taxable","11":"shipping-taxable","12":"purchasable","13":"product-type-simple","14":"product-grid-view"},"_links":{"self":[{"href":"https:\/\/greenkingdom.ch\/de\/wp-json\/wp\/v2\/product\/19299","targetHints":{"allow":["GET"]}}],"collection":[{"href":"https:\/\/greenkingdom.ch\/de\/wp-json\/wp\/v2\/product"}],"about":[{"href":"https:\/\/greenkingdom.ch\/de\/wp-json\/wp\/v2\/types\/product"}],"replies":[{"embeddable":true,"href":"https:\/\/greenkingdom.ch\/de\/wp-json\/wp\/v2\/comments?post=19299"}],"version-history":[{"count":0,"href":"https:\/\/greenkingdom.ch\/de\/wp-json\/wp\/v2\/product\/19299\/revisions"}],"wp:featuredmedia":[{"embeddable":true,"href":"https:\/\/greenkingdom.ch\/de\/wp-json\/wp\/v2\/media\/8104"}],"wp:attachment":[{"href":"https:\/\/greenkingdom.ch\/de\/wp-json\/wp\/v2\/media?parent=19299"}],"wp:term":[{"taxonomy":"product_brand","embeddable":true,"href":"https:\/\/greenkingdom.ch\/de\/wp-json\/wp\/v2\/product_brand?post=19299"},{"taxonomy":"product_cat","embeddable":true,"href":"https:\/\/greenkingdom.ch\/de\/wp-json\/wp\/v2\/product_cat?post=19299"},{"taxonomy":"product_tag","embeddable":true,"href":"https:\/\/greenkingdom.ch\/de\/wp-json\/wp\/v2\/product_tag?post=19299"}],"curies":[{"name":"wp","href":"https:\/\/api.w.org\/{rel}","templated":true}]}}