{"id":19315,"date":"2024-10-11T16:36:34","date_gmt":"2024-10-11T14:36:34","guid":{"rendered":"https:\/\/greenkingdom.ch\/product\/high-level-genetics-seeds-melonade-3pcs-fem\/"},"modified":"2024-10-11T16:36:34","modified_gmt":"2024-10-11T14:36:34","slug":"high-level-genetics-seeds-melonade-3pcs-fem","status":"publish","type":"product","link":"https:\/\/greenkingdom.ch\/de\/produkt\/high-level-genetics-seeds-melonade-3pcs-fem\/","title":{"rendered":"High Level Genetics Seeds Melonade 3pcs fem"},"content":{"rendered":"<p>Entdecke die k\u00f6stliche Melonade von High Level Genetics, eine Pflanze mit einem bet\u00f6renden Duft und fruchtigen, cremigen Aromen. Sie ist einfach anzubauen und bietet gro\u00dfz\u00fcgige und zuverl\u00e4ssige Ertr\u00e4ge. \ud83c\udf3f Eigenschaften:<br \/>\n&#8211; Ertrag: Mittel<br \/>\n&#8211; Sativa\/Indica-Hybride: 70\/30<br \/>\n&#8211; Bl\u00fctezeit: 8-9 Wochen<br \/>\n&#8211; Schwierigkeitsgrad: Mittel<br \/>\n&#8211; Ernte im Freien: Ende Oktober<br \/>\n&#8211; Geschmack: Sauer, fruchtig, s\u00fc\u00df, cremig<br \/>\n&#8211; Inhalt: bis zu 18% CBD \/ 0,7% THC \u2728 EAN: 0609411840979 Erliegen Sie der Versuchung von Melonade und lassen Sie sich von ihren k\u00f6stlichen aromatischen Noten mitrei\u00dfen.  <\/p>\n","protected":false},"excerpt":{"rendered":"<p>Entdecke die k\u00f6stliche Melonade von High Level Genetics, eine Pflanze mit einem bet\u00f6renden Duft und fruchtigen, cremigen Aromen. Sie ist einfach anzubauen und bietet gro\u00dfz\u00fcgige und zuverl\u00e4ssige Ertr\u00e4ge. \ud83c\udf3f Eigenschaften: &#8211; Ertrag: Mittel &#8211; Sativa\/Indica-Hybride: 70\/30 &#8211; Bl\u00fctezeit: 8-9 Wochen &#8211; Schwierigkeitsgrad: Mittel &#8211; Ernte im Freien: Ende Oktober &#8211; Geschmack: Sauer, fruchtig, s\u00fc\u00df, cremig [&hellip;]<\/p>\n","protected":false},"featured_media":8158,"comment_status":"open","ping_status":"closed","template":"","meta":{"_seopress_robots_primary_cat":"","_seopress_titles_title":"","_seopress_titles_desc":"","_seopress_robots_index":""},"product_brand":[],"product_cat":[541],"product_tag":[],"class_list":{"0":"post-19315","1":"product","2":"type-product","3":"status-publish","4":"has-post-thumbnail","6":"product_cat-samen","9":"instock","10":"taxable","11":"shipping-taxable","12":"purchasable","13":"product-type-simple","14":"product-grid-view"},"_links":{"self":[{"href":"https:\/\/greenkingdom.ch\/de\/wp-json\/wp\/v2\/product\/19315","targetHints":{"allow":["GET"]}}],"collection":[{"href":"https:\/\/greenkingdom.ch\/de\/wp-json\/wp\/v2\/product"}],"about":[{"href":"https:\/\/greenkingdom.ch\/de\/wp-json\/wp\/v2\/types\/product"}],"replies":[{"embeddable":true,"href":"https:\/\/greenkingdom.ch\/de\/wp-json\/wp\/v2\/comments?post=19315"}],"version-history":[{"count":0,"href":"https:\/\/greenkingdom.ch\/de\/wp-json\/wp\/v2\/product\/19315\/revisions"}],"wp:featuredmedia":[{"embeddable":true,"href":"https:\/\/greenkingdom.ch\/de\/wp-json\/wp\/v2\/media\/8158"}],"wp:attachment":[{"href":"https:\/\/greenkingdom.ch\/de\/wp-json\/wp\/v2\/media?parent=19315"}],"wp:term":[{"taxonomy":"product_brand","embeddable":true,"href":"https:\/\/greenkingdom.ch\/de\/wp-json\/wp\/v2\/product_brand?post=19315"},{"taxonomy":"product_cat","embeddable":true,"href":"https:\/\/greenkingdom.ch\/de\/wp-json\/wp\/v2\/product_cat?post=19315"},{"taxonomy":"product_tag","embeddable":true,"href":"https:\/\/greenkingdom.ch\/de\/wp-json\/wp\/v2\/product_tag?post=19315"}],"curies":[{"name":"wp","href":"https:\/\/api.w.org\/{rel}","templated":true}]}}