{"id":19318,"date":"2024-10-11T16:36:34","date_gmt":"2024-10-11T14:36:34","guid":{"rendered":"https:\/\/greenkingdom.ch\/product\/high-level-genetics-seeds-mailboo-3pcs-fem\/"},"modified":"2024-10-11T16:36:34","modified_gmt":"2024-10-11T14:36:34","slug":"high-level-genetics-seeds-mailboo-3pcs-fem","status":"publish","type":"product","link":"https:\/\/greenkingdom.ch\/de\/produkt\/high-level-genetics-seeds-mailboo-3pcs-fem\/","title":{"rendered":"High Level Genetics Seeds Mailboo 3pcs fem"},"content":{"rendered":"<p>Lerne Maliboo kennen, die neueste Sorte von High Level Genetics, die sorgf\u00e4ltig gez\u00fcchtet wurde, um ein einzigartiges Terpenprofil und saftige Bl\u00fcten zu liefern. Lassen Sie sich von seinem bet\u00f6renden Duft nach tropischen Fr\u00fcchten \u00fcberraschen. Diese Sativa\/Indica-Hybride ist einfach anzubauen und wird mit ihren intensiven und fruchtigen Aromen anspruchsvolle Gaumen erfreuen. Genie\u00dfe einen durchschnittlichen Ertrag und au\u00dfergew\u00f6hnliche CBD-Werte von bis zu 19% und nur 0,8% THC. Machen Sie sich bereit f\u00fcr ein unvergleichliches Geschmackserlebnis mit Maliboo.    <\/p>\n","protected":false},"excerpt":{"rendered":"<p>Lerne Maliboo kennen, die neueste Sorte von High Level Genetics, die sorgf\u00e4ltig gez\u00fcchtet wurde, um ein einzigartiges Terpenprofil und saftige Bl\u00fcten zu liefern. Lassen Sie sich von seinem bet\u00f6renden Duft nach tropischen Fr\u00fcchten \u00fcberraschen. Diese Sativa\/Indica-Hybride ist einfach anzubauen und wird mit ihren intensiven und fruchtigen Aromen anspruchsvolle Gaumen erfreuen. Genie\u00dfe einen durchschnittlichen Ertrag und [&hellip;]<\/p>\n","protected":false},"featured_media":8167,"comment_status":"open","ping_status":"closed","template":"","meta":{"_seopress_robots_primary_cat":"","_seopress_titles_title":"","_seopress_titles_desc":"","_seopress_robots_index":""},"product_brand":[],"product_cat":[541],"product_tag":[],"class_list":{"0":"post-19318","1":"product","2":"type-product","3":"status-publish","4":"has-post-thumbnail","6":"product_cat-samen","9":"instock","10":"taxable","11":"shipping-taxable","12":"purchasable","13":"product-type-simple","14":"product-grid-view"},"_links":{"self":[{"href":"https:\/\/greenkingdom.ch\/de\/wp-json\/wp\/v2\/product\/19318","targetHints":{"allow":["GET"]}}],"collection":[{"href":"https:\/\/greenkingdom.ch\/de\/wp-json\/wp\/v2\/product"}],"about":[{"href":"https:\/\/greenkingdom.ch\/de\/wp-json\/wp\/v2\/types\/product"}],"replies":[{"embeddable":true,"href":"https:\/\/greenkingdom.ch\/de\/wp-json\/wp\/v2\/comments?post=19318"}],"version-history":[{"count":0,"href":"https:\/\/greenkingdom.ch\/de\/wp-json\/wp\/v2\/product\/19318\/revisions"}],"wp:featuredmedia":[{"embeddable":true,"href":"https:\/\/greenkingdom.ch\/de\/wp-json\/wp\/v2\/media\/8167"}],"wp:attachment":[{"href":"https:\/\/greenkingdom.ch\/de\/wp-json\/wp\/v2\/media?parent=19318"}],"wp:term":[{"taxonomy":"product_brand","embeddable":true,"href":"https:\/\/greenkingdom.ch\/de\/wp-json\/wp\/v2\/product_brand?post=19318"},{"taxonomy":"product_cat","embeddable":true,"href":"https:\/\/greenkingdom.ch\/de\/wp-json\/wp\/v2\/product_cat?post=19318"},{"taxonomy":"product_tag","embeddable":true,"href":"https:\/\/greenkingdom.ch\/de\/wp-json\/wp\/v2\/product_tag?post=19318"}],"curies":[{"name":"wp","href":"https:\/\/api.w.org\/{rel}","templated":true}]}}