{"id":19323,"date":"2024-10-11T16:36:34","date_gmt":"2024-10-11T14:36:34","guid":{"rendered":"https:\/\/greenkingdom.ch\/product\/sweet-seeds-sweet-pure-cbd-52-stk\/"},"modified":"2024-10-11T16:36:34","modified_gmt":"2024-10-11T14:36:34","slug":"sweet-seeds-sweet-pure-cbd-52-stk","status":"publish","type":"product","link":"https:\/\/greenkingdom.ch\/de\/produkt\/sweet-seeds-sweet-pure-cbd-52-stk\/","title":{"rendered":"Sweet Seeds Sweet Pure CBD 5+2 Stk."},"content":{"rendered":"<h3>S\u00fc\u00dfe Samen S\u00fc\u00df Rein<\/h3>\n<ul>\n<li>Sorte SWS65<\/li>\n<li>Indica: 40% \/ Sativa: 60%<\/li>\n<li>THC-Gehalt: 0,4-1% &#8211; CBD-Gehalt: 8-15%<\/li>\n<li>THC:CBD-Verh\u00e4ltnis: (1:15-1:20)<\/li>\n<li>Ertrag Indoor: 400-500 g\/m2<\/li>\n<li>Ertrag im Freien: 375-600 g\/Pflanze<\/li>\n<li>Bl\u00fctezeit Indoor: 9 Wochen<\/li>\n<li>Ernte im Freien: Ende September<\/li>\n<\/ul>\n<p>Entdecken Sie die erste &#8222;reine CBD&#8220;-Cannabissorte von Sweet Seeds\u00ae, die einen THC-Gehalt von weniger als 1% und eine hohe Konzentration an Cannabidiol (CBD) bietet. Diese Sorte ist perfekt f\u00fcr medizinische Cannabiskonsumenten geeignet und garantiert ein Erlebnis ohne die psychotropen Wirkungen von THC. <\/p>\n<p>Sweet Pure CBD\u00ae (SWS65) weist ein THC:CBD-Gleichgewicht von etwa 1:15 &#8211; 1:20 auf und kombiniert einen THC-Gehalt von 0,4-1% mit einem CBD-Gehalt von 8-15%.<\/p>\n<p>Diese Sorte ist das Ergebnis von zwei Generationen der Selbstbest\u00e4ubung (S2) eines CBD-Klons aus der Diesel-Familie und offenbart ein s\u00fc\u00dfes und fruchtiges Aroma mit Zitrusnoten von Mandarine, verziert mit subtilen Akzenten frischer Zypresse.<\/p>\n<p>Mit einer Indica-Sativa-Hybridstruktur sticht die Sativa-Dominanz bei Sweet Pure CBD\u00ae hervor.<\/p>\n","protected":false},"excerpt":{"rendered":"<p>S\u00fc\u00dfe Samen S\u00fc\u00df Rein Sorte SWS65 Indica: 40% \/ Sativa: 60% THC-Gehalt: 0,4-1% &#8211; CBD-Gehalt: 8-15% THC:CBD-Verh\u00e4ltnis: (1:15-1:20) Ertrag Indoor: 400-500 g\/m2 Ertrag im Freien: 375-600 g\/Pflanze Bl\u00fctezeit Indoor: 9 Wochen Ernte im Freien: Ende September Entdecken Sie die erste &#8222;reine CBD&#8220;-Cannabissorte von Sweet Seeds\u00ae, die einen THC-Gehalt von weniger als 1% und eine hohe [&hellip;]<\/p>\n","protected":false},"featured_media":8134,"comment_status":"open","ping_status":"closed","template":"","meta":{"_seopress_robots_primary_cat":"","_seopress_titles_title":"","_seopress_titles_desc":"","_seopress_robots_index":""},"product_brand":[],"product_cat":[541],"product_tag":[],"class_list":{"0":"post-19323","1":"product","2":"type-product","3":"status-publish","4":"has-post-thumbnail","6":"product_cat-samen","9":"instock","10":"taxable","11":"shipping-taxable","12":"purchasable","13":"product-type-simple","14":"product-grid-view"},"_links":{"self":[{"href":"https:\/\/greenkingdom.ch\/de\/wp-json\/wp\/v2\/product\/19323","targetHints":{"allow":["GET"]}}],"collection":[{"href":"https:\/\/greenkingdom.ch\/de\/wp-json\/wp\/v2\/product"}],"about":[{"href":"https:\/\/greenkingdom.ch\/de\/wp-json\/wp\/v2\/types\/product"}],"replies":[{"embeddable":true,"href":"https:\/\/greenkingdom.ch\/de\/wp-json\/wp\/v2\/comments?post=19323"}],"version-history":[{"count":0,"href":"https:\/\/greenkingdom.ch\/de\/wp-json\/wp\/v2\/product\/19323\/revisions"}],"wp:featuredmedia":[{"embeddable":true,"href":"https:\/\/greenkingdom.ch\/de\/wp-json\/wp\/v2\/media\/8134"}],"wp:attachment":[{"href":"https:\/\/greenkingdom.ch\/de\/wp-json\/wp\/v2\/media?parent=19323"}],"wp:term":[{"taxonomy":"product_brand","embeddable":true,"href":"https:\/\/greenkingdom.ch\/de\/wp-json\/wp\/v2\/product_brand?post=19323"},{"taxonomy":"product_cat","embeddable":true,"href":"https:\/\/greenkingdom.ch\/de\/wp-json\/wp\/v2\/product_cat?post=19323"},{"taxonomy":"product_tag","embeddable":true,"href":"https:\/\/greenkingdom.ch\/de\/wp-json\/wp\/v2\/product_tag?post=19323"}],"curies":[{"name":"wp","href":"https:\/\/api.w.org\/{rel}","templated":true}]}}