{"id":19326,"date":"2024-10-11T16:36:34","date_gmt":"2024-10-11T14:36:34","guid":{"rendered":"https:\/\/greenkingdom.ch\/product\/high-level-genetics-seeds-bombastic-berry-3pcs-fem\/"},"modified":"2024-10-11T16:36:34","modified_gmt":"2024-10-11T14:36:34","slug":"high-level-genetics-seeds-bombastic-berry-3pcs-fem","status":"publish","type":"product","link":"https:\/\/greenkingdom.ch\/de\/produkt\/high-level-genetics-seeds-bombastic-berry-3pcs-fem\/","title":{"rendered":"High Level Genetics Seeds Bombastic Berry 3pcs fem"},"content":{"rendered":"<p>Erlebe die Bombastic Berry Sensation von High Level Genetics, ein Ertragsmonster mit einem intensiven Duft nach verschiedenen Beeren und Haschisch. Diese Pflanzen wachsen schnell und sind pflegeleicht und produzieren unglaublich dichte, harzige Bl\u00fcten. Mit einem hohen Ertrag und einem Sativa\/Indica-Verh\u00e4ltnis von 30\/70 bietet diese Sorte einen fruchtigen und s\u00fc\u00dfen Geschmack. Sie ist einfach im Zuchtzelt anzubauen und kann Ende September geerntet werden. Genie\u00dfe einen CBD-Gehalt von bis zu 20% und 0,6% THC. EAN-Referenz: 0609411840986.     <\/p>\n","protected":false},"excerpt":{"rendered":"<p>Erlebe die Bombastic Berry Sensation von High Level Genetics, ein Ertragsmonster mit einem intensiven Duft nach verschiedenen Beeren und Haschisch. Diese Pflanzen wachsen schnell und sind pflegeleicht und produzieren unglaublich dichte, harzige Bl\u00fcten. Mit einem hohen Ertrag und einem Sativa\/Indica-Verh\u00e4ltnis von 30\/70 bietet diese Sorte einen fruchtigen und s\u00fc\u00dfen Geschmack. Sie ist einfach im Zuchtzelt [&hellip;]<\/p>\n","protected":false},"featured_media":8140,"comment_status":"open","ping_status":"closed","template":"","meta":{"_seopress_robots_primary_cat":"","_seopress_titles_title":"","_seopress_titles_desc":"","_seopress_robots_index":""},"product_brand":[],"product_cat":[541],"product_tag":[],"class_list":{"0":"post-19326","1":"product","2":"type-product","3":"status-publish","4":"has-post-thumbnail","6":"product_cat-samen","9":"instock","10":"taxable","11":"shipping-taxable","12":"purchasable","13":"product-type-simple","14":"product-grid-view"},"_links":{"self":[{"href":"https:\/\/greenkingdom.ch\/de\/wp-json\/wp\/v2\/product\/19326","targetHints":{"allow":["GET"]}}],"collection":[{"href":"https:\/\/greenkingdom.ch\/de\/wp-json\/wp\/v2\/product"}],"about":[{"href":"https:\/\/greenkingdom.ch\/de\/wp-json\/wp\/v2\/types\/product"}],"replies":[{"embeddable":true,"href":"https:\/\/greenkingdom.ch\/de\/wp-json\/wp\/v2\/comments?post=19326"}],"version-history":[{"count":0,"href":"https:\/\/greenkingdom.ch\/de\/wp-json\/wp\/v2\/product\/19326\/revisions"}],"wp:featuredmedia":[{"embeddable":true,"href":"https:\/\/greenkingdom.ch\/de\/wp-json\/wp\/v2\/media\/8140"}],"wp:attachment":[{"href":"https:\/\/greenkingdom.ch\/de\/wp-json\/wp\/v2\/media?parent=19326"}],"wp:term":[{"taxonomy":"product_brand","embeddable":true,"href":"https:\/\/greenkingdom.ch\/de\/wp-json\/wp\/v2\/product_brand?post=19326"},{"taxonomy":"product_cat","embeddable":true,"href":"https:\/\/greenkingdom.ch\/de\/wp-json\/wp\/v2\/product_cat?post=19326"},{"taxonomy":"product_tag","embeddable":true,"href":"https:\/\/greenkingdom.ch\/de\/wp-json\/wp\/v2\/product_tag?post=19326"}],"curies":[{"name":"wp","href":"https:\/\/api.w.org\/{rel}","templated":true}]}}