{"id":19329,"date":"2024-10-11T16:36:34","date_gmt":"2024-10-11T14:36:34","guid":{"rendered":"https:\/\/greenkingdom.ch\/product\/dutch-passion-auto-cbd-victory-3-stueck\/"},"modified":"2024-10-11T16:36:34","modified_gmt":"2024-10-11T14:36:34","slug":"dutch-passion-auto-cbd-victory-3-stueck","status":"publish","type":"product","link":"https:\/\/greenkingdom.ch\/de\/produkt\/dutch-passion-auto-cbd-victory-3-stueck\/","title":{"rendered":"Dutch Passion Auto CBD Victory 3 St\u00fcck"},"content":{"rendered":"<p>Entdecken Sie Dutch Passion&#8217;s Auto CBD Victory Auto CBD-Victory verstr\u00f6mt ein k\u00f6stliches holziges und blumiges Aroma, erg\u00e4nzt durch Noten von Kiefer, Nadelholz und Rose. Ihr leicht fruchtiger Geschmack wird durch s\u00e4uerliche und s\u00fc\u00dfe blumige Noten verst\u00e4rkt und bietet ein angenehmes und sehr weiches Raucherlebnis. Dieser hervorragende selbstbl\u00fchende Hybridsamen, der reich an CBDV ist, zeichnet sich durch sein ausgepr\u00e4gtes, komplexes und \u00e4u\u00dferst angenehmes Terpenprofil aus. Mit einem hohen CBDV- und CBD-Gehalt und einem sehr niedrigen THC-Gehalt ist Auto CBD-Victory eine einzigartige selbstbl\u00fchende Sorte, die ein entspanntes und klares &#8222;High&#8220; ohne psychoaktive Wirkung bietet. Diese Sorte zeichnet sich durch ein einzigartiges Cannabinoidprofil mit einer hohen CBDV-Konzentration und einem ausgewogenen Verh\u00e4ltnis von CBD zu CBDV in den Knospen aus, das zwischen 4\u20136% liegt. Die Genetik von Auto CBD-Victory ist das Ergebnis von 4 Jahren Entwicklung, mit einem Genpool von Research Genetics als Grundlage, was zu einer stabilen, einheitlichen und ertragreichen autoflowering Sorte f\u00fchrt, die aufgrund ihres geringen THC-Gehalts perfekt f\u00fcr lizenzierte Produzenten von CBD-Pflanzen geeignet ist. Spezifikationen:<br \/>\n&#8211; Bl\u00fctezeit: ca. 13 Wochen<br \/>\n&#8211; Sorte: Hybrid<br \/>\n&#8211; CBD-Gehalt: 4-6%<br \/>\n&#8211; THC: Niedrig<br \/>\n&#8211; CBDV: 4-6% CBD-Samen sind f\u00fcr den privaten oder kommerziellen Gebrauch au\u00dferhalb der Landwirtschaft bestimmt und ihre Verwendung unterliegt strengen Vorschriften. Informieren Sie sich vor dem Kauf \u00fcber die \u00f6rtlichen Vorschriften f\u00fcr den ordnungsgem\u00e4\u00dfen Gebrauch. EAN: 8720598991857<\/p>\n","protected":false},"excerpt":{"rendered":"<p>Entdecken Sie Dutch Passion&#8217;s Auto CBD Victory Auto CBD-Victory verstr\u00f6mt ein k\u00f6stliches holziges und blumiges Aroma, erg\u00e4nzt durch Noten von Kiefer, Nadelholz und Rose. Ihr leicht fruchtiger Geschmack wird durch s\u00e4uerliche und s\u00fc\u00dfe blumige Noten verst\u00e4rkt und bietet ein angenehmes und sehr weiches Raucherlebnis. Dieser hervorragende selbstbl\u00fchende Hybridsamen, der reich an CBDV ist, zeichnet sich [&hellip;]<\/p>\n","protected":false},"featured_media":8125,"comment_status":"open","ping_status":"closed","template":"","meta":{"_seopress_robots_primary_cat":"","_seopress_titles_title":"","_seopress_titles_desc":"","_seopress_robots_index":""},"product_brand":[],"product_cat":[541],"product_tag":[],"class_list":{"0":"post-19329","1":"product","2":"type-product","3":"status-publish","4":"has-post-thumbnail","6":"product_cat-samen","9":"instock","10":"taxable","11":"shipping-taxable","12":"purchasable","13":"product-type-simple","14":"product-grid-view"},"_links":{"self":[{"href":"https:\/\/greenkingdom.ch\/de\/wp-json\/wp\/v2\/product\/19329","targetHints":{"allow":["GET"]}}],"collection":[{"href":"https:\/\/greenkingdom.ch\/de\/wp-json\/wp\/v2\/product"}],"about":[{"href":"https:\/\/greenkingdom.ch\/de\/wp-json\/wp\/v2\/types\/product"}],"replies":[{"embeddable":true,"href":"https:\/\/greenkingdom.ch\/de\/wp-json\/wp\/v2\/comments?post=19329"}],"version-history":[{"count":0,"href":"https:\/\/greenkingdom.ch\/de\/wp-json\/wp\/v2\/product\/19329\/revisions"}],"wp:featuredmedia":[{"embeddable":true,"href":"https:\/\/greenkingdom.ch\/de\/wp-json\/wp\/v2\/media\/8125"}],"wp:attachment":[{"href":"https:\/\/greenkingdom.ch\/de\/wp-json\/wp\/v2\/media?parent=19329"}],"wp:term":[{"taxonomy":"product_brand","embeddable":true,"href":"https:\/\/greenkingdom.ch\/de\/wp-json\/wp\/v2\/product_brand?post=19329"},{"taxonomy":"product_cat","embeddable":true,"href":"https:\/\/greenkingdom.ch\/de\/wp-json\/wp\/v2\/product_cat?post=19329"},{"taxonomy":"product_tag","embeddable":true,"href":"https:\/\/greenkingdom.ch\/de\/wp-json\/wp\/v2\/product_tag?post=19329"}],"curies":[{"name":"wp","href":"https:\/\/api.w.org\/{rel}","templated":true}]}}